{"id":710633,"date":"2025-08-27T16:37:54","date_gmt":"2025-08-27T13:37:54","guid":{"rendered":"https:\/\/roveyayinevi.com.tr\/index.php\/urun\/dune-tanri-imparatoru\/"},"modified":"2026-04-16T02:19:22","modified_gmt":"2026-04-15T23:19:22","slug":"dune-tanri-imparatoru","status":"publish","type":"product","link":"https:\/\/roveyayinevi.com.tr\/index.php\/urun\/dune-tanri-imparatoru\/","title":{"rendered":"Dune Tanr\u0131 \u0130mparatoru"},"content":{"rendered":"<p>Bilimkurgu edebiyat\u0131n\u0131n en m\u00fchim anlat\u0131lar\u0131ndan biri olan Dune efsanesi d\u00f6rd\u00fcnc\u00fc kitap Dune Tanr\u0131 \u0130mparatoru ile devam ediyor. Dune \u00c7ocuklar\u0131\u2019ndaki olaylar\u0131n \u00fczerinden \u00fc\u00e7 bin y\u0131ldan fazla ge\u00e7mi\u015ftir. Dune art\u0131k \u00e7ok farkl\u0131 bir gezegendir. Fakat de\u011fi\u015fmeyen bir \u015fey var: Dune\u2019un Tanr\u0131 \u0130mparatoru II. Leto. Dune ad\u0131yla bilinen Arrakis gezegeninden evreni kontrol eden Tanr\u0131 \u0130mparator II. Leto, evrene daha \u00f6nce tatmad\u0131\u011f\u0131 uzunlukta bir bar\u0131\u015f getirmi\u015fti. Fakat son yakla\u015f\u0131yordu. \u0130nsanl\u0131\u011f\u0131n evrimini ve gelece\u011fini tayin edebilecek tek ki\u015fi olan Tanr\u0131 \u0130mparator II. Leto nihai zaferine ula\u015fmak i\u00e7in \u00e7ok b\u00fcy\u00fck bir fedak\u00e2rl\u0131kta bulunmal\u0131yd\u0131\u2026 <\/p>\n","protected":false},"excerpt":{"rendered":"<p>Bilimkurgu edebiyat\u0131n\u0131n en m\u00fchim anlat\u0131lar\u0131ndan biri olan Dune efsanesi d\u00f6rd\u00fcnc\u00fc kitap Dune Tanr\u0131 \u0130mparatoru ile devam ediyor. Dune \u00c7ocuklar\u0131\u2019ndaki olaylar\u0131n \u00fczerinden \u00fc\u00e7 bin y\u0131ldan fazla ge\u00e7mi\u015ftir.<span class=\"excerpt-hellip\"> [\u2026]<\/span><\/p>\n","protected":false},"featured_media":0,"template":"","meta":{"_monsterinsights_skip_tracking":false,"_monsterinsights_sitenote_active":false,"_monsterinsights_sitenote_note":"","_monsterinsights_sitenote_category":0},"product_brand":[],"product_cat":[12540,12291],"product_tag":[],"class_list":{"0":"post-710633","1":"product","2":"type-product","3":"status-publish","5":"product_cat-bilim-kurgu","6":"product_cat-edebiyat","7":"pa_cilt-ciltsiz","8":"pa_tur-kitap","9":"pa_yayinevi-ithaki-yayinlari","10":"pa_yazar-frank-herbert","12":"first","13":"instock","14":"sale","15":"shipping-taxable","16":"purchasable","17":"product-type-simple"},"_links":{"self":[{"href":"https:\/\/roveyayinevi.com.tr\/index.php\/wp-json\/wp\/v2\/product\/710633","targetHints":{"allow":["GET"]}}],"collection":[{"href":"https:\/\/roveyayinevi.com.tr\/index.php\/wp-json\/wp\/v2\/product"}],"about":[{"href":"https:\/\/roveyayinevi.com.tr\/index.php\/wp-json\/wp\/v2\/types\/product"}],"wp:attachment":[{"href":"https:\/\/roveyayinevi.com.tr\/index.php\/wp-json\/wp\/v2\/media?parent=710633"}],"wp:term":[{"taxonomy":"product_brand","embeddable":true,"href":"https:\/\/roveyayinevi.com.tr\/index.php\/wp-json\/wp\/v2\/product_brand?post=710633"},{"taxonomy":"product_cat","embeddable":true,"href":"https:\/\/roveyayinevi.com.tr\/index.php\/wp-json\/wp\/v2\/product_cat?post=710633"},{"taxonomy":"product_tag","embeddable":true,"href":"https:\/\/roveyayinevi.com.tr\/index.php\/wp-json\/wp\/v2\/product_tag?post=710633"}],"curies":[{"name":"wp","href":"https:\/\/api.w.org\/{rel}","templated":true}]}}