{"id":710632,"date":"2025-08-27T16:37:54","date_gmt":"2025-08-27T13:37:54","guid":{"rendered":"https:\/\/roveyayinevi.com.tr\/index.php\/urun\/gokkusagi-mavi-seri-iki-sehrin-hikayesi\/"},"modified":"2026-04-16T02:19:22","modified_gmt":"2026-04-15T23:19:22","slug":"gokkusagi-mavi-seri-iki-sehrin-hikayesi","status":"publish","type":"product","link":"https:\/\/roveyayinevi.com.tr\/index.php\/urun\/gokkusagi-mavi-seri-iki-sehrin-hikayesi\/","title":{"rendered":"G\u00f6kku\u015fa\u011f\u0131 Mavi Seri &#8211; \u0130ki \u015eehrin Hikayesi"},"content":{"rendered":"<p>\u0130ki \u015eehrin Hik\u00e2yesi, Charles Dickens\u2019\u0131n eserinden uyarlanm\u0131\u015ft\u0131r. T\u00fcm zamanlar\u0131n en iyisi ve t\u00fcm zamanlar\u0131n en k\u00f6t\u00fcs\u00fc\u2026 \u0130ki \u015fehir\u2026 Londra ve Paris\u2026 Frans\u0131z Devrimi t\u00fcm h\u0131z\u0131yla devam ederken, hayatlar\u0131 sonsuza dek de\u011fi\u015fmek \u00fczere olan iki insan\u2026   Sydney Carton ve Charles Darnay\u2026 Yoksulluk, sefalet, ac\u0131mas\u0131zl\u0131k, iyilik, \u00f6zveri ve umudun hik\u00e2yesi\u2026 <\/p>\n","protected":false},"excerpt":{"rendered":"<p>\u0130ki \u015eehrin Hik\u00e2yesi, Charles Dickens\u2019\u0131n eserinden uyarlanm\u0131\u015ft\u0131r. T\u00fcm zamanlar\u0131n en iyisi ve t\u00fcm zamanlar\u0131n en k\u00f6t\u00fcs\u00fc\u2026 \u0130ki \u015fehir\u2026 Londra ve Paris\u2026 Frans\u0131z Devrimi t\u00fcm h\u0131z\u0131yla devam<span class=\"excerpt-hellip\"> [\u2026]<\/span><\/p>\n","protected":false},"featured_media":0,"template":"","meta":{"_monsterinsights_skip_tracking":false,"_monsterinsights_sitenote_active":false,"_monsterinsights_sitenote_note":"","_monsterinsights_sitenote_category":0},"product_brand":[],"product_cat":[12274,12467],"product_tag":[],"class_list":{"0":"post-710632","1":"product","2":"type-product","3":"status-publish","5":"product_cat-cocuk-ve-genclik-kitaplari","6":"product_cat-dunya-klasikleri","7":"pa_cilt-ciltsiz","8":"pa_tur-kitap","9":"pa_yayinevi-arkadas-yayinlari","10":"pa_yazar-charles-dickens","12":"first","13":"instock","14":"sale","15":"shipping-taxable","16":"purchasable","17":"product-type-simple"},"_links":{"self":[{"href":"https:\/\/roveyayinevi.com.tr\/index.php\/wp-json\/wp\/v2\/product\/710632","targetHints":{"allow":["GET"]}}],"collection":[{"href":"https:\/\/roveyayinevi.com.tr\/index.php\/wp-json\/wp\/v2\/product"}],"about":[{"href":"https:\/\/roveyayinevi.com.tr\/index.php\/wp-json\/wp\/v2\/types\/product"}],"wp:attachment":[{"href":"https:\/\/roveyayinevi.com.tr\/index.php\/wp-json\/wp\/v2\/media?parent=710632"}],"wp:term":[{"taxonomy":"product_brand","embeddable":true,"href":"https:\/\/roveyayinevi.com.tr\/index.php\/wp-json\/wp\/v2\/product_brand?post=710632"},{"taxonomy":"product_cat","embeddable":true,"href":"https:\/\/roveyayinevi.com.tr\/index.php\/wp-json\/wp\/v2\/product_cat?post=710632"},{"taxonomy":"product_tag","embeddable":true,"href":"https:\/\/roveyayinevi.com.tr\/index.php\/wp-json\/wp\/v2\/product_tag?post=710632"}],"curies":[{"name":"wp","href":"https:\/\/api.w.org\/{rel}","templated":true}]}}