{"id":710630,"date":"2025-08-27T16:37:52","date_gmt":"2025-08-27T13:37:52","guid":{"rendered":"https:\/\/roveyayinevi.com.tr\/index.php\/urun\/lenin-2017-hatirlamak-tekrarlamak-ve-kafa-yormak\/"},"modified":"2026-04-16T02:19:22","modified_gmt":"2026-04-15T23:19:22","slug":"lenin-2017-hatirlamak-tekrarlamak-ve-kafa-yormak","status":"publish","type":"product","link":"https:\/\/roveyayinevi.com.tr\/index.php\/urun\/lenin-2017-hatirlamak-tekrarlamak-ve-kafa-yormak\/","title":{"rendered":"Lenin 2017 (Hat\u0131rlamak, Tekrarlamak ve Kafa Yormak)"},"content":{"rendered":"<p>Bol\u015fevik Devrimi, \u00fczerinden tam y\u00fcz y\u0131l ge\u00e7mesine ra\u011fmen, sebepleri, sonu\u00e7lar\u0131, ortaya \u00e7\u0131kard\u0131klar\u0131 ve tart\u0131\u015fmalar\u0131yla tarihin \u00f6nemli mihenk ta\u015flar\u0131ndan biri. \u201cBar\u0131\u015f, ekmek ve adalet\u201d slogan\u0131yla iktidara gelip, bu iktidar\u0131 Sovyetler, yani halk meclisleri \u00fczerinde temellendiren Bol\u015fevikler, d\u00fcnyan\u0131n ezilen t\u00fcm emek\u00e7i halklar\u0131na \u00f6rnek te\u015fkil ettiler. Bug\u00fcn Ekim Devrimi\u2019yle kurulan Sovyetler Birli\u011fi art\u0131k mevcut olmasa da, kapitalizm ve emperyalizmin bask\u0131s\u0131, s\u00f6m\u00fcr\u00fcs\u00fc, \u00e7evre tahribatlar\u0131 kar\u015f\u0131s\u0131nda direnenler bu devrimin deneyiminden h\u00e2l\u00e2 yararlanmaktalar. Dahas\u0131 bu devrimin arkas\u0131ndaki b\u00fcy\u00fck fikir adam\u0131, siyaset\u00e7i ve devrimci insan\u0131n, yani Lenin\u2019in teorilerine, eylemlerine ve d\u00fc\u015f\u00fcncelerine h\u00e2l\u00e2 \u00e7ok b\u00fcy\u00fck bir ilgiyle yakla\u015fmaktalar.\u017di\u017eek elinizde tuttu\u011funuz derlemesinde, Lenin\u2019in devrimci karakteri ve d\u00fc\u015f\u00fcncelerinin g\u00fcncelli\u011fini vurguluyor. \u00d6zellikle ya\u015fam\u0131n\u0131n son g\u00fcnlerinde yazd\u0131\u011f\u0131 mektuplar, konu\u015fmalar, denemeler ve yorumlar \u00fczerinden Lenin\u2019in siyasi ki\u015fili\u011fi, y\u00f6netim anlay\u0131\u015f\u0131, devrime ve yeni kurulan Sovyetler Birli\u011fi\u2019ne nas\u0131l bakt\u0131\u011f\u0131 okura sunuluyor. Bu b\u00fcy\u00fck devrimcinin, hayat\u0131n\u0131 nas\u0131l son an\u0131na dek devrimin bekas\u0131na ve ilerletilmesine adad\u0131\u011f\u0131n\u0131 g\u00f6zler \u00f6n\u00fcne seriyor. \u017di\u017eek\u2019in yorumlar\u0131 ve analizleriyle zenginle\u015fen derleme, okura Bol\u015fevik Devrimi\u2019ni taze bir bak\u0131\u015f a\u00e7\u0131s\u0131yla de\u011ferlendirme f\u0131rsat\u0131 verdi\u011fi gibi, Lenin\u2019i daha iyi tan\u0131ma \u015fans\u0131 sunmas\u0131yla da olduk\u00e7a de\u011ferli bir \u00e7al\u0131\u015fma. <\/p>\n","protected":false},"excerpt":{"rendered":"<p>Bol\u015fevik Devrimi, \u00fczerinden tam y\u00fcz y\u0131l ge\u00e7mesine ra\u011fmen, sebepleri, sonu\u00e7lar\u0131, ortaya \u00e7\u0131kard\u0131klar\u0131 ve tart\u0131\u015fmalar\u0131yla tarihin \u00f6nemli mihenk ta\u015flar\u0131ndan biri. \u201cBar\u0131\u015f, ekmek ve adalet\u201d slogan\u0131yla iktidara gelip,<span class=\"excerpt-hellip\"> [\u2026]<\/span><\/p>\n","protected":false},"featured_media":0,"template":"","meta":{"_monsterinsights_skip_tracking":false,"_monsterinsights_sitenote_active":false,"_monsterinsights_sitenote_note":"","_monsterinsights_sitenote_category":0},"product_brand":[],"product_cat":[13590,12337],"product_tag":[],"class_list":{"0":"post-710630","1":"product","2":"type-product","3":"status-publish","5":"product_cat-arastirma-inceleme-politika-siyaset","6":"product_cat-politika-siyaset","7":"pa_cilt-ciltsiz","8":"pa_tur-kitap","9":"pa_yayinevi-ayrinti-yayinlari","10":"pa_yazar-vladimir-ilyic-lenin","12":"first","13":"instock","14":"sale","15":"shipping-taxable","16":"purchasable","17":"product-type-simple"},"_links":{"self":[{"href":"https:\/\/roveyayinevi.com.tr\/index.php\/wp-json\/wp\/v2\/product\/710630","targetHints":{"allow":["GET"]}}],"collection":[{"href":"https:\/\/roveyayinevi.com.tr\/index.php\/wp-json\/wp\/v2\/product"}],"about":[{"href":"https:\/\/roveyayinevi.com.tr\/index.php\/wp-json\/wp\/v2\/types\/product"}],"wp:attachment":[{"href":"https:\/\/roveyayinevi.com.tr\/index.php\/wp-json\/wp\/v2\/media?parent=710630"}],"wp:term":[{"taxonomy":"product_brand","embeddable":true,"href":"https:\/\/roveyayinevi.com.tr\/index.php\/wp-json\/wp\/v2\/product_brand?post=710630"},{"taxonomy":"product_cat","embeddable":true,"href":"https:\/\/roveyayinevi.com.tr\/index.php\/wp-json\/wp\/v2\/product_cat?post=710630"},{"taxonomy":"product_tag","embeddable":true,"href":"https:\/\/roveyayinevi.com.tr\/index.php\/wp-json\/wp\/v2\/product_tag?post=710630"}],"curies":[{"name":"wp","href":"https:\/\/api.w.org\/{rel}","templated":true}]}}