{"id":710629,"date":"2025-08-27T16:37:52","date_gmt":"2025-08-27T13:37:52","guid":{"rendered":"https:\/\/roveyayinevi.com.tr\/index.php\/urun\/bahtin-diyaloji-karnaval-ve-politika\/"},"modified":"2026-04-16T02:19:22","modified_gmt":"2026-04-15T23:19:22","slug":"bahtin-diyaloji-karnaval-ve-politika","status":"publish","type":"product","link":"https:\/\/roveyayinevi.com.tr\/index.php\/urun\/bahtin-diyaloji-karnaval-ve-politika\/","title":{"rendered":"Bahtin (Diyaloji, Karnaval ve Politika)"},"content":{"rendered":"<p>Rus filozof M.M. Bahtin yirminci y\u00fczy\u0131l\u0131n en tart\u0131\u015fmal\u0131 entelekt\u00fcellerinden biri. Kimilerine g\u00f6re bir liberal, kimilerine g\u00f6reyse bir Marksist. Her durumda felsefe, sosyoloji ve edebiyat kuram\u0131 alanlar\u0131nda kendisine s\u0131kl\u0131kla ba\u015fvurulan bir d\u00fc\u015f\u00fcnce insan\u0131. Fakat ayn\u0131 zamanda \u00e7a\u011f\u0131n\u0131n \u00e7ocu\u011fu. Yirminci y\u00fczy\u0131l Rus ayd\u0131nlanma hareketinin i\u00e7erisinde, Sovyet deneyiminin avangardlar\u0131ndan biri olma aday\u0131; bununla birlikte II. D\u00fcnya Sava\u015f\u0131\u2019n\u0131n cenderesinde yokluk, yaln\u0131zla\u015ft\u0131r\u0131lm\u0131\u015fl\u0131k, siyasal bask\u0131, s\u00fcrg\u00fcn ve ciddi sa\u011fl\u0131k sorunlar\u0131 ile ba\u015f etmeye \u00e7al\u0131\u015fan trajik bir karakter. So\u011fuk sava\u015f d\u00f6neminde Bat\u0131 taraf\u0131ndan ke\u015ffedilen Bahtin, Bat\u0131l\u0131 liberallerin kar\u015f\u0131-propaganda faaliyetlerine konu olurken hakk\u0131nda ortaya at\u0131lan yer yer tart\u0131\u015fmal\u0131, yer yer a\u00e7\u0131k\u00e7a yanl\u0131\u015f ithamlara yan\u0131t veremeyecek denli zor siyasal ko\u015fullarda ya\u015fad\u0131. Bahtin anti-Marksist, anti-Stalinist miydi? Yoksa liberal bir reformist yahut Stalinizmiestetize etmeye \u00e7al\u0131\u015fan bir rejim entelekt\u00fceli miydi? Kuram\u0131n\u0131n temelinde \u00f6rt\u00fck bir teoloji mi gizliydi? Akademik h\u0131rs\u0131zl\u0131k\/d*land\u0131r\u0131c\u0131l\u0131k yapm\u0131\u015f m\u0131yd\u0131? Yoksa bir \u00e7e\u015fit kripto ifade bi\u00e7imi mi kullan\u0131yordu? *** F\u0131rat \u0130lim t\u00fcm bu karma\u015fa i\u00e7erisinden olabildi\u011fince dikkatle ilerleyerek Bahtin\u2019i ve onun kuram\u0131n\u0131 ele al\u0131yor ve onu yirminci y\u00fczy\u0131l sosyal bilimler tarihinde nereye yerle\u015ftirmemiz gerekti\u011fi sorusuna tatmin edici yan\u0131tlar sunuyor. T\u00fcrk\u00e7ede Bahtin ile ilgili ilk telif monogrofiyi keyifle okuyaca\u011f\u0131n\u0131z\u0131 umuyoruz. <\/p>\n","protected":false},"excerpt":{"rendered":"<p>Rus filozof M.M. Bahtin yirminci y\u00fczy\u0131l\u0131n en tart\u0131\u015fmal\u0131 entelekt\u00fcellerinden biri. Kimilerine g\u00f6re bir liberal, kimilerine g\u00f6reyse bir Marksist. Her durumda felsefe, sosyoloji ve edebiyat kuram\u0131 alanlar\u0131nda<span class=\"excerpt-hellip\"> [\u2026]<\/span><\/p>\n","protected":false},"featured_media":0,"template":"","meta":{"_monsterinsights_skip_tracking":false,"_monsterinsights_sitenote_active":false,"_monsterinsights_sitenote_note":"","_monsterinsights_sitenote_category":0},"product_brand":[],"product_cat":[13590,12337],"product_tag":[],"class_list":{"0":"post-710629","1":"product","2":"type-product","3":"status-publish","5":"product_cat-arastirma-inceleme-politika-siyaset","6":"product_cat-politika-siyaset","7":"pa_cilt-ciltsiz","8":"pa_tur-kitap","9":"pa_yayinevi-ayrinti-yayinlari","10":"pa_yazar-firat-ilim","12":"first","13":"instock","14":"sale","15":"shipping-taxable","16":"purchasable","17":"product-type-simple"},"_links":{"self":[{"href":"https:\/\/roveyayinevi.com.tr\/index.php\/wp-json\/wp\/v2\/product\/710629","targetHints":{"allow":["GET"]}}],"collection":[{"href":"https:\/\/roveyayinevi.com.tr\/index.php\/wp-json\/wp\/v2\/product"}],"about":[{"href":"https:\/\/roveyayinevi.com.tr\/index.php\/wp-json\/wp\/v2\/types\/product"}],"wp:attachment":[{"href":"https:\/\/roveyayinevi.com.tr\/index.php\/wp-json\/wp\/v2\/media?parent=710629"}],"wp:term":[{"taxonomy":"product_brand","embeddable":true,"href":"https:\/\/roveyayinevi.com.tr\/index.php\/wp-json\/wp\/v2\/product_brand?post=710629"},{"taxonomy":"product_cat","embeddable":true,"href":"https:\/\/roveyayinevi.com.tr\/index.php\/wp-json\/wp\/v2\/product_cat?post=710629"},{"taxonomy":"product_tag","embeddable":true,"href":"https:\/\/roveyayinevi.com.tr\/index.php\/wp-json\/wp\/v2\/product_tag?post=710629"}],"curies":[{"name":"wp","href":"https:\/\/api.w.org\/{rel}","templated":true}]}}