{"id":710627,"date":"2025-08-27T16:37:51","date_gmt":"2025-08-27T13:37:51","guid":{"rendered":"https:\/\/roveyayinevi.com.tr\/index.php\/urun\/dava-7\/"},"modified":"2026-04-07T02:26:12","modified_gmt":"2026-04-06T23:26:12","slug":"dava-7","status":"publish","type":"product","link":"https:\/\/roveyayinevi.com.tr\/index.php\/urun\/dava-7\/","title":{"rendered":"Dava"},"content":{"rendered":"<p>Kendi halinde bir banka memuru olan K. tuhaf bir su\u00e7la yarg\u0131lanmak \u00fczere daha da tuhaf bir tutukluk hali i\u00e7inde bulur bir g\u00fcn kendini. Gen\u00e7 adam, nas\u0131l i\u015fledi\u011fini anlayamad\u0131\u011f\u0131, garip hukuk sisteminin \u00e7\u00f6zmeye \u00e7abas\u0131na giri\u015fir. Ancak olaylar ilerledik\u00e7e her \u015fey i\u00e7inden \u00e7\u0131k\u0131lmaz bir hale b\u00fcr\u00fcn\u00fcr. Birey ve otorite aras\u0131ndaki \u00e7arp\u0131\u015fmay\u0131 oda\u011f\u0131na alan Dava, labirentvari atmosferiyle &#8220;Kafkaesk&#8221; tan\u0131m\u0131n\u0131 tam anlam\u0131yla kar\u015f\u0131layan ger\u00e7ek bir ba\u015fyap\u0131tt\u0131r. <\/p>\n","protected":false},"excerpt":{"rendered":"<p>Kendi halinde bir banka memuru olan K. tuhaf bir su\u00e7la yarg\u0131lanmak \u00fczere daha da tuhaf bir tutukluk hali i\u00e7inde bulur bir g\u00fcn kendini. Gen\u00e7 adam, nas\u0131l<span class=\"excerpt-hellip\"> [\u2026]<\/span><\/p>\n","protected":false},"featured_media":0,"template":"","meta":{"_monsterinsights_skip_tracking":false,"_monsterinsights_sitenote_active":false,"_monsterinsights_sitenote_note":"","_monsterinsights_sitenote_category":0},"product_brand":[],"product_cat":[12291,12711],"product_tag":[],"class_list":{"0":"post-710627","1":"product","2":"type-product","3":"status-publish","5":"product_cat-edebiyat","6":"product_cat-roman-oyku","7":"pa_cilt-ciltsiz","8":"pa_tur-kitap","9":"pa_yayinevi-timas-yayinlari","10":"pa_yazar-franz-kafka","12":"first","13":"instock","14":"sale","15":"shipping-taxable","16":"purchasable","17":"product-type-simple"},"_links":{"self":[{"href":"https:\/\/roveyayinevi.com.tr\/index.php\/wp-json\/wp\/v2\/product\/710627","targetHints":{"allow":["GET"]}}],"collection":[{"href":"https:\/\/roveyayinevi.com.tr\/index.php\/wp-json\/wp\/v2\/product"}],"about":[{"href":"https:\/\/roveyayinevi.com.tr\/index.php\/wp-json\/wp\/v2\/types\/product"}],"wp:attachment":[{"href":"https:\/\/roveyayinevi.com.tr\/index.php\/wp-json\/wp\/v2\/media?parent=710627"}],"wp:term":[{"taxonomy":"product_brand","embeddable":true,"href":"https:\/\/roveyayinevi.com.tr\/index.php\/wp-json\/wp\/v2\/product_brand?post=710627"},{"taxonomy":"product_cat","embeddable":true,"href":"https:\/\/roveyayinevi.com.tr\/index.php\/wp-json\/wp\/v2\/product_cat?post=710627"},{"taxonomy":"product_tag","embeddable":true,"href":"https:\/\/roveyayinevi.com.tr\/index.php\/wp-json\/wp\/v2\/product_tag?post=710627"}],"curies":[{"name":"wp","href":"https:\/\/api.w.org\/{rel}","templated":true}]}}