{"id":710625,"date":"2025-08-27T16:37:50","date_gmt":"2025-08-27T13:37:50","guid":{"rendered":"https:\/\/roveyayinevi.com.tr\/index.php\/urun\/dunyaca-unlu-supheli-olumler\/"},"modified":"2026-04-16T02:19:21","modified_gmt":"2026-04-15T23:19:21","slug":"dunyaca-unlu-supheli-olumler","status":"publish","type":"product","link":"https:\/\/roveyayinevi.com.tr\/index.php\/urun\/dunyaca-unlu-supheli-olumler\/","title":{"rendered":"D\u00fcnyaca \u00dcnl\u00fc \u015e\u00fcpheli \u00d6l\u00fcmler"},"content":{"rendered":"<p>43 y\u0131l boyunca polisten ka\u00e7may\u0131 ba\u015faran Sicilyal\u0131 \u00fcnl\u00fc mafya babas\u0131 nas\u0131l yakaland\u0131? U\u00e7a\u011f\u0131yla okyanusta birdenbire kaybolan Amelia Earhart&#8217;\u0131n izi 80 y\u0131l sonra bulundu mu? Abd\u00fclhamid&#8217;e \u00f6l\u00fcm tehdidinde bulunan gizemli seri katil kimdi? Efsane \u015fark\u0131c\u0131 Elvis Presley halen ya\u015f\u0131yor olabilir mi? Hitler&#8217;le birlikte intihar etmeyi se\u00e7ecek kadar ona ba\u011fl\u0131 olan Eva Hitler kimdi? Bol\u015fevik \u0130htilali&#8217;nde ailesiyle birlikte katledilen \u00c7ar II. Nikolay nas\u0131l \u00f6ld\u00fcr\u00fcld\u00fc? DNA parmak izi y\u00f6ntemiyle \u00e7\u00f6z\u00fclen ilk cinayet vakas\u0131 hangisi?  2050&#8217;de su\u00e7lar art\u0131k online olarak m\u0131 i\u015flenecek? Ge\u00e7mi\u015f gizemli ve a\u00e7\u0131klanmay\u0131 bekleyen olaylarla dolu. \u0130nsano\u011flu ise \u00f6nleyemedi\u011fi merak duygusuyla; s\u0131rlar\u0131, ilgin\u00e7 vakalar\u0131 ve \u015f\u00fcpheli \u00f6l\u00fcmleri ayd\u0131nlatmak i\u00e7in hep bir istek duydu. \u00c7\u00f6z\u00fclen her bir gizemin yerini yenisi alsa da, merak duygumuzda bir eksilme olmad\u0131, s\u0131r perdesi aksine daha da artt\u0131. \u00dcstelik, teknolojik ilerleme sayesinde DNA analizi gibi bilimsel y\u00f6ntemlerin \u015f\u00fcpheye yer b\u0131rakmayacak d\u00fczeyde geli\u015fmesine ra\u011fmen&#8230; Adli genetik uzman\u0131 Kadir Demircan, y\u0131llara yay\u0131lan birikimiyle her ya\u015ftan okura hitap edecek ger\u00e7ek hik\u00e2yeleri, \u00e7arp\u0131c\u0131 ve s\u00fcr\u00fckleyici bir dille anlat\u0131yor. Okura olay\u0131 adeta yeniden ya\u015fat\u0131yor. Bizleri; \u00fczerinde y\u0131llarca u\u011fra\u015f\u0131lan ilgin\u00e7 vakalar aras\u0131nda bir yolculu\u011fa \u00e7\u0131kar\u0131yor. Ge\u00e7mi\u015ften bug\u00fcne ve hatta gelece\u011fe do\u011fru&#8230; <\/p>\n","protected":false},"excerpt":{"rendered":"<p>43 y\u0131l boyunca polisten ka\u00e7may\u0131 ba\u015faran Sicilyal\u0131 \u00fcnl\u00fc mafya babas\u0131 nas\u0131l yakaland\u0131? U\u00e7a\u011f\u0131yla okyanusta birdenbire kaybolan Amelia Earhart&#8217;\u0131n izi 80 y\u0131l sonra bulundu mu? Abd\u00fclhamid&#8217;e \u00f6l\u00fcm<span class=\"excerpt-hellip\"> [\u2026]<\/span><\/p>\n","protected":false},"featured_media":0,"template":"","meta":{"_monsterinsights_skip_tracking":false,"_monsterinsights_sitenote_active":false,"_monsterinsights_sitenote_note":"","_monsterinsights_sitenote_category":0},"product_brand":[],"product_cat":[13489,13488],"product_tag":[],"class_list":{"0":"post-710625","1":"product","2":"type-product","3":"status-publish","5":"product_cat-populer-kultur","6":"product_cat-toplum-ve-insan","7":"pa_cilt-ciltsiz","8":"pa_tur-kitap","9":"pa_yayinevi-timas-yayinlari","10":"pa_yazar-kadir-demircan","12":"first","13":"instock","14":"sale","15":"shipping-taxable","16":"purchasable","17":"product-type-simple"},"_links":{"self":[{"href":"https:\/\/roveyayinevi.com.tr\/index.php\/wp-json\/wp\/v2\/product\/710625","targetHints":{"allow":["GET"]}}],"collection":[{"href":"https:\/\/roveyayinevi.com.tr\/index.php\/wp-json\/wp\/v2\/product"}],"about":[{"href":"https:\/\/roveyayinevi.com.tr\/index.php\/wp-json\/wp\/v2\/types\/product"}],"wp:attachment":[{"href":"https:\/\/roveyayinevi.com.tr\/index.php\/wp-json\/wp\/v2\/media?parent=710625"}],"wp:term":[{"taxonomy":"product_brand","embeddable":true,"href":"https:\/\/roveyayinevi.com.tr\/index.php\/wp-json\/wp\/v2\/product_brand?post=710625"},{"taxonomy":"product_cat","embeddable":true,"href":"https:\/\/roveyayinevi.com.tr\/index.php\/wp-json\/wp\/v2\/product_cat?post=710625"},{"taxonomy":"product_tag","embeddable":true,"href":"https:\/\/roveyayinevi.com.tr\/index.php\/wp-json\/wp\/v2\/product_tag?post=710625"}],"curies":[{"name":"wp","href":"https:\/\/api.w.org\/{rel}","templated":true}]}}