{"id":710622,"date":"2025-08-27T16:37:48","date_gmt":"2025-08-27T13:37:48","guid":{"rendered":"https:\/\/roveyayinevi.com.tr\/index.php\/urun\/col-akrepleri\/"},"modified":"2026-04-16T02:19:21","modified_gmt":"2026-04-15T23:19:21","slug":"col-akrepleri","status":"publish","type":"product","link":"https:\/\/roveyayinevi.com.tr\/index.php\/urun\/col-akrepleri\/","title":{"rendered":"\u00c7\u00f6l Akrepleri"},"content":{"rendered":"<p>Beck Granger ve arkada\u015f\u0131 Peter, Afrika&#8217;daki bir tatil i\u00e7in Al Amca&#8217;ya kat\u0131ld\u0131klar\u0131nda, kendilerini Sahra \u00c7\u00f6l\u00fc&#8217;nde bulurlar. Elmas ka\u00e7ak\u00e7\u0131lar\u0131 y\u00fcz\u00fcnden \u00e7\u00f6l\u00fcn \u00fczerinde bir u\u00e7aktan kurtulmak zorunda kald\u0131klar\u0131nda, Beck hayatta kalma \u015fanslar\u0131n\u0131n zay\u0131f oldu\u011funu bilir. Bir \u015fekilde uygarl\u0131\u011fa d\u00f6nme yolunu bulmalar\u0131 gerekir, ancak \u00fcstesinden gelmeleri gereken y\u0131lanlar, akrepler ve g\u00fcne\u015fin ac\u0131mas\u0131z \u0131\u015f\u0131nlar\u0131 vard\u0131r! Bu, hayatta kalma ayr\u0131nt\u0131lar\u0131yla ve tehlikelerle dolu, \u00e7ekici bir Afrika maceras\u0131! \ufffcTan\u0131t\u0131m Metni<\/p>\n","protected":false},"excerpt":{"rendered":"<p>Beck Granger ve arkada\u015f\u0131 Peter, Afrika&#8217;daki bir tatil i\u00e7in Al Amca&#8217;ya kat\u0131ld\u0131klar\u0131nda, kendilerini Sahra \u00c7\u00f6l\u00fc&#8217;nde bulurlar. Elmas ka\u00e7ak\u00e7\u0131lar\u0131 y\u00fcz\u00fcnden \u00e7\u00f6l\u00fcn \u00fczerinde bir u\u00e7aktan kurtulmak zorunda kald\u0131klar\u0131nda,<span class=\"excerpt-hellip\"> [\u2026]<\/span><\/p>\n","protected":false},"featured_media":0,"template":"","meta":{"_monsterinsights_skip_tracking":false,"_monsterinsights_sitenote_active":false,"_monsterinsights_sitenote_note":"","_monsterinsights_sitenote_category":0},"product_brand":[],"product_cat":[12291,15117],"product_tag":[],"class_list":{"0":"post-710622","1":"product","2":"type-product","3":"status-publish","5":"product_cat-edebiyat","6":"product_cat-genclik-edebiyati","7":"pa_cilt-ciltsiz","8":"pa_tur-kitap","9":"pa_yayinevi-genc-timas","10":"pa_yazar-bear-grylls","12":"first","13":"instock","14":"sale","15":"shipping-taxable","16":"purchasable","17":"product-type-simple"},"_links":{"self":[{"href":"https:\/\/roveyayinevi.com.tr\/index.php\/wp-json\/wp\/v2\/product\/710622","targetHints":{"allow":["GET"]}}],"collection":[{"href":"https:\/\/roveyayinevi.com.tr\/index.php\/wp-json\/wp\/v2\/product"}],"about":[{"href":"https:\/\/roveyayinevi.com.tr\/index.php\/wp-json\/wp\/v2\/types\/product"}],"wp:attachment":[{"href":"https:\/\/roveyayinevi.com.tr\/index.php\/wp-json\/wp\/v2\/media?parent=710622"}],"wp:term":[{"taxonomy":"product_brand","embeddable":true,"href":"https:\/\/roveyayinevi.com.tr\/index.php\/wp-json\/wp\/v2\/product_brand?post=710622"},{"taxonomy":"product_cat","embeddable":true,"href":"https:\/\/roveyayinevi.com.tr\/index.php\/wp-json\/wp\/v2\/product_cat?post=710622"},{"taxonomy":"product_tag","embeddable":true,"href":"https:\/\/roveyayinevi.com.tr\/index.php\/wp-json\/wp\/v2\/product_tag?post=710622"}],"curies":[{"name":"wp","href":"https:\/\/api.w.org\/{rel}","templated":true}]}}