{"id":710621,"date":"2025-08-27T16:37:47","date_gmt":"2025-08-27T13:37:47","guid":{"rendered":"https:\/\/roveyayinevi.com.tr\/index.php\/urun\/en-yakin-uzak\/"},"modified":"2026-04-16T02:19:21","modified_gmt":"2026-04-15T23:19:21","slug":"en-yakin-uzak","status":"publish","type":"product","link":"https:\/\/roveyayinevi.com.tr\/index.php\/urun\/en-yakin-uzak\/","title":{"rendered":"En Yak\u0131n Uzak"},"content":{"rendered":"<p>\u0130ki karde\u015f, Griff ve Dylan, aileleri ile Manhattan&#8217;a giderken y\u0131k\u0131c\u0131 bir aile trajedisi ya\u015farlar.Bundan sonra Dylan ve Griff mutlu bir eve ve bir gelece\u011fe sahip olabilecekler mi?Dylan\u2019\u0131n endi\u015fe duydu\u011fu bir \u015fey daha var: Griff\u2019in \u00fcz\u00fcnt\u00fcs\u00fcyle ba\u015fa \u00e7\u0131karak iyi olmas\u0131\u2026 \u00c7\u00fcnk\u00fc o, bu trajedi hakk\u0131nda konu\u015fmak ya da ailelerinin kayb\u0131n\u0131 ger\u00e7ekten kabul etmek istemez\u2026Ancak Dylan&#8217;\u0131n Griff&#8217;ten daha cesur olmas\u0131 gerekiyor, \u00e7\u00fcnk\u00fc devam etmeden \u00f6nce kar\u015f\u0131 kar\u015f\u0131ya kalmas\u0131 gereken \u00e7ok \u00f6nemli bir \u015fey var\u2026 \u201cE\u011fer yapabilecek olsayd\u0131m, elime bir uzaktan kumanda al\u0131p kapatma tu\u015funa basar ve bu korkun\u00e7 g\u00f6r\u00fcnt\u00fcye son verirdim. Sonra da en yak\u0131n uzak yere kadar ko\u015fup orada sonsuza dek kal\u0131rd\u0131m.\u201d<\/p>\n","protected":false},"excerpt":{"rendered":"<p>\u0130ki karde\u015f, Griff ve Dylan, aileleri ile Manhattan&#8217;a giderken y\u0131k\u0131c\u0131 bir aile trajedisi ya\u015farlar.Bundan sonra Dylan ve Griff mutlu bir eve ve bir gelece\u011fe sahip olabilecekler<span class=\"excerpt-hellip\"> [\u2026]<\/span><\/p>\n","protected":false},"featured_media":0,"template":"","meta":{"_monsterinsights_skip_tracking":false,"_monsterinsights_sitenote_active":false,"_monsterinsights_sitenote_note":"","_monsterinsights_sitenote_category":0},"product_brand":[],"product_cat":[12291,12711],"product_tag":[],"class_list":{"0":"post-710621","1":"product","2":"type-product","3":"status-publish","5":"product_cat-edebiyat","6":"product_cat-roman-oyku","7":"pa_cilt-ciltsiz","8":"pa_tur-kitap","9":"pa_yayinevi-genc-timas","10":"pa_yazar-hayley-long","12":"first","13":"instock","14":"sale","15":"shipping-taxable","16":"purchasable","17":"product-type-simple"},"_links":{"self":[{"href":"https:\/\/roveyayinevi.com.tr\/index.php\/wp-json\/wp\/v2\/product\/710621","targetHints":{"allow":["GET"]}}],"collection":[{"href":"https:\/\/roveyayinevi.com.tr\/index.php\/wp-json\/wp\/v2\/product"}],"about":[{"href":"https:\/\/roveyayinevi.com.tr\/index.php\/wp-json\/wp\/v2\/types\/product"}],"wp:attachment":[{"href":"https:\/\/roveyayinevi.com.tr\/index.php\/wp-json\/wp\/v2\/media?parent=710621"}],"wp:term":[{"taxonomy":"product_brand","embeddable":true,"href":"https:\/\/roveyayinevi.com.tr\/index.php\/wp-json\/wp\/v2\/product_brand?post=710621"},{"taxonomy":"product_cat","embeddable":true,"href":"https:\/\/roveyayinevi.com.tr\/index.php\/wp-json\/wp\/v2\/product_cat?post=710621"},{"taxonomy":"product_tag","embeddable":true,"href":"https:\/\/roveyayinevi.com.tr\/index.php\/wp-json\/wp\/v2\/product_tag?post=710621"}],"curies":[{"name":"wp","href":"https:\/\/api.w.org\/{rel}","templated":true}]}}