{"id":710620,"date":"2025-08-27T16:37:47","date_gmt":"2025-08-27T13:37:47","guid":{"rendered":"https:\/\/roveyayinevi.com.tr\/index.php\/urun\/heybeliadada-bir-isik-deniz-harp-okulu-ve-lisesi-1957-1964\/"},"modified":"2026-04-16T02:19:21","modified_gmt":"2026-04-15T23:19:21","slug":"heybeliadada-bir-isik-deniz-harp-okulu-ve-lisesi-1957-1964","status":"publish","type":"product","link":"https:\/\/roveyayinevi.com.tr\/index.php\/urun\/heybeliadada-bir-isik-deniz-harp-okulu-ve-lisesi-1957-1964\/","title":{"rendered":"Heybeliada&#8217;da Bir I\u015f\u0131k &#8211; Deniz Harp Okulu ve Lisesi (1957-1964)"},"content":{"rendered":"<p>Tersane Hendesehanesi&#8230; Mekteb-i Bahriye-i \u015eahane&#8230; Bahriye Mektebi&#8230; Deniz Harp Okulu ve Lisesi&#8230; (E) Deniz Kuvvetleri Komutan\u0131 \u00d6zden \u00d6rnek, 1773\u2019ten bu yana deniz subay\u0131 yeti\u015ftiren bu okullar\u0131n T\u00fcrk Silahl\u0131 Kuvvetleri i\u00e7in vazge\u00e7ilmez \u00f6nemini, ki\u015fisel \u00f6\u011frencilik an\u0131lar\u0131 e\u015fli\u011finde anlat\u0131yor. Deniz Lisesi\u2019ne giri\u015f s\u0131nav\u0131, Heybeliada\u2019da \u00f6\u011frenci olmak, yat\u0131l\u0131 okul ya\u015fam\u0131, ceza talimleri, bayan \u00f6\u011frenciler, yabanc\u0131 \u00f6\u011frenciler, disiplin, izin g\u00fcnleri, unutulmaz \u00f6\u011fretmenler, yurtd\u0131\u015f\u0131 e\u011fitim gezileri ve \u201cDostlar S\u0131n\u0131f\u0131\u201d, \u00d6zden \u00d6rnek\u2019in ak\u0131c\u0131 \u00fcslubuyla aktar\u0131l\u0131yor. \u00d6rnek kitab\u0131nda, 15 Temmuz FE*T\u00d6\u2019c\u00fc darbe giri\u015fiminin ard\u0131ndan Deniz Harp Okulu ve Deniz Lisesi\u2019nin kanun h\u00fckm\u00fcnde kararnameyle kapat\u0131lmas\u0131 konusundaki d\u00fc\u015f\u00fcncelerine de yer veriyor. \u201cOkulu kapatanlara bir tek \u00f6nerim var; Deniz Harp Okulu\u2019nun ve Deniz Lisesi\u2019nin tarih\u00e7elerini okuyunuz. \u00dclkemizin 1773 y\u0131l\u0131nda d\u00fcnya haritas\u0131nda ne kadar b\u00fcy\u00fck bir yer kaplad\u0131\u011f\u0131 ve n\u00fcfusunun ne kadar \u00e7ok oldu\u011fu g\u00f6z \u00f6n\u00fcne al\u0131n\u0131rsa, bu b\u00fcy\u00fck \u00fclkedeki d\u00fcnyevi i\u015flerle u\u011fra\u015fan ilk ve tek okulun kapat\u0131lmas\u0131ndaki hatan\u0131n b\u00fcy\u00fckl\u00fc\u011f\u00fc o zaman daha iyi anla\u015f\u0131lacakt\u0131r.\u201d <\/p>\n","protected":false},"excerpt":{"rendered":"<p>Tersane Hendesehanesi&#8230; Mekteb-i Bahriye-i \u015eahane&#8230; Bahriye Mektebi&#8230; Deniz Harp Okulu ve Lisesi&#8230; (E) Deniz Kuvvetleri Komutan\u0131 \u00d6zden \u00d6rnek, 1773\u2019ten bu yana deniz subay\u0131 yeti\u015ftiren bu okullar\u0131n<span class=\"excerpt-hellip\"> [\u2026]<\/span><\/p>\n","protected":false},"featured_media":0,"template":"","meta":{"_monsterinsights_skip_tracking":false,"_monsterinsights_sitenote_active":false,"_monsterinsights_sitenote_note":"","_monsterinsights_sitenote_category":0},"product_brand":[],"product_cat":[14841,13043],"product_tag":[],"class_list":{"0":"post-710620","1":"product","2":"type-product","3":"status-publish","5":"product_cat-arastirma-inceleme-kuram","6":"product_cat-ekonomi","7":"pa_cilt-ciltsiz","8":"pa_tur-kitap","9":"pa_yayinevi-kirmizi-kedi-yayinevi","10":"pa_yazar-ozden-ornek","12":"first","13":"instock","14":"sale","15":"shipping-taxable","16":"purchasable","17":"product-type-simple"},"_links":{"self":[{"href":"https:\/\/roveyayinevi.com.tr\/index.php\/wp-json\/wp\/v2\/product\/710620","targetHints":{"allow":["GET"]}}],"collection":[{"href":"https:\/\/roveyayinevi.com.tr\/index.php\/wp-json\/wp\/v2\/product"}],"about":[{"href":"https:\/\/roveyayinevi.com.tr\/index.php\/wp-json\/wp\/v2\/types\/product"}],"wp:attachment":[{"href":"https:\/\/roveyayinevi.com.tr\/index.php\/wp-json\/wp\/v2\/media?parent=710620"}],"wp:term":[{"taxonomy":"product_brand","embeddable":true,"href":"https:\/\/roveyayinevi.com.tr\/index.php\/wp-json\/wp\/v2\/product_brand?post=710620"},{"taxonomy":"product_cat","embeddable":true,"href":"https:\/\/roveyayinevi.com.tr\/index.php\/wp-json\/wp\/v2\/product_cat?post=710620"},{"taxonomy":"product_tag","embeddable":true,"href":"https:\/\/roveyayinevi.com.tr\/index.php\/wp-json\/wp\/v2\/product_tag?post=710620"}],"curies":[{"name":"wp","href":"https:\/\/api.w.org\/{rel}","templated":true}]}}