{"id":710618,"date":"2025-08-27T16:37:46","date_gmt":"2025-08-27T13:37:46","guid":{"rendered":"https:\/\/roveyayinevi.com.tr\/index.php\/urun\/arkadas-canlisi-iyi-dusun-anton\/"},"modified":"2026-04-16T02:19:21","modified_gmt":"2026-04-15T23:19:21","slug":"arkadas-canlisi-iyi-dusun-anton","status":"publish","type":"product","link":"https:\/\/roveyayinevi.com.tr\/index.php\/urun\/arkadas-canlisi-iyi-dusun-anton\/","title":{"rendered":"Arkada\u015f Canl\u0131s\u0131 &#8211; \u0130yi D\u00fc\u015f\u00fcn, Anton!"},"content":{"rendered":"<p>Ortal\u0131k oldu yine s\u00fctlimanZaman al\u0131r dost dedi\u011fini bulmanBir kere buldu\u011funu bile sansanEn \u00e7ok iki saat yan\u0131nda durur, inan! Ger\u00e7ek arkada\u015flar hep birlikte olurlar (tutkalla yap\u0131\u015fm\u0131\u015f gibi), ger\u00e7ek arkada\u015flar birbirlerini affederler (\u00e2\u015f\u0131k ya da aptal olduklar\u0131nda da), ger\u00e7ek arkada\u015flar i\u00e7in bazen sava\u015fmak gerekir. Peki, ger\u00e7ek bir arkada\u015fa her zaman yeni bir son \u015fansvermeli miyiz? <\/p>\n","protected":false},"excerpt":{"rendered":"<p>Ortal\u0131k oldu yine s\u00fctlimanZaman al\u0131r dost dedi\u011fini bulmanBir kere buldu\u011funu bile sansanEn \u00e7ok iki saat yan\u0131nda durur, inan! Ger\u00e7ek arkada\u015flar hep birlikte olurlar (tutkalla yap\u0131\u015fm\u0131\u015f gibi),<span class=\"excerpt-hellip\"> [\u2026]<\/span><\/p>\n","protected":false},"featured_media":0,"template":"","meta":{"_monsterinsights_skip_tracking":false,"_monsterinsights_sitenote_active":false,"_monsterinsights_sitenote_note":"","_monsterinsights_sitenote_category":0},"product_brand":[],"product_cat":[12274,12284],"product_tag":[],"class_list":{"0":"post-710618","1":"product","2":"type-product","3":"status-publish","5":"product_cat-cocuk-ve-genclik-kitaplari","6":"product_cat-hikayeler","7":"pa_cilt-ciltsiz","8":"pa_tur-kitap","9":"pa_yayinevi-tudem-yayinlari","10":"pa_yazar-meike-haberstock","12":"first","13":"instock","14":"sale","15":"shipping-taxable","16":"purchasable","17":"product-type-simple"},"_links":{"self":[{"href":"https:\/\/roveyayinevi.com.tr\/index.php\/wp-json\/wp\/v2\/product\/710618","targetHints":{"allow":["GET"]}}],"collection":[{"href":"https:\/\/roveyayinevi.com.tr\/index.php\/wp-json\/wp\/v2\/product"}],"about":[{"href":"https:\/\/roveyayinevi.com.tr\/index.php\/wp-json\/wp\/v2\/types\/product"}],"wp:attachment":[{"href":"https:\/\/roveyayinevi.com.tr\/index.php\/wp-json\/wp\/v2\/media?parent=710618"}],"wp:term":[{"taxonomy":"product_brand","embeddable":true,"href":"https:\/\/roveyayinevi.com.tr\/index.php\/wp-json\/wp\/v2\/product_brand?post=710618"},{"taxonomy":"product_cat","embeddable":true,"href":"https:\/\/roveyayinevi.com.tr\/index.php\/wp-json\/wp\/v2\/product_cat?post=710618"},{"taxonomy":"product_tag","embeddable":true,"href":"https:\/\/roveyayinevi.com.tr\/index.php\/wp-json\/wp\/v2\/product_tag?post=710618"}],"curies":[{"name":"wp","href":"https:\/\/api.w.org\/{rel}","templated":true}]}}