{"id":710617,"date":"2025-08-27T16:37:45","date_gmt":"2025-08-27T13:37:45","guid":{"rendered":"https:\/\/roveyayinevi.com.tr\/index.php\/urun\/spor-hukuku\/"},"modified":"2026-04-16T02:19:21","modified_gmt":"2026-04-15T23:19:21","slug":"spor-hukuku","status":"publish","type":"product","link":"https:\/\/roveyayinevi.com.tr\/index.php\/urun\/spor-hukuku\/","title":{"rendered":"Spor Hukuku"},"content":{"rendered":"<p>Spor konusundaki ba\u015fl\u0131ca d\u00fczenlemeler, 658 say\u0131l\u0131 Gen\u00e7lik ve Spor Bakanl\u0131\u011f\u0131n\u0131n Te\u015fkilat ve G\u00f6revleri Hakk\u0131nda Kanun H\u00fckm\u00fcnde Kararname, 3289 say\u0131l\u0131 Spor Genel M\u00fcd\u00fcrl\u00fc\u011f\u00fc Te\u015fkilat ve G\u00f6revleri Hakk\u0131nda Kanun, 5894 say\u0131l\u0131 T\u00fcrkiye Futbol Federasyonu Kurulu\u015f ve G\u00f6revleri Hakk\u0131nda Kanun, 6222 say\u0131l\u0131 Sporda \u015eiddet ve D\u00fczensizli\u011fin \u00d6nlenmesine Dair Kanun ve Dernekler Kanununda yeralmaktad\u0131r. Ayr\u0131ca Sporculara Ayl\u0131k Ba\u011flanmas\u0131 ile Devlet Sporcusu Unvan\u0131 verilmesi Hakk\u0131nda Kanun \u00e7\u0131kar\u0131lm\u0131\u015f bulunmaktad\u0131r. Bizce, toplumun t\u00fcm\u00fcn\u00fc veya \u00f6nemli kesimlerini yak\u0131nda ilgilendiren kanunlar\u0131n hukuk anabilim dallar\u0131, nihayet hukuk bilim dallar\u0131 say\u0131s\u0131 kadar olmas\u0131 \u015feklindeki temel g\u00f6r\u00fc\u015f\u00fcm\u00fcze uygun olarak, te\u015fkilat d\u0131\u015f\u0131ndaki sporlar ilgili temel kanun d\u00fczenlemelerinin bir Spor Kanununda toparlanmas\u0131, m\u00fckerrerlikleri \u00f6nleyecek, uygulama ve bilimsel \u00e7al\u0131\u015fmalar y\u00f6n\u00fcnden kolayl\u0131k sa\u011flayacakt\u0131r. Bu kitap bu t\u00fcr \u00e7al\u0131\u015fmalara kolayl\u0131k sa\u011flamak gayesiyle haz\u0131rlanm\u0131\u015ft\u0131r. <\/p>\n","protected":false},"excerpt":{"rendered":"<p>Spor konusundaki ba\u015fl\u0131ca d\u00fczenlemeler, 658 say\u0131l\u0131 Gen\u00e7lik ve Spor Bakanl\u0131\u011f\u0131n\u0131n Te\u015fkilat ve G\u00f6revleri Hakk\u0131nda Kanun H\u00fckm\u00fcnde Kararname, 3289 say\u0131l\u0131 Spor Genel M\u00fcd\u00fcrl\u00fc\u011f\u00fc Te\u015fkilat ve G\u00f6revleri Hakk\u0131nda<span class=\"excerpt-hellip\"> [\u2026]<\/span><\/p>\n","protected":false},"featured_media":0,"template":"","meta":{"_monsterinsights_skip_tracking":false,"_monsterinsights_sitenote_active":false,"_monsterinsights_sitenote_note":"","_monsterinsights_sitenote_category":0},"product_brand":[],"product_cat":[12312,12304],"product_tag":[],"class_list":{"0":"post-710617","1":"product","2":"type-product","3":"status-publish","5":"product_cat-diger","6":"product_cat-tarih","7":"pa_cilt-ciltsiz","8":"pa_tur-kitap","9":"pa_yayinevi-otuken-nesriyat","10":"pa_yazar-h-fehim-ucisik","12":"first","13":"instock","14":"sale","15":"shipping-taxable","16":"purchasable","17":"product-type-simple"},"_links":{"self":[{"href":"https:\/\/roveyayinevi.com.tr\/index.php\/wp-json\/wp\/v2\/product\/710617","targetHints":{"allow":["GET"]}}],"collection":[{"href":"https:\/\/roveyayinevi.com.tr\/index.php\/wp-json\/wp\/v2\/product"}],"about":[{"href":"https:\/\/roveyayinevi.com.tr\/index.php\/wp-json\/wp\/v2\/types\/product"}],"wp:attachment":[{"href":"https:\/\/roveyayinevi.com.tr\/index.php\/wp-json\/wp\/v2\/media?parent=710617"}],"wp:term":[{"taxonomy":"product_brand","embeddable":true,"href":"https:\/\/roveyayinevi.com.tr\/index.php\/wp-json\/wp\/v2\/product_brand?post=710617"},{"taxonomy":"product_cat","embeddable":true,"href":"https:\/\/roveyayinevi.com.tr\/index.php\/wp-json\/wp\/v2\/product_cat?post=710617"},{"taxonomy":"product_tag","embeddable":true,"href":"https:\/\/roveyayinevi.com.tr\/index.php\/wp-json\/wp\/v2\/product_tag?post=710617"}],"curies":[{"name":"wp","href":"https:\/\/api.w.org\/{rel}","templated":true}]}}