{"id":710614,"date":"2025-08-27T16:37:44","date_gmt":"2025-08-27T13:37:44","guid":{"rendered":"https:\/\/roveyayinevi.com.tr\/index.php\/urun\/cemal-sureya-sairin-hayati-siire-dahil\/"},"modified":"2026-04-16T02:19:21","modified_gmt":"2026-04-15T23:19:21","slug":"cemal-sureya-sairin-hayati-siire-dahil","status":"publish","type":"product","link":"https:\/\/roveyayinevi.com.tr\/index.php\/urun\/cemal-sureya-sairin-hayati-siire-dahil\/","title":{"rendered":"Cemal S\u00fcreya &#8211; \u015eairin Hayat\u0131 \u015eiire Dahil"},"content":{"rendered":"<p>\u201cCemal S\u00fcreya \/ \u015eairin Hayat\u0131 \u015eiire Dahil, al\u0131\u015f\u0131lagelmi\u015f, plan\u0131 kal\u0131pla\u015fm\u0131\u015f, beylik bir ya\u015fam\u00f6yk\u00fcs\u00fc de\u011fil. Tam tersine, Cemal S\u00fcreya \u015fiirinin olanca inceli\u011fini d\u00fczyaz\u0131da ar\u0131yor. Cemal S\u00fcreya\u2019n\u0131n \u015fiirinden hayata a\u00e7\u0131l\u0131yor, \u015fairin hayat\u0131n\u0131 \u015fiirle bulu\u015fturuyor, \u00f6rt\u00fc\u015ft\u00fcr\u00fcyor. B\u00f6ylesi bir y\u00f6ntemi se\u00e7ti\u011fi i\u00e7in, hem g\u00f6z kama\u015ft\u0131r\u0131yor, hem de kim bilir ne \u00e7etin bir \u00e7al\u0131\u015fmayd\u0131, dedirtiyor okura. Diyebilirim ki, edebiyat\u0131m\u0131zda yaz\u0131lm\u0131\u015f en g\u00fczel biyografilerden biri, bir ba\u015fyap\u0131t.\u201d (SEL\u0130M \u0130LER\u0130)Cemal S\u00fcreya \/ \u015eairin Hayat\u0131 \u015eiire Dahil, Feyza Perin\u00e7ek\u2019le Nursel Duruel\u2019in birlikte ger\u00e7ekle\u015ftirdikleri bir \u00e7al\u0131\u015fma. Yaln\u0131zca edebiyat d\u00fcnyam\u0131z i\u00e7in de\u011fil, okurlar ve t\u00fcm \u015fiirseverler i\u00e7in de vazge\u00e7ilmez bir kaynak. Sanat\u00e7\u0131n\u0131n desenleri ve ya\u015fam\u0131n\u0131n \u00e7e\u015fitli d\u00f6nemlerinde \u00e7ekilmi\u015f foto\u011fraflar\u0131yla&#8230; <\/p>\n","protected":false},"excerpt":{"rendered":"<p>\u201cCemal S\u00fcreya \/ \u015eairin Hayat\u0131 \u015eiire Dahil, al\u0131\u015f\u0131lagelmi\u015f, plan\u0131 kal\u0131pla\u015fm\u0131\u015f, beylik bir ya\u015fam\u00f6yk\u00fcs\u00fc de\u011fil. Tam tersine, Cemal S\u00fcreya \u015fiirinin olanca inceli\u011fini d\u00fczyaz\u0131da ar\u0131yor. Cemal S\u00fcreya\u2019n\u0131n \u015fiirinden<span class=\"excerpt-hellip\"> [\u2026]<\/span><\/p>\n","protected":false},"featured_media":0,"template":"","meta":{"_monsterinsights_skip_tracking":false,"_monsterinsights_sitenote_active":false,"_monsterinsights_sitenote_note":"","_monsterinsights_sitenote_category":0},"product_brand":[],"product_cat":[13946,12304],"product_tag":[],"class_list":{"0":"post-710614","1":"product","2":"type-product","3":"status-publish","5":"product_cat-biyografi-otobiyografi","6":"product_cat-tarih","7":"pa_cilt-ciltsiz","8":"pa_tur-kitap","9":"pa_yayinevi-can-yayinlari","10":"pa_yazar-feyza-perincek-nursel-duruel","12":"first","13":"instock","14":"sale","15":"shipping-taxable","16":"purchasable","17":"product-type-simple"},"_links":{"self":[{"href":"https:\/\/roveyayinevi.com.tr\/index.php\/wp-json\/wp\/v2\/product\/710614","targetHints":{"allow":["GET"]}}],"collection":[{"href":"https:\/\/roveyayinevi.com.tr\/index.php\/wp-json\/wp\/v2\/product"}],"about":[{"href":"https:\/\/roveyayinevi.com.tr\/index.php\/wp-json\/wp\/v2\/types\/product"}],"wp:attachment":[{"href":"https:\/\/roveyayinevi.com.tr\/index.php\/wp-json\/wp\/v2\/media?parent=710614"}],"wp:term":[{"taxonomy":"product_brand","embeddable":true,"href":"https:\/\/roveyayinevi.com.tr\/index.php\/wp-json\/wp\/v2\/product_brand?post=710614"},{"taxonomy":"product_cat","embeddable":true,"href":"https:\/\/roveyayinevi.com.tr\/index.php\/wp-json\/wp\/v2\/product_cat?post=710614"},{"taxonomy":"product_tag","embeddable":true,"href":"https:\/\/roveyayinevi.com.tr\/index.php\/wp-json\/wp\/v2\/product_tag?post=710614"}],"curies":[{"name":"wp","href":"https:\/\/api.w.org\/{rel}","templated":true}]}}