{"id":710611,"date":"2025-08-27T16:37:42","date_gmt":"2025-08-27T13:37:42","guid":{"rendered":"https:\/\/roveyayinevi.com.tr\/index.php\/urun\/barok-donemden-20-yuzyila-piyano-klasikleri-2-kitap\/"},"modified":"2026-04-16T02:19:21","modified_gmt":"2026-04-15T23:19:21","slug":"barok-donemden-20-yuzyila-piyano-klasikleri-2-kitap","status":"publish","type":"product","link":"https:\/\/roveyayinevi.com.tr\/index.php\/urun\/barok-donemden-20-yuzyila-piyano-klasikleri-2-kitap\/","title":{"rendered":"Barok D\u00f6nem\u2019den 20. Y\u00fczy\u0131l\u2019a Piyano Klasikleri (2. Kitap)"},"content":{"rendered":"<p>Barok D\u00f6nem\u2019den 20. Y\u00fczy\u0131l\u2019a Piyano Klasikleri, piyano e\u011fitimi alan her ya\u015ftan \u00e7ocuk ve gencin severek ve e\u011flenerek \u00e7alabilece\u011fi eserlerden olu\u015fuyor.   Piyano edebiyat\u0131n\u0131n en g\u00fczel eserleri, deneyimli piyano e\u011fitimcileri Nevhiz Ercan ve Belir Tecimer taraf\u0131ndan \u00f6zenle derlendi. Barok D\u00f6nem\u2019den 20. Y\u00fczy\u0131l\u2019a Piyano Klasikleri, m\u00fczik tarihinde \u00f6nemli yeri olan b\u00fcy\u00fck bestecilerin eserlerinin yan\u0131 s\u0131ra \u00fclkemizde \u00e7ok bilinmeyen bestecilerin eserlerini de i\u00e7eriyor ve bu y\u00f6n\u00fcyle, piyano e\u011fitimine yeni bir soluk getirece\u011fine hi\u00e7 ku\u015fku yok.    Alb\u00fcmde yer alan eserlerin kolaydan zora do\u011fru s\u0131ralanmas\u0131, parmak numaralar\u0131n\u0131n yan\u0131 s\u0131ra d\u00f6nem \u00f6zelliklerine uygun olarak artik\u00fclasyonlar\u0131n eklenmesi ve eserler i\u00e7erisindeki s\u00fcslemelerin a\u00e7\u0131k yaz\u0131l\u0131mlar\u0131na yer verilmesi ise hem e\u011fitimciler hem de \u00f6\u011frenciler a\u00e7\u0131s\u0131ndan \u00e7alma ve \u00f6\u011fretme kolayl\u0131\u011f\u0131 sa\u011flayacak.   \u00d6zg\u00fcn i\u00e7eri\u011fi ve piyano \u00f6\u011freten ve \u00f6\u011frenenler i\u00e7in kolayl\u0131k sa\u011flayan yap\u0131s\u0131 sayesinde; Barok D\u00f6nem\u2019den 20. Y\u00fczy\u0131l\u2019a Piyano Klasikleri, piyano ba\u015f\u0131ndaki en b\u00fcy\u00fck yard\u0131mc\u0131n\u0131z olacak. <\/p>\n","protected":false},"excerpt":{"rendered":"<p>Barok D\u00f6nem\u2019den 20. Y\u00fczy\u0131l\u2019a Piyano Klasikleri, piyano e\u011fitimi alan her ya\u015ftan \u00e7ocuk ve gencin severek ve e\u011flenerek \u00e7alabilece\u011fi eserlerden olu\u015fuyor. Piyano edebiyat\u0131n\u0131n en g\u00fczel eserleri, deneyimli<span class=\"excerpt-hellip\"> [\u2026]<\/span><\/p>\n","protected":false},"featured_media":0,"template":"","meta":{"_monsterinsights_skip_tracking":false,"_monsterinsights_sitenote_active":false,"_monsterinsights_sitenote_note":"","_monsterinsights_sitenote_category":0},"product_brand":[],"product_cat":[14556,20810],"product_tag":[],"class_list":{"0":"post-710611","1":"product","2":"type-product","3":"status-publish","5":"product_cat-muzik","6":"product_cat-ogrenim-kitaplari","7":"pa_cilt-ciltsiz","8":"pa_tur-kitap","9":"pa_yayinevi-arkadas-yayinlari-ders-kitaplari","10":"pa_yazar-belir-tecimer-nevhiz-ercan","12":"first","13":"instock","14":"sale","15":"shipping-taxable","16":"purchasable","17":"product-type-simple"},"_links":{"self":[{"href":"https:\/\/roveyayinevi.com.tr\/index.php\/wp-json\/wp\/v2\/product\/710611","targetHints":{"allow":["GET"]}}],"collection":[{"href":"https:\/\/roveyayinevi.com.tr\/index.php\/wp-json\/wp\/v2\/product"}],"about":[{"href":"https:\/\/roveyayinevi.com.tr\/index.php\/wp-json\/wp\/v2\/types\/product"}],"wp:attachment":[{"href":"https:\/\/roveyayinevi.com.tr\/index.php\/wp-json\/wp\/v2\/media?parent=710611"}],"wp:term":[{"taxonomy":"product_brand","embeddable":true,"href":"https:\/\/roveyayinevi.com.tr\/index.php\/wp-json\/wp\/v2\/product_brand?post=710611"},{"taxonomy":"product_cat","embeddable":true,"href":"https:\/\/roveyayinevi.com.tr\/index.php\/wp-json\/wp\/v2\/product_cat?post=710611"},{"taxonomy":"product_tag","embeddable":true,"href":"https:\/\/roveyayinevi.com.tr\/index.php\/wp-json\/wp\/v2\/product_tag?post=710611"}],"curies":[{"name":"wp","href":"https:\/\/api.w.org\/{rel}","templated":true}]}}