{"id":710610,"date":"2025-08-27T16:37:42","date_gmt":"2025-08-27T13:37:42","guid":{"rendered":"https:\/\/roveyayinevi.com.tr\/index.php\/urun\/stiglitz-raporu-kuresel-kriz-parasal-ve-mali-reform-onerileri\/"},"modified":"2026-04-16T02:19:21","modified_gmt":"2026-04-15T23:19:21","slug":"stiglitz-raporu-kuresel-kriz-parasal-ve-mali-reform-onerileri","status":"publish","type":"product","link":"https:\/\/roveyayinevi.com.tr\/index.php\/urun\/stiglitz-raporu-kuresel-kriz-parasal-ve-mali-reform-onerileri\/","title":{"rendered":"Stiglitz Raporu K\u00fcresel Kriz Parasal ve Mali Reform \u00d6nerileri"},"content":{"rendered":"<p>2008 y\u0131l\u0131nda ba\u015flayan ekonomik krizin hemen ard\u0131ndan, uluslararas\u0131 para sistemi uzman\u0131 yirmi \u00fcnl\u00fc iktisat\u00e7\u0131dan olu\u015fan bir \u00e7al\u0131\u015fma komisyonu Birle\u015fmi\u015f Milletler Genel Kurulu Ba\u015fkan\u0131\u2019n\u0131n \u00f6nderli\u011finde topland\u0131. Ba\u015fkanl\u0131\u011f\u0131n\u0131 Nobel \u00f6d\u00fcll\u00fc iktisat\u00e7\u0131 Joseph E. Stiglitz\u2019in yapt\u0131\u011f\u0131 komisyon, ya\u015fanan krizi ve krizin kalk\u0131nma \u00fczerindeki etkilerini derinlemesine inceledi. Komisyon 2009 y\u0131l\u0131n\u0131n sonlar\u0131nda Stiglitz Raporu ad\u0131nda bir belge yay\u0131mlad\u0131. Bu rapor, ya\u015fanmakta olan finansal krizi, birbiriyle yak\u0131ndan ba\u011flant\u0131l\u0131 bir dizi krizin \u2013g\u0131da, su, enerji ve s\u00fcrd\u00fcr\u00fclebilir kalk\u0131nma krizleri- en son ve en \u00e7ok hasara yol a\u00e7an halkas\u0131 olarak g\u00f6rm\u00fc\u015ft\u00fcr. Raporda, k\u0131sa vadeli \u00f6nlemlerden derin yap\u0131sal de\u011fi\u015fikliklere, krize verilen tepkilerden, ekonomik ve finansal yap\u0131larda k\u00fcresel \u00e7aptaki k\u00f6kl\u00fc reformlara kadar kapsaml\u0131 ve hedef odakl\u0131 \u00f6neri ve de\u011ferlendirmeler yer almaktad\u0131r. Bu rapor, hem ulusal hem de uluslararas\u0131 ekonomi politikalar\u0131n\u0131n olu\u015fturulmas\u0131nda ve ulusal politikalar\u0131n uluslararas\u0131 d\u00fczeyde e\u015fg\u00fcd\u00fcm\u00fcn\u00fcn sa\u011flanmas\u0131 \u00e7abalar\u0131nda \u00f6nemli \u00e7\u00f6z\u00fcm \u00f6nerileri sunmaktad\u0131r. Ya\u015fanan ekonomik krizi anlamak isteyen iktisat\u00e7\u0131lar i\u00e7in bir ba\u015fvuru kayna\u011f\u0131 olan bu kitab\u0131 g\u00fcvenli ve refah i\u00e7inde bir d\u00fcnya arzulayan herkesin okumas\u0131 gerekti\u011fine inan\u0131yoruz. Joseph E. Stihlitz i\u00e7in \u00f6vg\u00fcler: \u201cMali kriz hakk\u0131nda ileri s\u00fcrd\u00fc\u011f\u00fc t\u00fcm tezleri ba\u015f\u0131ndan beri hakl\u0131 olan tek uzman.\u201d Newsweek \u201cModern zamanlar\u0131n en \u00f6nemli iktisat\u00e7\u0131lar\u0131ndan biri.\u201d Nicolas Stern, D\u00fcnya Bankas\u0131 Ba\u015f Ekonomisti ve Genel Ba\u015fkan Yard\u0131mc\u0131s\u0131 \u201cD\u00fcnya ekonomisinin g\u00f6r\u00fcn\u00fcm\u00fc k\u00f6t\u00fcye giderken, Profes\u00f6r Stiglitz gibi iktisat\u00e7\u0131lar\u0131n seslerini daha \u00e7ok duyurmas\u0131 laz\u0131m.\u201d The Guardian C olumbia \u00dcniversitesinde iktisat profes\u00f6r\u00fc olan Joseph E. Stiglitz, John Bates Clark Madalyas\u0131 ve Nobel \u00d6d\u00fcl\u00fc sahibidir. Stiglitz daha \u00f6nce D\u00fcnya Bankas\u0131nda Genel Ba\u015fkan Yard\u0131mc\u0131s\u0131 ve Ba\u015f Ekonomist olarak g\u00f6rev yapm\u0131\u015ft\u0131r. <\/p>\n","protected":false},"excerpt":{"rendered":"<p>2008 y\u0131l\u0131nda ba\u015flayan ekonomik krizin hemen ard\u0131ndan, uluslararas\u0131 para sistemi uzman\u0131 yirmi \u00fcnl\u00fc iktisat\u00e7\u0131dan olu\u015fan bir \u00e7al\u0131\u015fma komisyonu Birle\u015fmi\u015f Milletler Genel Kurulu Ba\u015fkan\u0131\u2019n\u0131n \u00f6nderli\u011finde topland\u0131. Ba\u015fkanl\u0131\u011f\u0131n\u0131<span class=\"excerpt-hellip\"> [\u2026]<\/span><\/p>\n","protected":false},"featured_media":0,"template":"","meta":{"_monsterinsights_skip_tracking":false,"_monsterinsights_sitenote_active":false,"_monsterinsights_sitenote_note":"","_monsterinsights_sitenote_category":0},"product_brand":[],"product_cat":[13044,13043],"product_tag":[],"class_list":{"0":"post-710610","1":"product","2":"type-product","3":"status-publish","5":"product_cat-dunya-ekonomisi","6":"product_cat-ekonomi","7":"pa_cilt-ciltsiz","8":"pa_tur-kitap","9":"pa_yayinevi-akil-celen-kitaplar","10":"pa_yazar-joseph-e-stiglitz","12":"first","13":"instock","14":"sale","15":"shipping-taxable","16":"purchasable","17":"product-type-simple"},"_links":{"self":[{"href":"https:\/\/roveyayinevi.com.tr\/index.php\/wp-json\/wp\/v2\/product\/710610","targetHints":{"allow":["GET"]}}],"collection":[{"href":"https:\/\/roveyayinevi.com.tr\/index.php\/wp-json\/wp\/v2\/product"}],"about":[{"href":"https:\/\/roveyayinevi.com.tr\/index.php\/wp-json\/wp\/v2\/types\/product"}],"wp:attachment":[{"href":"https:\/\/roveyayinevi.com.tr\/index.php\/wp-json\/wp\/v2\/media?parent=710610"}],"wp:term":[{"taxonomy":"product_brand","embeddable":true,"href":"https:\/\/roveyayinevi.com.tr\/index.php\/wp-json\/wp\/v2\/product_brand?post=710610"},{"taxonomy":"product_cat","embeddable":true,"href":"https:\/\/roveyayinevi.com.tr\/index.php\/wp-json\/wp\/v2\/product_cat?post=710610"},{"taxonomy":"product_tag","embeddable":true,"href":"https:\/\/roveyayinevi.com.tr\/index.php\/wp-json\/wp\/v2\/product_tag?post=710610"}],"curies":[{"name":"wp","href":"https:\/\/api.w.org\/{rel}","templated":true}]}}