{"id":710604,"date":"2025-08-27T16:37:38","date_gmt":"2025-08-27T13:37:38","guid":{"rendered":"https:\/\/roveyayinevi.com.tr\/index.php\/urun\/demiryolu-cocuklari-7\/"},"modified":"2026-04-16T02:19:21","modified_gmt":"2026-04-15T23:19:21","slug":"demiryolu-cocuklari-7","status":"publish","type":"product","link":"https:\/\/roveyayinevi.com.tr\/index.php\/urun\/demiryolu-cocuklari-7\/","title":{"rendered":"Demiryolu \u00c7ocuklar\u0131"},"content":{"rendered":"<p>Ba\u015flang\u0131\u00e7ta demiryolu \u00e7ocuklar\u0131 de\u011fillerdi\u2026 Ta ki bir gece kap\u0131lar\u0131 \u00e7al\u0131n\u0131p t\u00fcm hayatlar\u0131 de\u011fi\u015fene dek. Roberta (Bobbie), Peter ve Phyllis, babalar\u0131n\u0131n bir gece ans\u0131z\u0131n gizemli bir \u015fekilde gitmesi \u00fczerine anneleriyle birlikte al\u0131\u015f\u0131k olduklar\u0131 hayat\u0131 terk edip ta\u015fraya yerle\u015firler. Bu g\u00f6z alabildi\u011fine \u0131ss\u0131z k\u00f6yde \u00e7ocuklar\u0131n en b\u00fcy\u00fck tesellileri demiryolu ve orada edindikleri arkada\u015flar\u0131 olacak, bu esnada da babalar\u0131n\u0131n gidi\u015finin ard\u0131ndaki s\u0131r yava\u015f yava\u015f \u00e7\u00f6z\u00fclecektir. <\/p>\n","protected":false},"excerpt":{"rendered":"<p>Ba\u015flang\u0131\u00e7ta demiryolu \u00e7ocuklar\u0131 de\u011fillerdi\u2026 Ta ki bir gece kap\u0131lar\u0131 \u00e7al\u0131n\u0131p t\u00fcm hayatlar\u0131 de\u011fi\u015fene dek. Roberta (Bobbie), Peter ve Phyllis, babalar\u0131n\u0131n bir gece ans\u0131z\u0131n gizemli bir \u015fekilde<span class=\"excerpt-hellip\"> [\u2026]<\/span><\/p>\n","protected":false},"featured_media":0,"template":"","meta":{"_monsterinsights_skip_tracking":false,"_monsterinsights_sitenote_active":false,"_monsterinsights_sitenote_note":"","_monsterinsights_sitenote_category":0},"product_brand":[],"product_cat":[12274,12284],"product_tag":[],"class_list":{"0":"post-710604","1":"product","2":"type-product","3":"status-publish","5":"product_cat-cocuk-ve-genclik-kitaplari","6":"product_cat-hikayeler","7":"pa_cilt-ciltsiz","8":"pa_tur-kitap","9":"pa_yayinevi-bilgi-yayinevi-cocuk","10":"pa_yazar-edith-nesbit","12":"first","13":"instock","14":"sale","15":"shipping-taxable","16":"purchasable","17":"product-type-simple"},"_links":{"self":[{"href":"https:\/\/roveyayinevi.com.tr\/index.php\/wp-json\/wp\/v2\/product\/710604","targetHints":{"allow":["GET"]}}],"collection":[{"href":"https:\/\/roveyayinevi.com.tr\/index.php\/wp-json\/wp\/v2\/product"}],"about":[{"href":"https:\/\/roveyayinevi.com.tr\/index.php\/wp-json\/wp\/v2\/types\/product"}],"wp:attachment":[{"href":"https:\/\/roveyayinevi.com.tr\/index.php\/wp-json\/wp\/v2\/media?parent=710604"}],"wp:term":[{"taxonomy":"product_brand","embeddable":true,"href":"https:\/\/roveyayinevi.com.tr\/index.php\/wp-json\/wp\/v2\/product_brand?post=710604"},{"taxonomy":"product_cat","embeddable":true,"href":"https:\/\/roveyayinevi.com.tr\/index.php\/wp-json\/wp\/v2\/product_cat?post=710604"},{"taxonomy":"product_tag","embeddable":true,"href":"https:\/\/roveyayinevi.com.tr\/index.php\/wp-json\/wp\/v2\/product_tag?post=710604"}],"curies":[{"name":"wp","href":"https:\/\/api.w.org\/{rel}","templated":true}]}}