{"id":710602,"date":"2025-08-27T16:37:37","date_gmt":"2025-08-27T13:37:37","guid":{"rendered":"https:\/\/roveyayinevi.com.tr\/index.php\/urun\/satuk-bugra-han-destani\/"},"modified":"2026-04-16T02:19:21","modified_gmt":"2026-04-15T23:19:21","slug":"satuk-bugra-han-destani","status":"publish","type":"product","link":"https:\/\/roveyayinevi.com.tr\/index.php\/urun\/satuk-bugra-han-destani\/","title":{"rendered":"Satuk Bu\u011fra Han Destan\u0131"},"content":{"rendered":"<p>\u0130slamiyeti ilk kabul eden T\u00fcrk Hakan\u0131 Satuk Bu\u011fra Han ve onun \u0130slamiyeti nas\u0131l, hangi \u015fartlarda kabul etti\u011fi ve K\u00e2\u015fgar merkezli kurdu\u011fu ilk T\u00fcrk-\u0130slam devleti hakk\u0131ndaki bilgiler son derece s\u0131n\u0131rl\u0131d\u0131r. O, 12 ya\u015f\u0131nda \u0130slamiyeti benimseyip \u00f6\u011frenmi\u015f, Hak din i\u00e7in m\u00fccadeleler vermi\u015f, 25 ya\u015f\u0131nda Karahanl\u0131 Devleti\u2019nin taht\u0131na \u00e7\u0131km\u0131\u015ft\u0131r. Satuk Bu\u011fra Han, 955\u2019te Tanr\u0131\u2019ya y\u00fcr\u00fcm\u00fc\u015ft\u00fcr. Onun sa\u011fl\u0131\u011f\u0131nda y\u00fcz binlerce T\u00fcrk, \u0130slamiyeti kabul etmi\u015ftir. Bu s\u00fcre\u00e7, daha sonraki y\u0131llarda Tezkire-i Eb\u00fb\u2019n Nasr Saman\u00ee, Tezkire-i Satuk Bu\u011fra Han ve Bu\u011fra Hanlar Tezkiresi\u2019nde i\u015flenmi\u015ftir. Satuk Bu\u011fra Han Destan\u0131, i\u015fte bu birbirini tamamlayan ve birbirinin devam\u0131 olan \u00fc\u00e7 esere dayanmaktad\u0131r. T\u00fcrk tarihi, k\u00fclt\u00fcr\u00fc, dili, edebiyat\u0131 ve hayat tarz\u0131 hakk\u0131nda \u00e7ok \u00f6nemli bilgiler veren bu eserler, ger\u00e7ekten ilgi \u00e7ekicidir. Prof. Dr. Necati Demir taraf\u0131ndan bu eserlerin n\u00fcshalar\u0131 d\u00fcnya k\u00fct\u00fcphanelerinden toplanm\u0131\u015f, \u00c7a\u011fatay T\u00fcrk\u00e7esinden T\u00fcrkiye T\u00fcrk\u00e7esine aktar\u0131larak, herkesin anlayabilece\u011fi ve yararlanabilece\u011fi hale getirilmi\u015ftir. B\u00f6ylece ilk kez, tam anlam\u0131 ile bir &#8220;Satuk Bu\u011fra Han Destan\u0131&#8221; ortaya \u00e7\u0131km\u0131\u015ft\u0131r. <\/p>\n","protected":false},"excerpt":{"rendered":"<p>\u0130slamiyeti ilk kabul eden T\u00fcrk Hakan\u0131 Satuk Bu\u011fra Han ve onun \u0130slamiyeti nas\u0131l, hangi \u015fartlarda kabul etti\u011fi ve K\u00e2\u015fgar merkezli kurdu\u011fu ilk T\u00fcrk-\u0130slam devleti hakk\u0131ndaki bilgiler<span class=\"excerpt-hellip\"> [\u2026]<\/span><\/p>\n","protected":false},"featured_media":0,"template":"","meta":{"_monsterinsights_skip_tracking":false,"_monsterinsights_sitenote_active":false,"_monsterinsights_sitenote_note":"","_monsterinsights_sitenote_category":0},"product_brand":[],"product_cat":[12718,12858],"product_tag":[],"class_list":{"0":"post-710602","1":"product","2":"type-product","3":"status-publish","5":"product_cat-din","6":"product_cat-mitolojiler","7":"pa_cilt-ciltsiz","8":"pa_tur-kitap","9":"pa_yayinevi-otuken-nesriyat","10":"pa_yazar-necati-demir","12":"first","13":"instock","14":"sale","15":"shipping-taxable","16":"purchasable","17":"product-type-simple"},"_links":{"self":[{"href":"https:\/\/roveyayinevi.com.tr\/index.php\/wp-json\/wp\/v2\/product\/710602","targetHints":{"allow":["GET"]}}],"collection":[{"href":"https:\/\/roveyayinevi.com.tr\/index.php\/wp-json\/wp\/v2\/product"}],"about":[{"href":"https:\/\/roveyayinevi.com.tr\/index.php\/wp-json\/wp\/v2\/types\/product"}],"wp:attachment":[{"href":"https:\/\/roveyayinevi.com.tr\/index.php\/wp-json\/wp\/v2\/media?parent=710602"}],"wp:term":[{"taxonomy":"product_brand","embeddable":true,"href":"https:\/\/roveyayinevi.com.tr\/index.php\/wp-json\/wp\/v2\/product_brand?post=710602"},{"taxonomy":"product_cat","embeddable":true,"href":"https:\/\/roveyayinevi.com.tr\/index.php\/wp-json\/wp\/v2\/product_cat?post=710602"},{"taxonomy":"product_tag","embeddable":true,"href":"https:\/\/roveyayinevi.com.tr\/index.php\/wp-json\/wp\/v2\/product_tag?post=710602"}],"curies":[{"name":"wp","href":"https:\/\/api.w.org\/{rel}","templated":true}]}}