{"id":710601,"date":"2025-08-27T16:37:37","date_gmt":"2025-08-27T13:37:37","guid":{"rendered":"https:\/\/roveyayinevi.com.tr\/index.php\/urun\/2-sinif-tum-dersler-soru-bankasi\/"},"modified":"2026-03-23T02:23:51","modified_gmt":"2026-03-22T23:23:51","slug":"2-sinif-tum-dersler-soru-bankasi","status":"publish","type":"product","link":"https:\/\/roveyayinevi.com.tr\/index.php\/urun\/2-sinif-tum-dersler-soru-bankasi\/","title":{"rendered":"2. S\u0131n\u0131f T\u00fcm Dersler Soru Bankas\u0131"},"content":{"rendered":"<p>MEB\u2019in 2. s\u0131n\u0131f kazan\u0131mlar\u0131n\u0131n t\u00fcm\u00fcne y\u00f6nelik haz\u0131rlanm\u0131\u015ft\u0131r. 2. S\u0131n\u0131f m\u00fcfredat\u0131n\u0131n b\u00fct\u00fcn bran\u015flar\u0131n\u0131 (T\u00fcrk\u00e7e-Matematik-Hayat Bilgisi-\u0130ngilizce) kapsar. Kitab\u0131m\u0131z\u0131n i\u00e7eri\u011findeki testler kolaydan zora do\u011fru, \u00f6\u011fretim program\u0131na bire bir uyumlu olarak haz\u0131rlanm\u0131\u015ft\u0131r. \u00c7\u00f6z\u00fcml\u00fc \u00f6rnek sorular\u0131n yan\u0131nda bilgilendirici kilit bilgiler yer al\u0131r. Sorular\u0131n haz\u0131rlanmas\u0131nda de\u011ferler e\u011fitimine yer verilmi\u015ftir.   \u00d6\u011frencilerin yaparak, ya\u015fayarak, uygulamal\u0131 bir \u015fekilde \u00f6\u011frenmesini sa\u011flamak i\u00e7in zengin g\u00f6rsel \u00f6\u011feler kullan\u0131lm\u0131\u015ft\u0131r. Bunun yan\u0131 s\u0131ra kitab\u0131m\u0131z \u00f6\u011frencilere yeni bilgi ve beceriler kazan\u0131p, e\u011flenceli bir \u015fekilde \u00f6\u011frenme ve kendini geli\u015ftirme f\u0131rsat\u0131 sunmaktad\u0131r.<\/p>\n","protected":false},"excerpt":{"rendered":"<p>MEB\u2019in 2. s\u0131n\u0131f kazan\u0131mlar\u0131n\u0131n t\u00fcm\u00fcne y\u00f6nelik haz\u0131rlanm\u0131\u015ft\u0131r. 2. S\u0131n\u0131f m\u00fcfredat\u0131n\u0131n b\u00fct\u00fcn bran\u015flar\u0131n\u0131 (T\u00fcrk\u00e7e-Matematik-Hayat Bilgisi-\u0130ngilizce) kapsar. Kitab\u0131m\u0131z\u0131n i\u00e7eri\u011findeki testler kolaydan zora do\u011fru, \u00f6\u011fretim program\u0131na bire bir uyumlu<span class=\"excerpt-hellip\"> [\u2026]<\/span><\/p>\n","protected":false},"featured_media":0,"template":"","meta":{"_monsterinsights_skip_tracking":false,"_monsterinsights_sitenote_active":false,"_monsterinsights_sitenote_note":"","_monsterinsights_sitenote_category":0},"product_brand":[],"product_cat":[49874,49873,12566,13473],"product_tag":[],"class_list":{"0":"post-710601","1":"product","2":"type-product","3":"status-publish","5":"product_cat-2-sinif","6":"product_cat-acikogretim-kitaplari","7":"product_cat-egitim","8":"product_cat-sinavlara-hazirlik-okula-yardimci-kaynaklar","9":"pa_cilt-ciltsiz","10":"pa_tur-kitap","11":"pa_yayinevi-evrensel-iletisim-yayinlari","12":"pa_yazar-evrensel-kolektif","14":"first","15":"instock","16":"sale","17":"shipping-taxable","18":"purchasable","19":"product-type-simple"},"_links":{"self":[{"href":"https:\/\/roveyayinevi.com.tr\/index.php\/wp-json\/wp\/v2\/product\/710601","targetHints":{"allow":["GET"]}}],"collection":[{"href":"https:\/\/roveyayinevi.com.tr\/index.php\/wp-json\/wp\/v2\/product"}],"about":[{"href":"https:\/\/roveyayinevi.com.tr\/index.php\/wp-json\/wp\/v2\/types\/product"}],"wp:attachment":[{"href":"https:\/\/roveyayinevi.com.tr\/index.php\/wp-json\/wp\/v2\/media?parent=710601"}],"wp:term":[{"taxonomy":"product_brand","embeddable":true,"href":"https:\/\/roveyayinevi.com.tr\/index.php\/wp-json\/wp\/v2\/product_brand?post=710601"},{"taxonomy":"product_cat","embeddable":true,"href":"https:\/\/roveyayinevi.com.tr\/index.php\/wp-json\/wp\/v2\/product_cat?post=710601"},{"taxonomy":"product_tag","embeddable":true,"href":"https:\/\/roveyayinevi.com.tr\/index.php\/wp-json\/wp\/v2\/product_tag?post=710601"}],"curies":[{"name":"wp","href":"https:\/\/api.w.org\/{rel}","templated":true}]}}