{"id":710598,"date":"2025-08-27T16:37:35","date_gmt":"2025-08-27T13:37:35","guid":{"rendered":"https:\/\/roveyayinevi.com.tr\/index.php\/urun\/asimilasyon-ve-sosyal-kontrol-sosyoloji-bilimine-giris-2\/"},"modified":"2026-04-16T02:19:21","modified_gmt":"2026-04-15T23:19:21","slug":"asimilasyon-ve-sosyal-kontrol-sosyoloji-bilimine-giris-2","status":"publish","type":"product","link":"https:\/\/roveyayinevi.com.tr\/index.php\/urun\/asimilasyon-ve-sosyal-kontrol-sosyoloji-bilimine-giris-2\/","title":{"rendered":"Asimilasyon ve Sosyal Kontrol (Sosyoloji Bilimine Giri\u015f 2)"},"content":{"rendered":"<p>\u201cAsimilasyon kavram\u0131, pop\u00fcler kullan\u0131mda \u015fu ana dek tan\u0131mland\u0131\u011f\u0131 kadar\u0131yla anlam\u0131n\u0131 g\u00f6\u00e7 sorunuyla olan ili\u015fkisinden al\u0131r. Daha somut ve tan\u0131d\u0131k terimler; soyut tabirler olan \u2018Amerikal\u0131la\u015ft\u0131rma\u2019 ile \u2018Amerikal\u0131la\u015ft\u0131rmak\u2019, \u2018\u0130ngilizle\u015ftirmek\u2019, \u2018Almanla\u015ft\u0131rmak\u2019 gibi fiillerdir. T\u00fcm bu s\u00f6zc\u00fcklerin amac\u0131, bir toplumun ya da \u00fclkenin k\u00fclt\u00fcr\u00fcn\u00fcn, vatanda\u015f olarak kabul edilmi\u015f bir kimseye aktar\u0131lmas\u0131na arac\u0131 olan s\u00fcreci tan\u0131mlamakt\u0131r. Asimilasyon, negatif anlam\u0131yla ise bir ulussuzla\u015ft\u0131rma s\u00fcrecidir ve kavram bu \u015feklini Avrupa\u2019da kazanm\u0131\u015ft\u0131r.\u201d \u201cSosyal kontrol\u00fcn temel bi\u00e7imleri hususundaki literat\u00fcr t\u00f6renler, tabular, mitler, prestij ve liderlik ile ilgili eserleri i\u00e7erir. Bunlar temel olarak nitelendirilir, \u00e7\u00fcnk\u00fc \u00f6zg\u00fcn do\u011fan\u0131n her yerinden rastlant\u0131sal olarak ortaya \u00e7\u0131km\u0131\u015ft\u0131r. Gelenekselle\u015fmi\u015f bi\u00e7imi, \u015fimdi buldu\u011fumuz haliyle tekrarlanmas\u0131 ve bir ku\u015faktan \u00f6b\u00fcr\u00fcne, bir k\u00fclt\u00fcrel gruptan di\u011ferine aktar\u0131lmas\u0131 s\u0131ras\u0131nda ortaya \u00e7\u0131km\u0131\u015ft\u0131r. Uzun zaman boyunca geni\u015f alanlarda aktar\u0131lm\u0131\u015f olmalar\u0131 temel insan d\u00fcrt\u00fclerinin do\u011fal birer arac\u0131 olduklar\u0131n\u0131n g\u00f6stergesidir.\u201d Bu \u00e7al\u0131\u015fma, sosyal bilimlerin en \u00f6nemli konu ba\u015fl\u0131klar\u0131ndan ikisine dair de\u011ferlendirmeleri, muazzam bir okuma metinleri derlemesi e\u015fli\u011finde sunuyor. Sosyal bilimlerin farkl\u0131 disiplinlerinin nas\u0131l bir b\u00fct\u00fcnl\u00fck g\u00f6sterdi\u011fini; k\u00fclt\u00fcr, dil, g\u00f6\u00e7, i\u00e7g\u00fcd\u00fc, t\u00f6ren, mit, kamuoyu, medya, hukuk, yarg\u0131, din vb. gibi pek \u00e7ok \u00e7al\u0131\u015fma alan\u0131n\u0131n verilerinden ve kavramlar\u0131ndan yararlanmadan sosyolojiden de s\u00f6z edilemeyece\u011fini g\u00f6zler \u00f6n\u00fcne seriyor. <\/p>\n","protected":false},"excerpt":{"rendered":"<p>\u201cAsimilasyon kavram\u0131, pop\u00fcler kullan\u0131mda \u015fu ana dek tan\u0131mland\u0131\u011f\u0131 kadar\u0131yla anlam\u0131n\u0131 g\u00f6\u00e7 sorunuyla olan ili\u015fkisinden al\u0131r. Daha somut ve tan\u0131d\u0131k terimler; soyut tabirler olan \u2018Amerikal\u0131la\u015ft\u0131rma\u2019 ile \u2018Amerikal\u0131la\u015ft\u0131rmak\u2019,<span class=\"excerpt-hellip\"> [\u2026]<\/span><\/p>\n","protected":false},"featured_media":0,"template":"","meta":{"_monsterinsights_skip_tracking":false,"_monsterinsights_sitenote_active":false,"_monsterinsights_sitenote_note":"","_monsterinsights_sitenote_category":0},"product_brand":[],"product_cat":[12324,27533],"product_tag":[],"class_list":{"0":"post-710598","1":"product","2":"type-product","3":"status-publish","5":"product_cat-sosyoloji","6":"product_cat-sosyolojiye-giris","7":"pa_cilt-ciltsiz","8":"pa_tur-kitap","9":"pa_yayinevi-pinhan-yayincilik","10":"pa_yazar-robert-ezra-park-ernest-w-burgess","12":"first","13":"instock","14":"sale","15":"shipping-taxable","16":"purchasable","17":"product-type-simple"},"_links":{"self":[{"href":"https:\/\/roveyayinevi.com.tr\/index.php\/wp-json\/wp\/v2\/product\/710598","targetHints":{"allow":["GET"]}}],"collection":[{"href":"https:\/\/roveyayinevi.com.tr\/index.php\/wp-json\/wp\/v2\/product"}],"about":[{"href":"https:\/\/roveyayinevi.com.tr\/index.php\/wp-json\/wp\/v2\/types\/product"}],"wp:attachment":[{"href":"https:\/\/roveyayinevi.com.tr\/index.php\/wp-json\/wp\/v2\/media?parent=710598"}],"wp:term":[{"taxonomy":"product_brand","embeddable":true,"href":"https:\/\/roveyayinevi.com.tr\/index.php\/wp-json\/wp\/v2\/product_brand?post=710598"},{"taxonomy":"product_cat","embeddable":true,"href":"https:\/\/roveyayinevi.com.tr\/index.php\/wp-json\/wp\/v2\/product_cat?post=710598"},{"taxonomy":"product_tag","embeddable":true,"href":"https:\/\/roveyayinevi.com.tr\/index.php\/wp-json\/wp\/v2\/product_tag?post=710598"}],"curies":[{"name":"wp","href":"https:\/\/api.w.org\/{rel}","templated":true}]}}