{"id":710597,"date":"2025-08-27T16:37:35","date_gmt":"2025-08-27T13:37:35","guid":{"rendered":"https:\/\/roveyayinevi.com.tr\/index.php\/urun\/faydacilik\/"},"modified":"2026-04-16T02:19:21","modified_gmt":"2026-04-15T23:19:21","slug":"faydacilik","status":"publish","type":"product","link":"https:\/\/roveyayinevi.com.tr\/index.php\/urun\/faydacilik\/","title":{"rendered":"Faydac\u0131l\u0131k"},"content":{"rendered":"<p>Faydac\u0131l\u0131k \u00f6\u011fretisi, her t\u00fcr ili\u015fkisinde iktisadi olan\u0131 merkeze alm\u0131\u015f gibi g\u00f6r\u00fcnen \u00e7a\u011fda\u015f d\u00fcnyan\u0131n en yayg\u0131n ahlaki ve siyasal e\u011filimlerinden biridir. \u00d6yle ki \u00f6nde gelen \u00e7a\u011fda\u015f siyaset felsefesi kuramc\u0131lar\u0131 taraf\u0131ndan \u201cfaydac\u0131l\u0131\u011f\u0131n, geri pl\u00e2nda gizli duran, kar\u015f\u0131s\u0131nda ba\u015fka kuramlar\u0131n iddiada bulunup kendilerini savunmalar\u0131n\u0131 gerektiren bir zemin olarak i\u015fledi\u011fine\u201d inan\u0131lmaktad\u0131r. John Stuart Mill, faydac\u0131l\u0131\u011f\u0131n ilkelerini g\u00fcn\u00fcm\u00fczde halen okunan k\u0131sa denemesiyle en veciz \u015fekilde belirlemi\u015f filozoftur. Mill\u2019in Faydac\u0131l\u0131k\u2019\u0131, bug\u00fcn art\u0131k \u00e7ok daha \u00e7etrefil bir hal alm\u0131\u015f olan bu \u00f6\u011fretiyi, deyim yerindeyse ilmekler birbirine iyice dolanmadan \u00f6nceki yal\u0131n ve ilksel haliyle anlamam\u0131z\u0131 sa\u011flayacak bir metindir. Hatta kimilerince Faydac\u0131l\u0131k, \u201cAristoteles\u2019in Nikomakhos\u2019a Etik\u2019i ve Kant\u2019\u0131n Ahlak Metafizi\u011finin Temellendirilmesi d\u00fczeyinde \u00f6nemli, ahlak felsefesinin ba\u015fl\u0131ca eserlerinden biri\u201d olarak de\u011ferlendirilmektedir. <\/p>\n","protected":false},"excerpt":{"rendered":"<p>Faydac\u0131l\u0131k \u00f6\u011fretisi, her t\u00fcr ili\u015fkisinde iktisadi olan\u0131 merkeze alm\u0131\u015f gibi g\u00f6r\u00fcnen \u00e7a\u011fda\u015f d\u00fcnyan\u0131n en yayg\u0131n ahlaki ve siyasal e\u011filimlerinden biridir. \u00d6yle ki \u00f6nde gelen \u00e7a\u011fda\u015f siyaset<span class=\"excerpt-hellip\"> [\u2026]<\/span><\/p>\n","protected":false},"featured_media":0,"template":"","meta":{"_monsterinsights_skip_tracking":false,"_monsterinsights_sitenote_active":false,"_monsterinsights_sitenote_note":"","_monsterinsights_sitenote_category":0},"product_brand":[],"product_cat":[13590,12337],"product_tag":[],"class_list":{"0":"post-710597","1":"product","2":"type-product","3":"status-publish","5":"product_cat-arastirma-inceleme-politika-siyaset","6":"product_cat-politika-siyaset","7":"pa_cilt-ciltsiz","8":"pa_tur-kitap","9":"pa_yayinevi-pinhan-yayincilik","10":"pa_yazar-john-stuart-mill","12":"first","13":"instock","14":"sale","15":"shipping-taxable","16":"purchasable","17":"product-type-simple"},"_links":{"self":[{"href":"https:\/\/roveyayinevi.com.tr\/index.php\/wp-json\/wp\/v2\/product\/710597","targetHints":{"allow":["GET"]}}],"collection":[{"href":"https:\/\/roveyayinevi.com.tr\/index.php\/wp-json\/wp\/v2\/product"}],"about":[{"href":"https:\/\/roveyayinevi.com.tr\/index.php\/wp-json\/wp\/v2\/types\/product"}],"wp:attachment":[{"href":"https:\/\/roveyayinevi.com.tr\/index.php\/wp-json\/wp\/v2\/media?parent=710597"}],"wp:term":[{"taxonomy":"product_brand","embeddable":true,"href":"https:\/\/roveyayinevi.com.tr\/index.php\/wp-json\/wp\/v2\/product_brand?post=710597"},{"taxonomy":"product_cat","embeddable":true,"href":"https:\/\/roveyayinevi.com.tr\/index.php\/wp-json\/wp\/v2\/product_cat?post=710597"},{"taxonomy":"product_tag","embeddable":true,"href":"https:\/\/roveyayinevi.com.tr\/index.php\/wp-json\/wp\/v2\/product_tag?post=710597"}],"curies":[{"name":"wp","href":"https:\/\/api.w.org\/{rel}","templated":true}]}}