{"id":710594,"date":"2025-08-27T16:37:33","date_gmt":"2025-08-27T13:37:33","guid":{"rendered":"https:\/\/roveyayinevi.com.tr\/index.php\/urun\/sen-de-ciplaksin-gundelik-hayat-ve-kapitalizm\/"},"modified":"2026-01-29T02:35:02","modified_gmt":"2026-01-28T23:35:02","slug":"sen-de-ciplaksin-gundelik-hayat-ve-kapitalizm","status":"publish","type":"product","link":"https:\/\/roveyayinevi.com.tr\/index.php\/urun\/sen-de-ciplaksin-gundelik-hayat-ve-kapitalizm\/","title":{"rendered":"Sen de \u00c7\u0131plaks\u0131n (G\u00fcndelik Hayat ve Kapitalizm)"},"content":{"rendered":"<p>Sevgili okur, bende senin gibi kitab\u0131n arka kapa\u011f\u0131na bakar, kendimce bu kitap, bana, hayat\u0131ma ne katabilir diye merak ederdim? Hatta buradaki sat\u0131rlara g\u00f6re kitap ald\u0131\u011f\u0131m da olmu\u015ftur. Bunun i\u00e7in yazd\u0131\u011f\u0131m \u201cKitap Neyi Anlat\u0131yor?\u201d ba\u015fl\u0131kl\u0131 k\u0131s\u0131m, sana yol g\u00f6sterici olabilir. Bu kitap, sana, g\u00fcndelik hayat\u0131na, i\u015fine, e\u015fine, dostuna, okuluna televizyona, internete, siyasete, gen\u00e7li\u011fe vb. dair bir \u015feyler s\u00f6yl\u00fcyor. Hatta g\u00fcndelik hayat\u0131na dair sorular sorman\u0131 istiyor; seni \u00e7\u0131kt\u0131\u011f\u0131 bu yolculu\u011fa ortak etmek istiyor. Yine bu kitap, \u00f6ncelikle g\u00fcndelik hayat\u0131m\u0131z \u00fczerinden bir kapitalizm ele\u015ftirisidir. Bunu yaparken nas\u0131l bir hayat ya\u015fad\u0131\u011f\u0131n\u0131, neden b\u00f6yle bir hayata mahk\u00fbm b\u0131rak\u0131ld\u0131\u011f\u0131n\u0131 ve neden bu hayat\u0131n bizler i\u00e7in ya\u015fanabilecek tek hayat bi\u00e7imi olarak sunuldu\u011funu anlatmaya \u00e7al\u0131\u015f\u0131yor. <\/p>\n","protected":false},"excerpt":{"rendered":"<p>Sevgili okur, bende senin gibi kitab\u0131n arka kapa\u011f\u0131na bakar, kendimce bu kitap, bana, hayat\u0131ma ne katabilir diye merak ederdim? Hatta buradaki sat\u0131rlara g\u00f6re kitap ald\u0131\u011f\u0131m da<span class=\"excerpt-hellip\"> [\u2026]<\/span><\/p>\n","protected":false},"featured_media":0,"template":"","meta":{"_monsterinsights_skip_tracking":false,"_monsterinsights_sitenote_active":false,"_monsterinsights_sitenote_note":"","_monsterinsights_sitenote_category":0},"product_brand":[],"product_cat":[13590,12337],"product_tag":[],"class_list":{"0":"post-710594","1":"product","2":"type-product","3":"status-publish","5":"product_cat-arastirma-inceleme-politika-siyaset","6":"product_cat-politika-siyaset","7":"pa_cilt-ciltsiz","8":"pa_tur-kitap","9":"pa_yayinevi-utopya-yayinevi","10":"pa_yazar-ahmet-rasim-kalayci","12":"first","13":"instock","14":"sale","15":"shipping-taxable","16":"purchasable","17":"product-type-simple"},"_links":{"self":[{"href":"https:\/\/roveyayinevi.com.tr\/index.php\/wp-json\/wp\/v2\/product\/710594","targetHints":{"allow":["GET"]}}],"collection":[{"href":"https:\/\/roveyayinevi.com.tr\/index.php\/wp-json\/wp\/v2\/product"}],"about":[{"href":"https:\/\/roveyayinevi.com.tr\/index.php\/wp-json\/wp\/v2\/types\/product"}],"wp:attachment":[{"href":"https:\/\/roveyayinevi.com.tr\/index.php\/wp-json\/wp\/v2\/media?parent=710594"}],"wp:term":[{"taxonomy":"product_brand","embeddable":true,"href":"https:\/\/roveyayinevi.com.tr\/index.php\/wp-json\/wp\/v2\/product_brand?post=710594"},{"taxonomy":"product_cat","embeddable":true,"href":"https:\/\/roveyayinevi.com.tr\/index.php\/wp-json\/wp\/v2\/product_cat?post=710594"},{"taxonomy":"product_tag","embeddable":true,"href":"https:\/\/roveyayinevi.com.tr\/index.php\/wp-json\/wp\/v2\/product_tag?post=710594"}],"curies":[{"name":"wp","href":"https:\/\/api.w.org\/{rel}","templated":true}]}}