{"id":710592,"date":"2025-08-27T16:37:32","date_gmt":"2025-08-27T13:37:32","guid":{"rendered":"https:\/\/roveyayinevi.com.tr\/index.php\/urun\/daralan\/"},"modified":"2026-04-07T02:26:11","modified_gmt":"2026-04-06T23:26:11","slug":"daralan","status":"publish","type":"product","link":"https:\/\/roveyayinevi.com.tr\/index.php\/urun\/daralan\/","title":{"rendered":"Daralan"},"content":{"rendered":"<p>\u0130nsan da zaman gibi bazen daral\u0131p bazen geni\u015fler..Eyvah Kitap! adl\u0131 ba\u015fyap\u0131t\u0131yla y\u00fcz binlerce okura ula\u015fan yazar Mine Soysal, son roman\u0131nda k\u0131y\u0131da k\u00f6\u015fede kalm\u0131\u015f ya\u015famlara odaklan\u0131yor. Gen\u00e7lerin k\u00fcsk\u00fcn i\u00e7sesini, biriken kayg\u0131lar\u0131n\u0131, kimi \u00f6fkeli kimi cesur \u00e7\u0131k\u0131\u015flar\u0131n\u0131 k\u00fc\u00e7\u00fck bir Anadolu kentinin yoksul mahallesinde bulu\u015fturan yazar, hayat\u0131n y\u00fcrek burkan zor yanlar\u0131n\u0131 dillendirirken ileti\u015fim ve anlay\u0131\u015fa tutunuyor. Benzer ko\u015fullar\u0131n s\u0131radan insanlar \u00fczerindeki farkl\u0131 etkilerini ger\u00e7eklikle aktaran roman, korkular\u0131 dayan\u0131\u015fmayla da\u011f\u0131tanlar\u0131, ya\u015fama d\u00f6rt elle sar\u0131lanlar\u0131 incelikli diliyle selaml\u0131yor.Mete&#8217;nin liseye ba\u015flayaca\u011f\u0131 o yaz, i\u00e7 darlatan sorunlar\u0131yla birlikte gelmi\u015ftir. Maddi s\u0131k\u0131nt\u0131lar ve bedensel engelli ablas\u0131n\u0131n sessiz \u00e7aresizli\u011fi yetmezmi\u015f gibi, yeni kom\u015fular\u0131n g\u00fcr\u00fclt\u00fcs\u00fc de Mete&#8217;nin i\u00e7sesini bast\u0131racak g\u00fc\u00e7tedir. Aile i\u00e7inde \u015fiddete ilk kez tan\u0131k olmas\u0131 dura\u011fan hayat\u0131n\u0131 sarsm\u0131\u015f, kom\u015fular\u0131n\u0131n o\u011flu \u00d6mer yakas\u0131na yap\u0131\u015f\u0131vermi\u015ftir. Neyse ki, tezini yazmak i\u00e7in yanlar\u0131na gelen psikolog teyzesi, tatl\u0131 bir yaz esintisi yarat\u0131r yoksul evlerinde. Teyzesinin, \u00e7o\u011funu anlamad\u0131\u011f\u0131 laflar\u0131nda, S\u0131la&#8217;n\u0131n zeytin g\u00f6zlerinde p\u0131r\u0131ldayan umut, Mete&#8217;nin bunalt\u0131s\u0131n\u0131 da\u011f\u0131tmaya yetecek midir?.. <\/p>\n","protected":false},"excerpt":{"rendered":"<p>\u0130nsan da zaman gibi bazen daral\u0131p bazen geni\u015fler..Eyvah Kitap! adl\u0131 ba\u015fyap\u0131t\u0131yla y\u00fcz binlerce okura ula\u015fan yazar Mine Soysal, son roman\u0131nda k\u0131y\u0131da k\u00f6\u015fede kalm\u0131\u015f ya\u015famlara odaklan\u0131yor. Gen\u00e7lerin<span class=\"excerpt-hellip\"> [\u2026]<\/span><\/p>\n","protected":false},"featured_media":0,"template":"","meta":{"_monsterinsights_skip_tracking":false,"_monsterinsights_sitenote_active":false,"_monsterinsights_sitenote_note":"","_monsterinsights_sitenote_category":0},"product_brand":[],"product_cat":[12291,12711],"product_tag":[],"class_list":{"0":"post-710592","1":"product","2":"type-product","3":"status-publish","5":"product_cat-edebiyat","6":"product_cat-roman-oyku","7":"pa_cilt-ciltsiz","8":"pa_tur-kitap","9":"pa_yayinevi-gunisigi-kitapligi","10":"pa_yazar-mine-soysal","12":"first","13":"instock","14":"sale","15":"shipping-taxable","16":"purchasable","17":"product-type-simple"},"_links":{"self":[{"href":"https:\/\/roveyayinevi.com.tr\/index.php\/wp-json\/wp\/v2\/product\/710592","targetHints":{"allow":["GET"]}}],"collection":[{"href":"https:\/\/roveyayinevi.com.tr\/index.php\/wp-json\/wp\/v2\/product"}],"about":[{"href":"https:\/\/roveyayinevi.com.tr\/index.php\/wp-json\/wp\/v2\/types\/product"}],"wp:attachment":[{"href":"https:\/\/roveyayinevi.com.tr\/index.php\/wp-json\/wp\/v2\/media?parent=710592"}],"wp:term":[{"taxonomy":"product_brand","embeddable":true,"href":"https:\/\/roveyayinevi.com.tr\/index.php\/wp-json\/wp\/v2\/product_brand?post=710592"},{"taxonomy":"product_cat","embeddable":true,"href":"https:\/\/roveyayinevi.com.tr\/index.php\/wp-json\/wp\/v2\/product_cat?post=710592"},{"taxonomy":"product_tag","embeddable":true,"href":"https:\/\/roveyayinevi.com.tr\/index.php\/wp-json\/wp\/v2\/product_tag?post=710592"}],"curies":[{"name":"wp","href":"https:\/\/api.w.org\/{rel}","templated":true}]}}