{"id":710591,"date":"2025-08-27T16:37:32","date_gmt":"2025-08-27T13:37:32","guid":{"rendered":"https:\/\/roveyayinevi.com.tr\/index.php\/urun\/insan-cevre-etkilesimi\/"},"modified":"2026-04-16T02:19:21","modified_gmt":"2026-04-15T23:19:21","slug":"insan-cevre-etkilesimi","status":"publish","type":"product","link":"https:\/\/roveyayinevi.com.tr\/index.php\/urun\/insan-cevre-etkilesimi\/","title":{"rendered":"\u0130nsan \u00c7evre Etkile\u015fimi"},"content":{"rendered":"<p>\u0130nsan, biyolojik yap\u0131s\u0131yla di\u011fer memeli hayvanlardan bir fark\u0131 olmamas\u0131na kar\u015f\u0131n, \u00f6zellikle ruhsal, bili\u015fsel ve sosyal yap\u0131s\u0131yla hi\u00e7bir canl\u0131yla kar\u015f\u0131la\u015ft\u0131r\u0131lamayacak \u00f6zelliklere sahiptir. Bu eserde insan\u0131n kendine \u00f6zg\u00fc olan bu \u00f6zelliklerine k\u0131saca de\u011findikten sonra, insan \u00e7evre etkile\u015fimini daha a\u00e7\u0131k, do\u011fru ve kal\u0131c\u0131 anlayabilmek i\u00e7in \u00e7evre ko\u015fullar\u0131n\u0131 neler oldu\u011fu sade ve basit dille a\u00e7\u0131klanm\u0131\u015ft\u0131r. Daha sonra da insan \u00e7evre ili\u015fkisi ve etkile\u015fimi ile son 60-70 y\u0131l i\u00e7inde insan kaynakl\u0131 olarak ortaya \u00e7\u0131kan \u00e7evre sorunlar\u0131yla, bunlar\u0131n \u00e7\u00f6z\u00fcm yollar\u0131 a\u00e7\u0131klanmaya \u00e7al\u0131\u015f\u0131lacakt\u0131r. Bunun nedeni bir canl\u0131 hakk\u0131nda yeterli, do\u011fru ve doyurucu bilgi elde edebilmenin tek yolu onu ya\u015fad\u0131\u011f\u0131 \u00e7evresiyle birlikte ele almakla m\u00fcmk\u00fcnd\u00fcr. Bu eserinde temel amac\u0131 kendimizi ya\u015fad\u0131\u011f\u0131m\u0131z \u00e7evreyle birlikte de\u011ferlendirerek kaliteli ya\u015fama yolunun g\u00f6stermektir. <\/p>\n","protected":false},"excerpt":{"rendered":"<p>\u0130nsan, biyolojik yap\u0131s\u0131yla di\u011fer memeli hayvanlardan bir fark\u0131 olmamas\u0131na kar\u015f\u0131n, \u00f6zellikle ruhsal, bili\u015fsel ve sosyal yap\u0131s\u0131yla hi\u00e7bir canl\u0131yla kar\u015f\u0131la\u015ft\u0131r\u0131lamayacak \u00f6zelliklere sahiptir. Bu eserde insan\u0131n kendine \u00f6zg\u00fc<span class=\"excerpt-hellip\"> [\u2026]<\/span><\/p>\n","protected":false},"featured_media":0,"template":"","meta":{"_monsterinsights_skip_tracking":false,"_monsterinsights_sitenote_active":false,"_monsterinsights_sitenote_note":"","_monsterinsights_sitenote_category":0},"product_brand":[],"product_cat":[12573,12566],"product_tag":[],"class_list":{"0":"post-710591","1":"product","2":"type-product","3":"status-publish","5":"product_cat-akademik-kitaplar","6":"product_cat-egitim","7":"pa_cilt-ciltsiz","8":"pa_tur-kitap","9":"pa_yayinevi-bilgin-kultur-sanat","10":"pa_yazar-galip-akin","12":"first","13":"instock","14":"sale","15":"shipping-taxable","16":"purchasable","17":"product-type-simple"},"_links":{"self":[{"href":"https:\/\/roveyayinevi.com.tr\/index.php\/wp-json\/wp\/v2\/product\/710591","targetHints":{"allow":["GET"]}}],"collection":[{"href":"https:\/\/roveyayinevi.com.tr\/index.php\/wp-json\/wp\/v2\/product"}],"about":[{"href":"https:\/\/roveyayinevi.com.tr\/index.php\/wp-json\/wp\/v2\/types\/product"}],"wp:attachment":[{"href":"https:\/\/roveyayinevi.com.tr\/index.php\/wp-json\/wp\/v2\/media?parent=710591"}],"wp:term":[{"taxonomy":"product_brand","embeddable":true,"href":"https:\/\/roveyayinevi.com.tr\/index.php\/wp-json\/wp\/v2\/product_brand?post=710591"},{"taxonomy":"product_cat","embeddable":true,"href":"https:\/\/roveyayinevi.com.tr\/index.php\/wp-json\/wp\/v2\/product_cat?post=710591"},{"taxonomy":"product_tag","embeddable":true,"href":"https:\/\/roveyayinevi.com.tr\/index.php\/wp-json\/wp\/v2\/product_tag?post=710591"}],"curies":[{"name":"wp","href":"https:\/\/api.w.org\/{rel}","templated":true}]}}