{"id":710590,"date":"2025-08-27T16:37:31","date_gmt":"2025-08-27T13:37:31","guid":{"rendered":"https:\/\/roveyayinevi.com.tr\/index.php\/urun\/gercek-probiyotik-beslenme-fermantasyonla-sifali-gidalar\/"},"modified":"2026-04-16T02:19:21","modified_gmt":"2026-04-15T23:19:21","slug":"gercek-probiyotik-beslenme-fermantasyonla-sifali-gidalar","status":"publish","type":"product","link":"https:\/\/roveyayinevi.com.tr\/index.php\/urun\/gercek-probiyotik-beslenme-fermantasyonla-sifali-gidalar\/","title":{"rendered":"Ger\u00e7ek Probiyotik Beslenme (Fermantasyonla \u015eifal\u0131 G\u0131dalar)"},"content":{"rendered":"<p>G\u0131dan\u0131n \u015fifal\u0131 d\u00f6n\u00fc\u015f\u00fcm\u00fc Ba\u011f\u0131rsak ikinci beynimiz! Sindirim sistemimiz ne kadar iyi \u00e7al\u0131\u015f\u0131yorsa o kadar sa\u011fl\u0131kl\u0131, hatta o kadar mutluyuz asl\u0131nda.  Sa\u011fl\u0131ks\u0131z g\u0131dalar, beslenme hatalar\u0131, stres ve \u00e7evresel fakt\u00f6rler gibi pek \u00e7ok etken sindirim sistemimizi zay\u0131f d\u00fc\u015f\u00fcr\u00fcp hastal\u0131klara davetiye \u00e7\u0131kar\u0131yor.Peki ne yapmal\u0131y\u0131z? Sindirimi iyile\u015ftirmenin ve ba\u011f\u0131\u015f\u0131kl\u0131\u011f\u0131 g\u00fc\u00e7lendirmenin yolu probiyotik g\u0131dalardan ge\u00e7iyor\u2026 Ama probiyotik g\u0131dalar i\u00e7in market raflar\u0131na ko\u015fman\u0131za gerek yok. En kolay ve en sa\u011fl\u0131kl\u0131 y\u00f6ntem yediklerinizi mayaland\u0131rarak ger\u00e7ek probiyotik g\u0131dalara d\u00f6n\u00fc\u015ft\u00fcrmek! Hem de kendi mutfa\u011f\u0131n\u0131zda. Sebzelerden meyvelere, bakliyattan kuruyemi\u015flere fermente s\u00fcper g\u0131dalar\u2026 Mevsimine g\u00f6re hem sa\u011fl\u0131kl\u0131 hem lezzetli sindirim dostu tur\u015fular\u2026\u0130pek Ku\u015f\u00e7u Ger\u00e7ek ProbiyotikBeslenme\u2019de, Anadolu\u2019da binlerce y\u0131ld\u0131r uygulanan geleneksel y\u00f6ntemi yeniden canland\u0131r\u0131yor ve kahvalt\u0131dan at\u0131\u015ft\u0131rmal\u0131klara kadar pek \u00e7ok tarifle sofralar\u0131n\u0131z\u0131 \u015fifaland\u0131r\u0131yor. <\/p>\n","protected":false},"excerpt":{"rendered":"<p>G\u0131dan\u0131n \u015fifal\u0131 d\u00f6n\u00fc\u015f\u00fcm\u00fc Ba\u011f\u0131rsak ikinci beynimiz! Sindirim sistemimiz ne kadar iyi \u00e7al\u0131\u015f\u0131yorsa o kadar sa\u011fl\u0131kl\u0131, hatta o kadar mutluyuz asl\u0131nda. Sa\u011fl\u0131ks\u0131z g\u0131dalar, beslenme hatalar\u0131, stres ve<span class=\"excerpt-hellip\"> [\u2026]<\/span><\/p>\n","protected":false},"featured_media":0,"template":"","meta":{"_monsterinsights_skip_tracking":false,"_monsterinsights_sitenote_active":false,"_monsterinsights_sitenote_note":"","_monsterinsights_sitenote_category":0},"product_brand":[],"product_cat":[12457],"product_tag":[],"class_list":{"0":"post-710590","1":"product","2":"type-product","3":"status-publish","5":"product_cat-yemek-kitaplari","6":"pa_cilt-ciltsiz","7":"pa_tur-kitap","8":"pa_yayinevi-dogan-kitap","9":"pa_yazar-ipek-kuscu","11":"first","12":"instock","13":"sale","14":"shipping-taxable","15":"purchasable","16":"product-type-simple"},"_links":{"self":[{"href":"https:\/\/roveyayinevi.com.tr\/index.php\/wp-json\/wp\/v2\/product\/710590","targetHints":{"allow":["GET"]}}],"collection":[{"href":"https:\/\/roveyayinevi.com.tr\/index.php\/wp-json\/wp\/v2\/product"}],"about":[{"href":"https:\/\/roveyayinevi.com.tr\/index.php\/wp-json\/wp\/v2\/types\/product"}],"wp:attachment":[{"href":"https:\/\/roveyayinevi.com.tr\/index.php\/wp-json\/wp\/v2\/media?parent=710590"}],"wp:term":[{"taxonomy":"product_brand","embeddable":true,"href":"https:\/\/roveyayinevi.com.tr\/index.php\/wp-json\/wp\/v2\/product_brand?post=710590"},{"taxonomy":"product_cat","embeddable":true,"href":"https:\/\/roveyayinevi.com.tr\/index.php\/wp-json\/wp\/v2\/product_cat?post=710590"},{"taxonomy":"product_tag","embeddable":true,"href":"https:\/\/roveyayinevi.com.tr\/index.php\/wp-json\/wp\/v2\/product_tag?post=710590"}],"curies":[{"name":"wp","href":"https:\/\/api.w.org\/{rel}","templated":true}]}}