{"id":710588,"date":"2025-08-27T16:37:30","date_gmt":"2025-08-27T13:37:30","guid":{"rendered":"https:\/\/roveyayinevi.com.tr\/index.php\/urun\/cikartmalarla-kelime-ogreniyorum-serisi-cikartmalarla-ingilizce-1000-kelime-500-cikartma\/"},"modified":"2026-04-16T02:19:21","modified_gmt":"2026-04-15T23:19:21","slug":"cikartmalarla-kelime-ogreniyorum-serisi-cikartmalarla-ingilizce-1000-kelime-500-cikartma","status":"publish","type":"product","link":"https:\/\/roveyayinevi.com.tr\/index.php\/urun\/cikartmalarla-kelime-ogreniyorum-serisi-cikartmalarla-ingilizce-1000-kelime-500-cikartma\/","title":{"rendered":"\u00c7\u0131kartmalarla Kelime \u00d6\u011freniyorum Serisi &#8211; \u00c7\u0131kartmalarla \u0130ngilizce 1000 Kelime (500 \u00c7\u0131kartma)"},"content":{"rendered":"<p>Her d\u00fczeyde \u0130ngilizce kelime \u00f6\u011frenimi i\u00e7in kolayl\u0131kla kullanabilece\u011finiz boyutlarda \u00c7\u0131kartmalarla \u0130ngilizce 1000 Kelime, \u0130ngilizcede en s\u0131k kullan\u0131lan kelimeleri, resimleri ile birlikte sunmaktad\u0131r. 500&#8217;\u00fcn \u00fczerinde \u00e7\u0131kartman\u0131n yer ald\u0131\u011f\u0131 kitap kelime \u00f6\u011frenmeyi bir oyun haline getirerek \u00e7ocuklar\u0131 \u00f6\u011frenmeye te\u015fvik eder, \u00e7ocuklar\u0131n kelimeleri h\u0131zl\u0131 ve etkili bi\u00e7imde \u00f6\u011frenmesin m\u00fcmk\u00fcn k\u0131lar ve resimlerle kelimelerin e\u015fle\u015ftirilmesini sa\u011flayarak g\u00f6rsel haf\u0131za, dikkat ve hat\u0131rlama becerilerinin geli\u015fimine yard\u0131mc\u0131 olur. Kelime \u00f6\u011frenimini etkinliklerle birle\u015ftiren \u00c7\u0131kartmalarla \u0130ngilizce 1000 Kelime, \u00e7ocu\u011funuzu e\u011flenceli bir \u00f6\u011frenme yolculu\u011funa \u00e7\u0131kararak saatlerce keyifli zaman ge\u00e7irmesini sa\u011flayacak. \u00c7ocuklar \u0130ngilizceyi kolayca \u00f6\u011frenecek! <\/p>\n","protected":false},"excerpt":{"rendered":"<p>Her d\u00fczeyde \u0130ngilizce kelime \u00f6\u011frenimi i\u00e7in kolayl\u0131kla kullanabilece\u011finiz boyutlarda \u00c7\u0131kartmalarla \u0130ngilizce 1000 Kelime, \u0130ngilizcede en s\u0131k kullan\u0131lan kelimeleri, resimleri ile birlikte sunmaktad\u0131r. 500&#8217;\u00fcn \u00fczerinde \u00e7\u0131kartman\u0131n yer<span class=\"excerpt-hellip\"> [\u2026]<\/span><\/p>\n","protected":false},"featured_media":0,"template":"","meta":{"_monsterinsights_skip_tracking":false,"_monsterinsights_sitenote_active":false,"_monsterinsights_sitenote_note":"","_monsterinsights_sitenote_category":0},"product_brand":[],"product_cat":[14597,12566],"product_tag":[],"class_list":{"0":"post-710588","1":"product","2":"type-product","3":"status-publish","5":"product_cat-dil-ogrenimi","6":"product_cat-egitim","7":"pa_cilt-ciltsiz","8":"pa_tur-kitap","9":"pa_yayinevi-almidilli","10":"pa_yazar-heather-amery","12":"first","13":"instock","14":"sale","15":"shipping-taxable","16":"purchasable","17":"product-type-simple"},"_links":{"self":[{"href":"https:\/\/roveyayinevi.com.tr\/index.php\/wp-json\/wp\/v2\/product\/710588","targetHints":{"allow":["GET"]}}],"collection":[{"href":"https:\/\/roveyayinevi.com.tr\/index.php\/wp-json\/wp\/v2\/product"}],"about":[{"href":"https:\/\/roveyayinevi.com.tr\/index.php\/wp-json\/wp\/v2\/types\/product"}],"wp:attachment":[{"href":"https:\/\/roveyayinevi.com.tr\/index.php\/wp-json\/wp\/v2\/media?parent=710588"}],"wp:term":[{"taxonomy":"product_brand","embeddable":true,"href":"https:\/\/roveyayinevi.com.tr\/index.php\/wp-json\/wp\/v2\/product_brand?post=710588"},{"taxonomy":"product_cat","embeddable":true,"href":"https:\/\/roveyayinevi.com.tr\/index.php\/wp-json\/wp\/v2\/product_cat?post=710588"},{"taxonomy":"product_tag","embeddable":true,"href":"https:\/\/roveyayinevi.com.tr\/index.php\/wp-json\/wp\/v2\/product_tag?post=710588"}],"curies":[{"name":"wp","href":"https:\/\/api.w.org\/{rel}","templated":true}]}}