{"id":710586,"date":"2025-08-27T16:37:29","date_gmt":"2025-08-27T13:37:29","guid":{"rendered":"https:\/\/roveyayinevi.com.tr\/index.php\/urun\/gercek-tip-yitik-sifanin-izinde\/"},"modified":"2026-04-16T02:19:21","modified_gmt":"2026-04-15T23:19:21","slug":"gercek-tip-yitik-sifanin-izinde","status":"publish","type":"product","link":"https:\/\/roveyayinevi.com.tr\/index.php\/urun\/gercek-tip-yitik-sifanin-izinde\/","title":{"rendered":"Ger\u00e7ek T\u0131p Yitik \u015eifan\u0131n \u0130zinde"},"content":{"rendered":"<p>&#8216;Ger\u00e7ek T\u0131p&#8217;, hastal\u0131klar\u0131n ger\u00e7ek sebeplerini, hastal\u0131klara kar\u015f\u0131 \u00e7aresiz olmad\u0131\u011f\u0131m\u0131z\u0131, ilahi kurallar\u0131 \u00e7i\u011fneyerek \u015fifaya ula\u015f\u0131lamayaca\u011f\u0131n\u0131 ve yitirdi\u011fimiz \u015fifan\u0131n izini tekrar s\u00fcrebilece\u011fimizi anlat\u0131rken sade ve hikmet dolu bir ger\u00e7e\u011fe i\u015faret ediyor.T\u00fcm sa\u011fl\u0131k meselelerinin ger\u00e7ek bir t\u0131p yakla\u015f\u0131m\u0131yla ele al\u0131nd\u0131\u011f\u0131 bu \u00e7al\u0131\u015fmayla &#8216;az yiyerek&#8217; ve &#8216;do\u011fru beslenerek&#8217; sa\u011fl\u0131\u011f\u0131n\u0131z\u0131 koruyabilir; \u00f6nerilen y\u00f6ntemlerle hastal\u0131klar\u0131n\u0131zdan kurtulabilirsiniz.&#8221;Allah, \u015fifas\u0131n\u0131 vermedi\u011fi hi\u00e7bir hastal\u0131\u011f\u0131 yaratmam\u0131\u015ft\u0131r. Onu bilen bildi, bilmeyen de bilmedi&#8221; (Buhari, Kader, 4) <\/p>\n","protected":false},"excerpt":{"rendered":"<p>&#8216;Ger\u00e7ek T\u0131p&#8217;, hastal\u0131klar\u0131n ger\u00e7ek sebeplerini, hastal\u0131klara kar\u015f\u0131 \u00e7aresiz olmad\u0131\u011f\u0131m\u0131z\u0131, ilahi kurallar\u0131 \u00e7i\u011fneyerek \u015fifaya ula\u015f\u0131lamayaca\u011f\u0131n\u0131 ve yitirdi\u011fimiz \u015fifan\u0131n izini tekrar s\u00fcrebilece\u011fimizi anlat\u0131rken sade ve hikmet dolu bir<span class=\"excerpt-hellip\"> [\u2026]<\/span><\/p>\n","protected":false},"featured_media":0,"template":"","meta":{"_monsterinsights_skip_tracking":false,"_monsterinsights_sitenote_active":false,"_monsterinsights_sitenote_note":"","_monsterinsights_sitenote_category":0},"product_brand":[],"product_cat":[12312,12304],"product_tag":[],"class_list":{"0":"post-710586","1":"product","2":"type-product","3":"status-publish","5":"product_cat-diger","6":"product_cat-tarih","7":"pa_cilt-ciltsiz","8":"pa_tur-kitap","9":"pa_yayinevi-yitik-sifa-yayinlari","10":"pa_yazar-aidin-salih","12":"first","13":"instock","14":"sale","15":"shipping-taxable","16":"purchasable","17":"product-type-simple"},"_links":{"self":[{"href":"https:\/\/roveyayinevi.com.tr\/index.php\/wp-json\/wp\/v2\/product\/710586","targetHints":{"allow":["GET"]}}],"collection":[{"href":"https:\/\/roveyayinevi.com.tr\/index.php\/wp-json\/wp\/v2\/product"}],"about":[{"href":"https:\/\/roveyayinevi.com.tr\/index.php\/wp-json\/wp\/v2\/types\/product"}],"wp:attachment":[{"href":"https:\/\/roveyayinevi.com.tr\/index.php\/wp-json\/wp\/v2\/media?parent=710586"}],"wp:term":[{"taxonomy":"product_brand","embeddable":true,"href":"https:\/\/roveyayinevi.com.tr\/index.php\/wp-json\/wp\/v2\/product_brand?post=710586"},{"taxonomy":"product_cat","embeddable":true,"href":"https:\/\/roveyayinevi.com.tr\/index.php\/wp-json\/wp\/v2\/product_cat?post=710586"},{"taxonomy":"product_tag","embeddable":true,"href":"https:\/\/roveyayinevi.com.tr\/index.php\/wp-json\/wp\/v2\/product_tag?post=710586"}],"curies":[{"name":"wp","href":"https:\/\/api.w.org\/{rel}","templated":true}]}}