{"id":710583,"date":"2025-08-27T16:37:28","date_gmt":"2025-08-27T13:37:28","guid":{"rendered":"https:\/\/roveyayinevi.com.tr\/index.php\/urun\/kumarbaz-6\/"},"modified":"2026-04-16T02:19:21","modified_gmt":"2026-04-15T23:19:21","slug":"kumarbaz-6","status":"publish","type":"product","link":"https:\/\/roveyayinevi.com.tr\/index.php\/urun\/kumarbaz-6\/","title":{"rendered":"Kumarbaz"},"content":{"rendered":"<p>En tehlikeli duygular\u0131n ba\u015f\u0131nda gelir kumarbaz\u0131n tutkusu. Tatl\u0131 ve cehennem\u00ee bir heyecan, hayat\u0131n \u00f6l\u00e7\u00fc ve kural koyan t\u00fcm k\u00fc\u00e7\u00fck hesaplar\u0131n\u0131 k\u0131sa yoldan y\u0131kmak ister. Kumarbaz bir kez talihini denemekle ne \u00e7ok \u015fey elde edece\u011fini d\u00fc\u015f\u00fcn\u00fcr. Kaybedece\u011fi akl\u0131n\u0131n ucundan ge\u00e7mez. B\u00f6ylelikle hi\u00e7 bitmeyen bir oyun \u00e7emberinin i\u00e7inde say\u0131lar ve renkler aras\u0131nda kaybolur. Hik\u00e2ye, d\u00fcnyan\u0131n farkl\u0131 yerlerinden bir araya gelen bir Alman kasabas\u0131nda ge\u00e7er. Rulet masas\u0131nda kazand\u0131k\u00e7a daha \u00e7ok kazanmak isteyen ya\u015fl\u0131, huysuz bir kad\u0131n\u2026 Ona e\u015flik eden Aleksey\u0130vanovi\u00e7\u2026 Bir s\u00fcre sonra gen\u00e7 adam\u0131n kumarda para kazanma hayaliyle sevgilisine yard\u0131m etme iste\u011fi\u2026 Hayal k\u0131r\u0131kl\u0131\u011f\u0131na u\u011fram\u0131\u015f bir general ve di\u011fer karakterler\u2026 Herkes zengin olmak ister. Bir yandan miras ve bor\u00e7 i\u015fleri \u00e7\u00f6z\u00fcms\u00fcz ortada beklerken di\u011fer yandan insan davran\u0131\u015flar\u0131ndaki zay\u0131fl\u0131k ve ahl\u00e2ki \u00e7\u00f6k\u00fc\u015fler birbirini takip eder. Ve Dostoyevski\u2019nin t\u00fcm yap\u0131tlar\u0131nda g\u00f6r\u00fclen iyilik ve k\u00f6t\u00fcl\u00fck aras\u0131ndaki ince \u00e7izgiler yava\u015f yava\u015f belirir. Yazar\u0131n ya\u015fam\u0131ndan \u00f6nemli kesitlerin sunuldu\u011fu Kumarbaz\u2019\u0131n k\u0131sa bir s\u00fcre i\u00e7inde kaleme al\u0131nd\u0131\u011f\u0131 bilinir. Zira b\u00fcy\u00fck romanc\u0131n\u0131n fazla vakti yoktur, en k\u0131sa zamanda bu kitab\u0131 tamamlayarak bir an evvel bor\u00e7lar\u0131ndan kurtulmas\u0131 gerekecektir. <\/p>\n","protected":false},"excerpt":{"rendered":"<p>En tehlikeli duygular\u0131n ba\u015f\u0131nda gelir kumarbaz\u0131n tutkusu. Tatl\u0131 ve cehennem\u00ee bir heyecan, hayat\u0131n \u00f6l\u00e7\u00fc ve kural koyan t\u00fcm k\u00fc\u00e7\u00fck hesaplar\u0131n\u0131 k\u0131sa yoldan y\u0131kmak ister. Kumarbaz bir<span class=\"excerpt-hellip\"> [\u2026]<\/span><\/p>\n","protected":false},"featured_media":0,"template":"","meta":{"_monsterinsights_skip_tracking":false,"_monsterinsights_sitenote_active":false,"_monsterinsights_sitenote_note":"","_monsterinsights_sitenote_category":0},"product_brand":[],"product_cat":[12291,13570],"product_tag":[],"class_list":{"0":"post-710583","1":"product","2":"type-product","3":"status-publish","5":"product_cat-edebiyat","6":"product_cat-rus-edebiyati","7":"pa_cilt-ciltsiz","8":"pa_tur-dergi","9":"pa_yayinevi-dogu-bati-yayinlari","10":"pa_yazar-anna-grigoryevna-dostoyevski","12":"first","13":"instock","14":"sale","15":"shipping-taxable","16":"purchasable","17":"product-type-simple"},"_links":{"self":[{"href":"https:\/\/roveyayinevi.com.tr\/index.php\/wp-json\/wp\/v2\/product\/710583","targetHints":{"allow":["GET"]}}],"collection":[{"href":"https:\/\/roveyayinevi.com.tr\/index.php\/wp-json\/wp\/v2\/product"}],"about":[{"href":"https:\/\/roveyayinevi.com.tr\/index.php\/wp-json\/wp\/v2\/types\/product"}],"wp:attachment":[{"href":"https:\/\/roveyayinevi.com.tr\/index.php\/wp-json\/wp\/v2\/media?parent=710583"}],"wp:term":[{"taxonomy":"product_brand","embeddable":true,"href":"https:\/\/roveyayinevi.com.tr\/index.php\/wp-json\/wp\/v2\/product_brand?post=710583"},{"taxonomy":"product_cat","embeddable":true,"href":"https:\/\/roveyayinevi.com.tr\/index.php\/wp-json\/wp\/v2\/product_cat?post=710583"},{"taxonomy":"product_tag","embeddable":true,"href":"https:\/\/roveyayinevi.com.tr\/index.php\/wp-json\/wp\/v2\/product_tag?post=710583"}],"curies":[{"name":"wp","href":"https:\/\/api.w.org\/{rel}","templated":true}]}}