{"id":710580,"date":"2025-08-27T16:37:26","date_gmt":"2025-08-27T13:37:26","guid":{"rendered":"https:\/\/roveyayinevi.com.tr\/index.php\/urun\/harley-quinn-serisi-2-guc-kesintisi\/"},"modified":"2026-04-16T02:19:20","modified_gmt":"2026-04-15T23:19:20","slug":"harley-quinn-serisi-2-guc-kesintisi","status":"publish","type":"product","link":"https:\/\/roveyayinevi.com.tr\/index.php\/urun\/harley-quinn-serisi-2-guc-kesintisi\/","title":{"rendered":"Harley Quinn Serisi 2 &#8211; G\u00fc\u00e7 Kesintisi"},"content":{"rendered":"<p>Hakiki s\u00fcper kahraman Power Girl g\u00f6ky\u00fcz\u00fcnden d\u00fc\u015f\u00fcp de g\u00f6zlerini Harley Quinn\u2019in Coney Adas\u0131\u2019ndaki kul\u00fcbesinde a\u00e7\u0131nca, malum s\u00fcper k\u00f6t\u00fcn\u00fcn eski metresine tek bir \u015fey kal\u0131r: kendisine yeni bir kost\u00fcm dikmek ve haf\u0131zas\u0131n\u0131 yitirmi\u015f Power Girl\u2019\u00fc, su\u00e7la sava\u015fan bir s\u00fcper kahraman ikilisi olduklar\u0131na inand\u0131rmaya \u00e7al\u0131\u015fmak! Peki, do\u011fru yolu se\u00e7mi\u015f gibi davranan Harley bu rol\u00fc ne kadar devam ettirebilecek?Ayr\u0131ca: FUTURES END fasik\u00fcl\u00fcnde, su\u00e7 d\u00fcnyas\u0131n\u0131n en muhte\u015fem \u00e7ifti Harley ve Joker\u2019in tekrar bir araya geldi\u011fi olas\u0131 bir gelece\u011fe g\u00f6z at\u0131n!Daha Da Ayr\u0131ca: San Diego\u2019ya do\u011fru u\u00e7uk bir seyahate \u00e7\u0131kan Harley, adeta \u201cComic-Con\u201dun \u00fczerine konuyor. Amanda Conner, Dave Johnson ve koca bir salon dolusu yetenekli \u00e7izer de cabas\u0131! <\/p>\n","protected":false},"excerpt":{"rendered":"<p>Hakiki s\u00fcper kahraman Power Girl g\u00f6ky\u00fcz\u00fcnden d\u00fc\u015f\u00fcp de g\u00f6zlerini Harley Quinn\u2019in Coney Adas\u0131\u2019ndaki kul\u00fcbesinde a\u00e7\u0131nca, malum s\u00fcper k\u00f6t\u00fcn\u00fcn eski metresine tek bir \u015fey kal\u0131r: kendisine yeni<span class=\"excerpt-hellip\"> [\u2026]<\/span><\/p>\n","protected":false},"featured_media":0,"template":"","meta":{"_monsterinsights_skip_tracking":false,"_monsterinsights_sitenote_active":false,"_monsterinsights_sitenote_note":"","_monsterinsights_sitenote_category":0},"product_brand":[],"product_cat":[12689,12274],"product_tag":[],"class_list":{"0":"post-710580","1":"product","2":"type-product","3":"status-publish","5":"product_cat-cizgi-roman-cocuk-ve-genclik-kitaplari","6":"product_cat-cocuk-ve-genclik-kitaplari","7":"pa_cilt-ciltsiz","8":"pa_tur-kitap","9":"pa_yayinevi-jbc-yayincilik","10":"pa_yazar-amanda-conner-jimmy-palmiotto","12":"first","13":"instock","14":"sale","15":"shipping-taxable","16":"purchasable","17":"product-type-simple"},"_links":{"self":[{"href":"https:\/\/roveyayinevi.com.tr\/index.php\/wp-json\/wp\/v2\/product\/710580","targetHints":{"allow":["GET"]}}],"collection":[{"href":"https:\/\/roveyayinevi.com.tr\/index.php\/wp-json\/wp\/v2\/product"}],"about":[{"href":"https:\/\/roveyayinevi.com.tr\/index.php\/wp-json\/wp\/v2\/types\/product"}],"wp:attachment":[{"href":"https:\/\/roveyayinevi.com.tr\/index.php\/wp-json\/wp\/v2\/media?parent=710580"}],"wp:term":[{"taxonomy":"product_brand","embeddable":true,"href":"https:\/\/roveyayinevi.com.tr\/index.php\/wp-json\/wp\/v2\/product_brand?post=710580"},{"taxonomy":"product_cat","embeddable":true,"href":"https:\/\/roveyayinevi.com.tr\/index.php\/wp-json\/wp\/v2\/product_cat?post=710580"},{"taxonomy":"product_tag","embeddable":true,"href":"https:\/\/roveyayinevi.com.tr\/index.php\/wp-json\/wp\/v2\/product_tag?post=710580"}],"curies":[{"name":"wp","href":"https:\/\/api.w.org\/{rel}","templated":true}]}}