{"id":710579,"date":"2025-08-27T16:37:25","date_gmt":"2025-08-27T13:37:25","guid":{"rendered":"https:\/\/roveyayinevi.com.tr\/index.php\/urun\/suicide-squad-serisi-3-olum-enayiler-icindir\/"},"modified":"2026-04-16T02:19:20","modified_gmt":"2026-04-15T23:19:20","slug":"suicide-squad-serisi-3-olum-enayiler-icindir","status":"publish","type":"product","link":"https:\/\/roveyayinevi.com.tr\/index.php\/urun\/suicide-squad-serisi-3-olum-enayiler-icindir\/","title":{"rendered":"Suicide Squad Serisi 3 &#8211; \u00d6l\u00fcm Enayiler \u0130\u00e7indir"},"content":{"rendered":"<p>\u00d6l\u00fcmden D\u00f6nmek! B\u00fcy\u00fck ter\u00f6r \u00f6rg\u00fct\u00fc Basilisk\u2019in efendisi Regulus ile \u00f6l\u00fcmc\u00fcl bir sava\u015fa girdikten sonra, Suicide Squad harap olmu\u015f durumda. Ekip lideri Deadshot gizli a\u015f\u0131\u011f\u0131 Harley Quinn i\u00e7in kendini feda ederken, Yo-Yo ve Voltaic kendi ekip \u00fcyeleri taraf\u0131ndan katlediliyor.Ancak baz\u0131 ajanlar, \u00f6l\u00fc kalamayacak kadar k\u0131ymetlidir. Ve Regulus gibi baz\u0131 d\u00fc\u015fmanlar da sonsuza kadar ortadan kaybolmayacak kadar tehlikeli&#8230;Daha da k\u00f6t\u00fcs\u00fc Harley Quinn, Joker olarak da tan\u0131d\u0131\u011f\u0131m\u0131z a\u011f\u0131r yaral\u0131, deli eski sevgilisi taraf\u0131ndan ziyaret edilmek \u00fczere. Bir y\u0131ld\u0131r \u00f6l\u00fc oldu\u011funa inan\u0131lan Joker, Batman ile sava\u015fmak ve sadakatsizli\u011fi i\u00e7in Harley\u2019yi cezaland\u0131rmak i\u00e7in geri d\u00f6n\u00fcyor. Peki ya Squad kendini toplamaya \u00e7al\u0131\u015f\u0131rken yeni lider kim olacak? <\/p>\n","protected":false},"excerpt":{"rendered":"<p>\u00d6l\u00fcmden D\u00f6nmek! B\u00fcy\u00fck ter\u00f6r \u00f6rg\u00fct\u00fc Basilisk\u2019in efendisi Regulus ile \u00f6l\u00fcmc\u00fcl bir sava\u015fa girdikten sonra, Suicide Squad harap olmu\u015f durumda. Ekip lideri Deadshot gizli a\u015f\u0131\u011f\u0131 Harley Quinn<span class=\"excerpt-hellip\"> [\u2026]<\/span><\/p>\n","protected":false},"featured_media":0,"template":"","meta":{"_monsterinsights_skip_tracking":false,"_monsterinsights_sitenote_active":false,"_monsterinsights_sitenote_note":"","_monsterinsights_sitenote_category":0},"product_brand":[],"product_cat":[12689,12274],"product_tag":[],"class_list":{"0":"post-710579","1":"product","2":"type-product","3":"status-publish","5":"product_cat-cizgi-roman-cocuk-ve-genclik-kitaplari","6":"product_cat-cocuk-ve-genclik-kitaplari","7":"pa_cilt-ciltsiz","8":"pa_tur-kitap","9":"pa_yayinevi-jbc-yayincilik","10":"pa_yazar-adam-glass","12":"first","13":"instock","14":"sale","15":"shipping-taxable","16":"purchasable","17":"product-type-simple"},"_links":{"self":[{"href":"https:\/\/roveyayinevi.com.tr\/index.php\/wp-json\/wp\/v2\/product\/710579","targetHints":{"allow":["GET"]}}],"collection":[{"href":"https:\/\/roveyayinevi.com.tr\/index.php\/wp-json\/wp\/v2\/product"}],"about":[{"href":"https:\/\/roveyayinevi.com.tr\/index.php\/wp-json\/wp\/v2\/types\/product"}],"wp:attachment":[{"href":"https:\/\/roveyayinevi.com.tr\/index.php\/wp-json\/wp\/v2\/media?parent=710579"}],"wp:term":[{"taxonomy":"product_brand","embeddable":true,"href":"https:\/\/roveyayinevi.com.tr\/index.php\/wp-json\/wp\/v2\/product_brand?post=710579"},{"taxonomy":"product_cat","embeddable":true,"href":"https:\/\/roveyayinevi.com.tr\/index.php\/wp-json\/wp\/v2\/product_cat?post=710579"},{"taxonomy":"product_tag","embeddable":true,"href":"https:\/\/roveyayinevi.com.tr\/index.php\/wp-json\/wp\/v2\/product_tag?post=710579"}],"curies":[{"name":"wp","href":"https:\/\/api.w.org\/{rel}","templated":true}]}}