{"id":710577,"date":"2025-08-27T16:37:24","date_gmt":"2025-08-27T13:37:24","guid":{"rendered":"https:\/\/roveyayinevi.com.tr\/index.php\/urun\/batman-superman-serisi-3-ikinci-sans\/"},"modified":"2026-04-16T02:19:20","modified_gmt":"2026-04-15T23:19:20","slug":"batman-superman-serisi-3-ikinci-sans","status":"publish","type":"product","link":"https:\/\/roveyayinevi.com.tr\/index.php\/urun\/batman-superman-serisi-3-ikinci-sans\/","title":{"rendered":"Batman\/S\u00fcperman Serisi 3 &#8211; \u0130kinci \u015eans"},"content":{"rendered":"<p>Batman ve Superman: D\u00fcnya\u2019n\u0131n tan\u0131d\u0131\u011f\u0131 gelmi\u015f ge\u00e7mi\u015f en b\u00fcy\u00fck iki kahraman. Hi\u00e7 \u015f\u00fcphesiz, birlikte g\u00f6\u011f\u00fcs geremeyecekleri hi\u00e7bir tehlike yok. Bir insan\u0131n damarlar\u0131nda y\u00fczebilecek kadar k\u00fc\u00e7\u00fck, mikroskobik bir gezegen. Doomsday taraf\u0131ndan hasta edilmi\u015f bir Superman. zaman yolcusu bir kaos iblisi. Tehlikeler silsilesi, d\u00fcnyan\u0131n en cesur kahramanlar\u0131n\u0131n omuzlar\u0131na \u00e7\u00f6k\u00fcyor. Ve bir kurtarma operasyonu olumsuz sonu\u00e7lan\u0131nca iki kahraman da haf\u0131zalar\u0131 silinmi\u015f bir halde, temiz bir sayfaya uyan\u0131yor. \u015eu an Gotham \u015eehri, vicdan\u0131 olmayan bir Superman\u2019le ve intikam yemini etmemi\u015f bir Batman\u2019le kar\u015f\u0131 kar\u015f\u0131ya. S\u0131rtlar\u0131n\u0131 dayayacak kimse olmadan bu iki kahramana ger\u00e7ekte kim olduklar\u0131n\u0131 kim hat\u0131rlatacak? Batman\/Superman: \u0130kinci \u015eans cildinde, \u00fcnl\u00fc yazar Greg Pak (Act\u0131on Com\u0131cs) ve aralar\u0131nda JAE LEE, Karl Kerschl, Marc Deer\u0131ng ile D\u0131ogenes Neves\u2019in bulundu\u011fu \u00e7izer ekibi, Batman ile Superman\u2019i bir \u00e7arp\u0131\u015fma rotas\u0131na sokuyor. Kahramanlar\u0131m\u0131z\u0131n yara almadan kurtulup kurtulamayacaklar\u0131 ise belirsiz\u2026 Bu ciltte, Batman\/ Superman serisinin #10-15 aras\u0131 say\u0131lar\u0131 toplanm\u0131\u015ft\u0131r. <\/p>\n","protected":false},"excerpt":{"rendered":"<p>Batman ve Superman: D\u00fcnya\u2019n\u0131n tan\u0131d\u0131\u011f\u0131 gelmi\u015f ge\u00e7mi\u015f en b\u00fcy\u00fck iki kahraman. Hi\u00e7 \u015f\u00fcphesiz, birlikte g\u00f6\u011f\u00fcs geremeyecekleri hi\u00e7bir tehlike yok. Bir insan\u0131n damarlar\u0131nda y\u00fczebilecek kadar k\u00fc\u00e7\u00fck, mikroskobik<span class=\"excerpt-hellip\"> [\u2026]<\/span><\/p>\n","protected":false},"featured_media":0,"template":"","meta":{"_monsterinsights_skip_tracking":false,"_monsterinsights_sitenote_active":false,"_monsterinsights_sitenote_note":"","_monsterinsights_sitenote_category":0},"product_brand":[],"product_cat":[12689,12274],"product_tag":[],"class_list":{"0":"post-710577","1":"product","2":"type-product","3":"status-publish","5":"product_cat-cizgi-roman-cocuk-ve-genclik-kitaplari","6":"product_cat-cocuk-ve-genclik-kitaplari","7":"pa_cilt-ciltsiz","8":"pa_tur-kitap","9":"pa_yayinevi-jbc-yayincilik","10":"pa_yazar-greg-pak-jeff-lemire","12":"first","13":"instock","14":"sale","15":"shipping-taxable","16":"purchasable","17":"product-type-simple"},"_links":{"self":[{"href":"https:\/\/roveyayinevi.com.tr\/index.php\/wp-json\/wp\/v2\/product\/710577","targetHints":{"allow":["GET"]}}],"collection":[{"href":"https:\/\/roveyayinevi.com.tr\/index.php\/wp-json\/wp\/v2\/product"}],"about":[{"href":"https:\/\/roveyayinevi.com.tr\/index.php\/wp-json\/wp\/v2\/types\/product"}],"wp:attachment":[{"href":"https:\/\/roveyayinevi.com.tr\/index.php\/wp-json\/wp\/v2\/media?parent=710577"}],"wp:term":[{"taxonomy":"product_brand","embeddable":true,"href":"https:\/\/roveyayinevi.com.tr\/index.php\/wp-json\/wp\/v2\/product_brand?post=710577"},{"taxonomy":"product_cat","embeddable":true,"href":"https:\/\/roveyayinevi.com.tr\/index.php\/wp-json\/wp\/v2\/product_cat?post=710577"},{"taxonomy":"product_tag","embeddable":true,"href":"https:\/\/roveyayinevi.com.tr\/index.php\/wp-json\/wp\/v2\/product_tag?post=710577"}],"curies":[{"name":"wp","href":"https:\/\/api.w.org\/{rel}","templated":true}]}}