{"id":710576,"date":"2025-08-27T16:37:24","date_gmt":"2025-08-27T13:37:24","guid":{"rendered":"https:\/\/roveyayinevi.com.tr\/index.php\/urun\/turklerin-faziletleri\/"},"modified":"2026-04-16T02:19:20","modified_gmt":"2026-04-15T23:19:20","slug":"turklerin-faziletleri","status":"publish","type":"product","link":"https:\/\/roveyayinevi.com.tr\/index.php\/urun\/turklerin-faziletleri\/","title":{"rendered":"T\u00fcrklerin Faziletleri"},"content":{"rendered":"<p>770-869 y\u0131llar\u0131 aras\u0131nda ya\u015fayan \u00fcnl\u00fc Arap edibi, d\u00fc\u015f\u00fcn\u00fcr\u00fc C\u00e2hiz taraf\u0131ndan yaz\u0131lan bu kitap, T\u00fcrk tarihinin en de\u011ferli, en eski kaynaklar\u0131ndand\u0131r. Kitapta \u00fcnl\u00fc Arap, \u0130slam b\u00fcy\u00fcklerinin, kumandanlar\u0131n\u0131n, kitab\u0131n yazar\u0131n\u0131n T\u00fcrklerin askerlikteki kabiliyetleri, ahlaklar\u0131, fiziki \u00f6zellikleri hakk\u0131ndaki g\u00f6zlemleri, intibalar\u0131 anlat\u0131l\u0131r. Kitap 840 y\u0131l\u0131 civar\u0131nda Abbasi halifesi Mutas\u0131m zaman\u0131nda yaz\u0131lm\u0131\u015f, sonra ba\u015f\u0131na ilave bir b\u00f6l\u00fcm yaz\u0131larak b\u00fcy\u00fck T\u00fcrk kumandan\u0131, ilim adam\u0131 Feth b. Hakan\u2019a (\u00f6.861) takdim edilmi\u015ftir.Cahiz gibi k\u00fclt\u00fcrl\u00fc, m\u00fctecessis bir yazar\u0131n kaleminden \u00e7\u0131km\u0131\u015ft\u0131r. Kitab\u0131n terc\u00fcme metninin ba\u015f\u0131na C\u00e2hiz\u2019in hayat\u0131, C\u00e2hiz\u2019e kadar \u0130slam d\u00fcnyas\u0131nda T\u00fcrkler hakk\u0131nda geni\u015f bir giri\u015f, sonuna C\u00e2hiz\u2019in di\u011fer eserlerinden baz\u0131 pasajlar\u0131n \u00e7ok gerekli anlamlar\u0131 verilmi\u015ftir. <\/p>\n","protected":false},"excerpt":{"rendered":"<p>770-869 y\u0131llar\u0131 aras\u0131nda ya\u015fayan \u00fcnl\u00fc Arap edibi, d\u00fc\u015f\u00fcn\u00fcr\u00fc C\u00e2hiz taraf\u0131ndan yaz\u0131lan bu kitap, T\u00fcrk tarihinin en de\u011ferli, en eski kaynaklar\u0131ndand\u0131r. Kitapta \u00fcnl\u00fc Arap, \u0130slam b\u00fcy\u00fcklerinin, kumandanlar\u0131n\u0131n,<span class=\"excerpt-hellip\"> [\u2026]<\/span><\/p>\n","protected":false},"featured_media":0,"template":"","meta":{"_monsterinsights_skip_tracking":false,"_monsterinsights_sitenote_active":false,"_monsterinsights_sitenote_note":"","_monsterinsights_sitenote_category":0},"product_brand":[],"product_cat":[12304,13650],"product_tag":[],"class_list":{"0":"post-710576","1":"product","2":"type-product","3":"status-publish","5":"product_cat-tarih","6":"product_cat-turk-tarihi-arastirmalari","7":"pa_cilt-ciltsiz","8":"pa_tur-kitap","9":"pa_yayinevi-yeditepe-yayinevi","10":"pa_yazar-cahiz","12":"first","13":"instock","14":"sale","15":"shipping-taxable","16":"purchasable","17":"product-type-simple"},"_links":{"self":[{"href":"https:\/\/roveyayinevi.com.tr\/index.php\/wp-json\/wp\/v2\/product\/710576","targetHints":{"allow":["GET"]}}],"collection":[{"href":"https:\/\/roveyayinevi.com.tr\/index.php\/wp-json\/wp\/v2\/product"}],"about":[{"href":"https:\/\/roveyayinevi.com.tr\/index.php\/wp-json\/wp\/v2\/types\/product"}],"wp:attachment":[{"href":"https:\/\/roveyayinevi.com.tr\/index.php\/wp-json\/wp\/v2\/media?parent=710576"}],"wp:term":[{"taxonomy":"product_brand","embeddable":true,"href":"https:\/\/roveyayinevi.com.tr\/index.php\/wp-json\/wp\/v2\/product_brand?post=710576"},{"taxonomy":"product_cat","embeddable":true,"href":"https:\/\/roveyayinevi.com.tr\/index.php\/wp-json\/wp\/v2\/product_cat?post=710576"},{"taxonomy":"product_tag","embeddable":true,"href":"https:\/\/roveyayinevi.com.tr\/index.php\/wp-json\/wp\/v2\/product_tag?post=710576"}],"curies":[{"name":"wp","href":"https:\/\/api.w.org\/{rel}","templated":true}]}}