{"id":710575,"date":"2025-08-27T16:37:23","date_gmt":"2025-08-27T13:37:23","guid":{"rendered":"https:\/\/roveyayinevi.com.tr\/index.php\/urun\/suriye-sendromu\/"},"modified":"2026-04-16T02:19:20","modified_gmt":"2026-04-15T23:19:20","slug":"suriye-sendromu","status":"publish","type":"product","link":"https:\/\/roveyayinevi.com.tr\/index.php\/urun\/suriye-sendromu\/","title":{"rendered":"Suriye Sendromu"},"content":{"rendered":"<p>\u00d6l\u00fc do\u011fan B\u00fcy\u00fck Ortado\u011fu Projesi\u2019nden sonra Suriye olaylar\u0131n\u0131n da bu noktaya gelece\u011fi \u00e7ok \u00f6ng\u00f6r\u00fclm\u00fcyordu. O sebeple proje, \u201c\u0130lerleme i\u00e7in Ortakl\u0131k ve Geni\u015f Ortado\u011fu ve Kuzey Afrika B\u00f6lgesi\u2019yle Ortak Bir Gelecek\u201d olarak de\u011fi\u015ftirildi. Fakat Arap Bahar\u0131\u2019nda \u0130slam D\u00fcnyas\u0131 \u00fczerinde yap\u0131lan planlamalarda eksen kaymas\u0131 oldu ve do\u011fudan bat\u0131ya do\u011fru sistem Suriye \u00fczerine kuruldu. ABD\u2019nin Irak\u2019\u0131 i\u015fgalinde kulland\u0131\u011f\u0131 \u201cdemokrasi\u201d slogan\u0131 da Suriye i\u00e7in iflas etti. Mahir Kaynak\u2019\u0131n dedi\u011fi gibi \u201cBOP alan\u0131nda herkes Oxford\u2019u bitirse, yine de demokrasi m\u00fcmk\u00fcn de\u011fildir\u201d g\u00f6r\u00fc\u015fleri elbette \u00e7ok do\u011frudur. ABD\u2019nin b\u00f6lge stratejisi bellidir ve hedeflerinden uzakla\u015ft\u0131\u011f\u0131n\u0131 da s\u00f6ylemek m\u00fcmk\u00fcn de\u011fildir. Suriye\u2019de vekalet ve y\u0131pratma sava\u015flar\u0131 artan bir dozla devam etmektir. Dolay\u0131s\u0131yla b\u00f6lgede Birinci D\u00fcnya Sava\u015f\u0131\u2019nda yar\u0131m kalan payla\u015f\u0131mlar h\u00e2l\u00e2 ama\u00e7lanmaktad\u0131r.Bu \u00e7izgide \u0130ngiliz politikalar\u0131 s\u00fcrd\u00fcr\u00fclmektedir. Hatta ilk sava\u015ftaki \u201cK\u00fcrt\u201d kart\u0131na m\u00fcsamaha, g\u00fcn\u00fcm\u00fczde ise mecburiyet halini alm\u0131\u015ft\u0131r. Bir ABD departman\u0131ndan ba\u015fka bir i\u015flevi olmayan NATO, elbette rakipsiz g\u00fcc\u00fcyle sahadad\u0131r. Ba\u015fta Avrupa Birli\u011fi olmak \u00fczere k\u00fcresel oyuncular da ABD\u2019nin yan\u0131ndad\u0131r. Rejimi destekleyen Rusya\u2019n\u0131n ama\u00e7lar\u0131 \u00e7ok a\u00e7\u0131k de\u011fildir ve yan\u0131nda bulunan \u0130ran\u2019\u0131n d\u00fc\u015f\u00fcnceleriyle de \u00f6rt\u00fc\u015fmemektedir. T\u00fcrkiye ise F\u0131rat Kalkan\u0131 Harekat\u0131 ile Amerika\u2019ya ra\u011fmen bu yolu ba\u015far\u0131yla y\u00fcr\u00fcm\u00fc\u015ft\u00fcr lakin hen\u00fcz i\u015fin ortas\u0131ndad\u0131r. T\u00fcrkiye, ABD ile Rusya aras\u0131nda b\u00f6lgenin en g\u00fc\u00e7l\u00fc \u00fclkesidir. Senaryolar da \u00e7ok a\u00e7\u0131k de\u011fil ve uygulanmas\u0131 zordur. O sebeple olaylar her y\u00f6ne savrulabilir, as\u0131l \u00f6nemli olan T\u00fcrkiye\u2019nin sa\u011flam hesaplar yapmas\u0131d\u0131r. Suriye\u2019de bahar m\u00fcmk\u00fcn m\u00fc? \u0130\u015fte bunu dikkatle d\u00fc\u015f\u00fcnmeli ve et\u00fct etmeliyiz. O nedenle bu kitap yukar\u0131da anlat\u0131lanlar \u00e7er\u00e7evesinde art\u0131k bir sendroma d\u00f6n\u00fc\u015fen Suriye ger\u00e7e\u011fini t\u00fcm a\u00e7\u0131kl\u0131\u011f\u0131yla izah edecektir. <\/p>\n","protected":false},"excerpt":{"rendered":"<p>\u00d6l\u00fc do\u011fan B\u00fcy\u00fck Ortado\u011fu Projesi\u2019nden sonra Suriye olaylar\u0131n\u0131n da bu noktaya gelece\u011fi \u00e7ok \u00f6ng\u00f6r\u00fclm\u00fcyordu. O sebeple proje, \u201c\u0130lerleme i\u00e7in Ortakl\u0131k ve Geni\u015f Ortado\u011fu ve Kuzey Afrika<span class=\"excerpt-hellip\"> [\u2026]<\/span><\/p>\n","protected":false},"featured_media":0,"template":"","meta":{"_monsterinsights_skip_tracking":false,"_monsterinsights_sitenote_active":false,"_monsterinsights_sitenote_note":"","_monsterinsights_sitenote_category":0},"product_brand":[],"product_cat":[12718,12719],"product_tag":[],"class_list":{"0":"post-710575","1":"product","2":"type-product","3":"status-publish","5":"product_cat-din","6":"product_cat-islam","7":"pa_cilt-ciltsiz","8":"pa_tur-kitap","9":"pa_yayinevi-yeditepe-yayinevi","10":"pa_yazar-ali-bademci","12":"first","13":"instock","14":"sale","15":"shipping-taxable","16":"purchasable","17":"product-type-simple"},"_links":{"self":[{"href":"https:\/\/roveyayinevi.com.tr\/index.php\/wp-json\/wp\/v2\/product\/710575","targetHints":{"allow":["GET"]}}],"collection":[{"href":"https:\/\/roveyayinevi.com.tr\/index.php\/wp-json\/wp\/v2\/product"}],"about":[{"href":"https:\/\/roveyayinevi.com.tr\/index.php\/wp-json\/wp\/v2\/types\/product"}],"wp:attachment":[{"href":"https:\/\/roveyayinevi.com.tr\/index.php\/wp-json\/wp\/v2\/media?parent=710575"}],"wp:term":[{"taxonomy":"product_brand","embeddable":true,"href":"https:\/\/roveyayinevi.com.tr\/index.php\/wp-json\/wp\/v2\/product_brand?post=710575"},{"taxonomy":"product_cat","embeddable":true,"href":"https:\/\/roveyayinevi.com.tr\/index.php\/wp-json\/wp\/v2\/product_cat?post=710575"},{"taxonomy":"product_tag","embeddable":true,"href":"https:\/\/roveyayinevi.com.tr\/index.php\/wp-json\/wp\/v2\/product_tag?post=710575"}],"curies":[{"name":"wp","href":"https:\/\/api.w.org\/{rel}","templated":true}]}}