{"id":710573,"date":"2025-08-27T16:37:22","date_gmt":"2025-08-27T13:37:22","guid":{"rendered":"https:\/\/roveyayinevi.com.tr\/index.php\/urun\/osmanli-turkcesi-kilavuzu-2\/"},"modified":"2026-04-16T02:19:20","modified_gmt":"2026-04-15T23:19:20","slug":"osmanli-turkcesi-kilavuzu-2","status":"publish","type":"product","link":"https:\/\/roveyayinevi.com.tr\/index.php\/urun\/osmanli-turkcesi-kilavuzu-2\/","title":{"rendered":"Osmanl\u0131 T\u00fcrk\u00e7esi K\u0131lavuzu 2"},"content":{"rendered":"<p>Osmanl\u0131 T\u00fcrk\u00e7esi K\u0131lavuzu, size bin y\u0131ll\u0131k k\u00fclt\u00fcrel birikimin kap\u0131lar\u0131n\u0131 a\u00e7acak bir anahtard\u0131r. Bu k\u0131lavuz ile Osmanl\u0131 T\u00fcrk\u00e7esini kolaydan zora, temel bilgilerden ayr\u0131nt\u0131ya do\u011fru uygun bir ders metoduyla \u00f6\u011freneceksiniz. Osmanl\u0131 T\u00fcrk\u00e7esi K\u0131lavuzu 2\u2019de T\u00fcrk\u00e7ede kullan\u0131lan Arap\u00e7a ve Fars\u00e7a dilbilgisi yap\u0131lar\u0131, tamlamalar, s\u00f6z kal\u0131plar\u0131 veriliyor. \u00d6rnek ve al\u0131\u015ft\u0131rmalarla bu bilgiler peki\u015ftiriliyor. Yazma kitap ve belge \u00f6rnekleriyle bu yaz\u0131lara a\u015final\u0131k sa\u011flan\u0131yor. Se\u00e7ilen metinlerle Edebiyat, Tarih, Sanat Tarihi ve di\u011fer bilgi alanlar\u0131ndaki \u00f6\u011frenciler Osmanl\u0131 k\u00fclt\u00fcr\u00fc ve tarihiyle daha yak\u0131ndan tan\u0131\u015f\u0131yorlar.<\/p>\n","protected":false},"excerpt":{"rendered":"<p>Osmanl\u0131 T\u00fcrk\u00e7esi K\u0131lavuzu, size bin y\u0131ll\u0131k k\u00fclt\u00fcrel birikimin kap\u0131lar\u0131n\u0131 a\u00e7acak bir anahtard\u0131r. Bu k\u0131lavuz ile Osmanl\u0131 T\u00fcrk\u00e7esini kolaydan zora, temel bilgilerden ayr\u0131nt\u0131ya do\u011fru uygun bir ders<span class=\"excerpt-hellip\"> [\u2026]<\/span><\/p>\n","protected":false},"featured_media":0,"template":"","meta":{"_monsterinsights_skip_tracking":false,"_monsterinsights_sitenote_active":false,"_monsterinsights_sitenote_note":"","_monsterinsights_sitenote_category":0},"product_brand":[],"product_cat":[12364,16266],"product_tag":[],"class_list":{"0":"post-710573","1":"product","2":"type-product","3":"status-publish","5":"product_cat-genel-konular","6":"product_cat-referans-kaynak-kitap","7":"pa_cilt-ciltsiz","8":"pa_tur-kitap","9":"pa_yayinevi-kesit-yayinlari","10":"pa_yazar-hayati-develi","12":"first","13":"instock","14":"sale","15":"shipping-taxable","16":"purchasable","17":"product-type-simple"},"_links":{"self":[{"href":"https:\/\/roveyayinevi.com.tr\/index.php\/wp-json\/wp\/v2\/product\/710573","targetHints":{"allow":["GET"]}}],"collection":[{"href":"https:\/\/roveyayinevi.com.tr\/index.php\/wp-json\/wp\/v2\/product"}],"about":[{"href":"https:\/\/roveyayinevi.com.tr\/index.php\/wp-json\/wp\/v2\/types\/product"}],"wp:attachment":[{"href":"https:\/\/roveyayinevi.com.tr\/index.php\/wp-json\/wp\/v2\/media?parent=710573"}],"wp:term":[{"taxonomy":"product_brand","embeddable":true,"href":"https:\/\/roveyayinevi.com.tr\/index.php\/wp-json\/wp\/v2\/product_brand?post=710573"},{"taxonomy":"product_cat","embeddable":true,"href":"https:\/\/roveyayinevi.com.tr\/index.php\/wp-json\/wp\/v2\/product_cat?post=710573"},{"taxonomy":"product_tag","embeddable":true,"href":"https:\/\/roveyayinevi.com.tr\/index.php\/wp-json\/wp\/v2\/product_tag?post=710573"}],"curies":[{"name":"wp","href":"https:\/\/api.w.org\/{rel}","templated":true}]}}