{"id":710572,"date":"2025-08-27T16:37:22","date_gmt":"2025-08-27T13:37:22","guid":{"rendered":"https:\/\/roveyayinevi.com.tr\/index.php\/urun\/osmanli-turkcesi-kilavuzu-1\/"},"modified":"2026-04-16T02:19:20","modified_gmt":"2026-04-15T23:19:20","slug":"osmanli-turkcesi-kilavuzu-1","status":"publish","type":"product","link":"https:\/\/roveyayinevi.com.tr\/index.php\/urun\/osmanli-turkcesi-kilavuzu-1\/","title":{"rendered":"Osmanl\u0131 T\u00fcrk\u00e7esi K\u0131lavuzu 1"},"content":{"rendered":"<p>Osmanl\u0131 T\u00fcrk\u00e7esi K\u0131lavuzu, size bin y\u0131ll\u0131k k\u00fclt\u00fcrel birikimin kap\u0131lar\u0131n\u0131 a\u00e7acak bir anahtard\u0131r. Bu k\u0131lavuz ile Osmanl\u0131 T\u00fcrk\u00e7esini kolaydan zora, temel bilgilerden ayr\u0131nt\u0131ya do\u011fru uygun bir ders metoduyla \u00f6\u011freneceksiniz. Osmanl\u0131 T\u00fcrk\u00e7esi K\u0131lavuzu ile yaz\u0131y\u0131 ve okumay\u0131 kolayca \u00f6\u011frenecek, T\u00fcrk\u00e7edeki Arap\u00e7a ve Fars\u00e7a k\u00f6kenli kelime ve s\u00f6z kal\u0131plar\u0131n\u0131n yap\u0131s\u0131n\u0131 g\u00f6recek, uygun \u00f6rnek ve al\u0131\u015ft\u0131rmalarla bilgilerinizi peki\u015ftirebileceksiniz. Kitapta verilen edeb\u00ee, tarih\u00ee, siyas\u00ee ve din\u00ee-tasavvuf\u00ee metinler hem okuman\u0131z\u0131 hem de s\u00f6z da\u011farc\u0131\u011f\u0131n\u0131z\u0131 geli\u015ftirecek, Osmanl\u0131 k\u00fclt\u00fcr\u00fcn\u00fcn \u00e7e\u015fitli y\u00f6nleriyle tan\u0131\u015fman\u0131z\u0131 sa\u011flayacak. Osmanl\u0131 T\u00fcrk\u00e7esi K\u0131lavuzu, g\u00fcn\u00fcm\u00fcz T\u00fcrk\u00e7esini daha iyi anlaman\u0131za ve konu\u015fman\u0131za da yard\u0131mc\u0131 olacak. \ufffcTan\u0131t\u0131m Metni<\/p>\n","protected":false},"excerpt":{"rendered":"<p>Osmanl\u0131 T\u00fcrk\u00e7esi K\u0131lavuzu, size bin y\u0131ll\u0131k k\u00fclt\u00fcrel birikimin kap\u0131lar\u0131n\u0131 a\u00e7acak bir anahtard\u0131r. Bu k\u0131lavuz ile Osmanl\u0131 T\u00fcrk\u00e7esini kolaydan zora, temel bilgilerden ayr\u0131nt\u0131ya do\u011fru uygun bir ders<span class=\"excerpt-hellip\"> [\u2026]<\/span><\/p>\n","protected":false},"featured_media":0,"template":"","meta":{"_monsterinsights_skip_tracking":false,"_monsterinsights_sitenote_active":false,"_monsterinsights_sitenote_note":"","_monsterinsights_sitenote_category":0},"product_brand":[],"product_cat":[12274,14573],"product_tag":[],"class_list":{"0":"post-710572","1":"product","2":"type-product","3":"status-publish","5":"product_cat-cocuk-ve-genclik-kitaplari","6":"product_cat-referans-kitaplar-cocuk-ve-genclik-kitaplari","7":"pa_cilt-ciltsiz","8":"pa_tur-kitap","9":"pa_yayinevi-kesit-yayinlari","10":"pa_yazar-hayati-develi","12":"first","13":"instock","14":"sale","15":"shipping-taxable","16":"purchasable","17":"product-type-simple"},"_links":{"self":[{"href":"https:\/\/roveyayinevi.com.tr\/index.php\/wp-json\/wp\/v2\/product\/710572","targetHints":{"allow":["GET"]}}],"collection":[{"href":"https:\/\/roveyayinevi.com.tr\/index.php\/wp-json\/wp\/v2\/product"}],"about":[{"href":"https:\/\/roveyayinevi.com.tr\/index.php\/wp-json\/wp\/v2\/types\/product"}],"wp:attachment":[{"href":"https:\/\/roveyayinevi.com.tr\/index.php\/wp-json\/wp\/v2\/media?parent=710572"}],"wp:term":[{"taxonomy":"product_brand","embeddable":true,"href":"https:\/\/roveyayinevi.com.tr\/index.php\/wp-json\/wp\/v2\/product_brand?post=710572"},{"taxonomy":"product_cat","embeddable":true,"href":"https:\/\/roveyayinevi.com.tr\/index.php\/wp-json\/wp\/v2\/product_cat?post=710572"},{"taxonomy":"product_tag","embeddable":true,"href":"https:\/\/roveyayinevi.com.tr\/index.php\/wp-json\/wp\/v2\/product_tag?post=710572"}],"curies":[{"name":"wp","href":"https:\/\/api.w.org\/{rel}","templated":true}]}}