{"id":710571,"date":"2025-08-27T16:37:21","date_gmt":"2025-08-27T13:37:21","guid":{"rendered":"https:\/\/roveyayinevi.com.tr\/index.php\/urun\/marksizmin-el-kitabi-ekim-devrimi-100-yasinda\/"},"modified":"2026-01-29T02:35:02","modified_gmt":"2026-01-28T23:35:02","slug":"marksizmin-el-kitabi-ekim-devrimi-100-yasinda","status":"publish","type":"product","link":"https:\/\/roveyayinevi.com.tr\/index.php\/urun\/marksizmin-el-kitabi-ekim-devrimi-100-yasinda\/","title":{"rendered":"Marksizm\u2019in El Kitab\u0131 (Ekim Devrimi 100 Ya\u015f\u0131nda)"},"content":{"rendered":"<p>Marksizm bilimsel bir d\u00fcnya g\u00f6r\u00fc\u015f\u00fcd\u00fcr. T\u00fcrkiye Marksist Hareketi ne yaz\u0131k ki, de\u011fi\u015fik tarihsel nedenlerle Marksizm\u2019i ger\u00e7e\u011fine uygun \u00f6\u011frenememi\u015ftir. 68 ku\u015fa\u011f\u0131 Marksizm\u2019in teorisi ile do\u011fru d\u00fcr\u00fcst tan\u0131\u015fmadan pratik kavgaya at\u0131lmak zorunda kalm\u0131\u015ft\u0131r. 78 ku\u015fa\u011f\u0131, Sovyet-\u00c7in \u00e7at\u0131\u015fmas\u0131n\u0131n ortas\u0131nda kalm\u0131\u015f; Marksizm\u2019i ya Sovyetler Birli\u011fi ya da \u00c7in merkezli kaynaklar\u0131n \u00f6\u011fretti\u011fi bi\u00e7imde \u00f6\u011frenmi\u015ftir. Oysa bu \u00f6\u011frenilmi\u015f Marksizm, devrimci bir Marksizm de\u011fildir. Do\u011frulu\u011fu Lenin taraf\u0131ndan belgelenmi\u015f devrimci Marksizm ise \u00f6\u011frenilmeyi ve d\u00fcnyada uygulanmay\u0131 bekliyor. Bu bro\u015f\u00fcr, Marksizm\u2019in temel g\u00f6r\u00fc\u015flerini \u00f6z, anla\u015f\u0131l\u0131r bi\u00e7imde vermeyi hedefliyor. Marksizm ile tan\u0131\u015fmak isteyenlere; Marksizm\u2019i, Marx-Engels ve Lenin\u2019e uygun \u00f6\u011frenmek isteyenlere yol g\u00f6sterici olmay\u0131 hedefliyor. Bu bro\u015f\u00fcr sadece Marksizm\u2019in tutulmas\u0131 gereken ipu\u00e7lar\u0131n\u0131 veriyor. Bu ipu\u00e7lar\u0131na tutunarak Marksizm\u2019in i\u00e7ine girmek isteyenlere yol a\u00e7\u0131yor. <\/p>\n","protected":false},"excerpt":{"rendered":"<p>Marksizm bilimsel bir d\u00fcnya g\u00f6r\u00fc\u015f\u00fcd\u00fcr. T\u00fcrkiye Marksist Hareketi ne yaz\u0131k ki, de\u011fi\u015fik tarihsel nedenlerle Marksizm\u2019i ger\u00e7e\u011fine uygun \u00f6\u011frenememi\u015ftir. 68 ku\u015fa\u011f\u0131 Marksizm\u2019in teorisi ile do\u011fru d\u00fcr\u00fcst tan\u0131\u015fmadan<span class=\"excerpt-hellip\"> [\u2026]<\/span><\/p>\n","protected":false},"featured_media":0,"template":"","meta":{"_monsterinsights_skip_tracking":false,"_monsterinsights_sitenote_active":false,"_monsterinsights_sitenote_note":"","_monsterinsights_sitenote_category":0},"product_brand":[],"product_cat":[13590,12337],"product_tag":[],"class_list":{"0":"post-710571","1":"product","2":"type-product","3":"status-publish","5":"product_cat-arastirma-inceleme-politika-siyaset","6":"product_cat-politika-siyaset","7":"pa_cilt-ciltsiz","8":"pa_tur-kitap","9":"pa_yayinevi-utopya-yayinevi","10":"pa_yazar-mehmet-inanc-turan-sait-almis","12":"first","13":"instock","14":"sale","15":"shipping-taxable","16":"purchasable","17":"product-type-simple"},"_links":{"self":[{"href":"https:\/\/roveyayinevi.com.tr\/index.php\/wp-json\/wp\/v2\/product\/710571","targetHints":{"allow":["GET"]}}],"collection":[{"href":"https:\/\/roveyayinevi.com.tr\/index.php\/wp-json\/wp\/v2\/product"}],"about":[{"href":"https:\/\/roveyayinevi.com.tr\/index.php\/wp-json\/wp\/v2\/types\/product"}],"wp:attachment":[{"href":"https:\/\/roveyayinevi.com.tr\/index.php\/wp-json\/wp\/v2\/media?parent=710571"}],"wp:term":[{"taxonomy":"product_brand","embeddable":true,"href":"https:\/\/roveyayinevi.com.tr\/index.php\/wp-json\/wp\/v2\/product_brand?post=710571"},{"taxonomy":"product_cat","embeddable":true,"href":"https:\/\/roveyayinevi.com.tr\/index.php\/wp-json\/wp\/v2\/product_cat?post=710571"},{"taxonomy":"product_tag","embeddable":true,"href":"https:\/\/roveyayinevi.com.tr\/index.php\/wp-json\/wp\/v2\/product_tag?post=710571"}],"curies":[{"name":"wp","href":"https:\/\/api.w.org\/{rel}","templated":true}]}}