{"id":710570,"date":"2025-08-27T16:37:21","date_gmt":"2025-08-27T13:37:21","guid":{"rendered":"https:\/\/roveyayinevi.com.tr\/index.php\/urun\/insan-ustuninsan-halikarnas-balikcisi-cevirileri\/"},"modified":"2026-04-16T02:19:20","modified_gmt":"2026-04-15T23:19:20","slug":"insan-ustuninsan-halikarnas-balikcisi-cevirileri","status":"publish","type":"product","link":"https:\/\/roveyayinevi.com.tr\/index.php\/urun\/insan-ustuninsan-halikarnas-balikcisi-cevirileri\/","title":{"rendered":"\u0130nsan \/ \u00dcst\u00fcninsan (Halikarnas Bal\u0131k\u00e7\u0131s\u0131 \u00c7evirileri)"},"content":{"rendered":"<p>\u201cBir komedya ve bir felsefe.\u201d 19. y\u00fczy\u0131l \u0130ngiliz komedyas\u0131n\u0131n en \u00f6nemli \u00f6rneklerinden ve George Bernard Shaw\u2019un ba\u015fyap\u0131tlar\u0131ndan biri olan \u0130nsan \/ \u00dcst\u00fcninsan, Shaw\u2019un Don Juan temas\u0131 \u00fcst\u00fcne yazd\u0131\u011f\u0131 bir komedyad\u0131r. Shaw bu komedyas\u0131nda, Don Juan mitini tersine \u00e7evirerek ya\u015fam g\u00fcc\u00fc ve do\u011furucu evrim d\u00fc\u015f\u00fcncesini i\u015fler. Bu d\u00fc\u015f\u00fcnceye g\u00f6re, ya\u015fam\u0131n do\u011furganl\u0131\u011f\u0131, do\u011fan\u0131n en belirleyici yasas\u0131d\u0131r; bu do\u011furganl\u0131k, daha ileriye evrilerek, \u00fcst\u00fcn olana ya\u015fam verir. Shaw\u2019un, toplumsal \u00e7eli\u015fkilerin do\u011fan\u0131n kendi mant\u0131\u011f\u0131yla a\u015f\u0131laca\u011f\u0131n\u0131 ileri s\u00fcren bu d\u00fc\u015f\u00fcncesi, bireyde kendini daha ileri ya\u015fam bilgisini ve bilincini edinme \u00e7abas\u0131nda ortaya koyar. Bu g\u00fc\u00e7, kahramanlardan Ann\u2019de, kad\u0131nda ya\u015fam\u0131n do\u011furgan itici g\u00fcc\u00fc olarak ortaya \u00e7\u0131karken, Tanner\u2019de ya\u015fam\u0131n daha \u00fcst bilgisine eri\u015fme olarak ortaya \u00e7\u0131kmaktad\u0131r.   D\u00fcnya edebiyat\u0131n\u0131n en \u00f6nemli yap\u0131tlar\u0131ndan olan \u0130nsan \/ \u00dcst\u00fcninsan\u2019\u0131 edebiyat\u0131m\u0131za, \u00fcnl\u00fc yazar\u0131m\u0131z Halikarnas Bal\u0131k\u00e7\u0131s\u0131 1949 y\u0131l\u0131nda kazand\u0131rm\u0131\u015ft\u0131. <\/p>\n","protected":false},"excerpt":{"rendered":"<p>\u201cBir komedya ve bir felsefe.\u201d 19. y\u00fczy\u0131l \u0130ngiliz komedyas\u0131n\u0131n en \u00f6nemli \u00f6rneklerinden ve George Bernard Shaw\u2019un ba\u015fyap\u0131tlar\u0131ndan biri olan \u0130nsan \/ \u00dcst\u00fcninsan, Shaw\u2019un Don Juan temas\u0131<span class=\"excerpt-hellip\"> [\u2026]<\/span><\/p>\n","protected":false},"featured_media":0,"template":"","meta":{"_monsterinsights_skip_tracking":false,"_monsterinsights_sitenote_active":false,"_monsterinsights_sitenote_note":"","_monsterinsights_sitenote_category":0},"product_brand":[],"product_cat":[12291,14272],"product_tag":[],"class_list":{"0":"post-710570","1":"product","2":"type-product","3":"status-publish","5":"product_cat-edebiyat","6":"product_cat-tiyatro","7":"pa_cilt-ciltsiz","8":"pa_tur-kitap","9":"pa_yayinevi-bilgi-yayinevi","10":"pa_yazar-george-bernard-shaw","12":"first","13":"instock","14":"sale","15":"shipping-taxable","16":"purchasable","17":"product-type-simple"},"_links":{"self":[{"href":"https:\/\/roveyayinevi.com.tr\/index.php\/wp-json\/wp\/v2\/product\/710570","targetHints":{"allow":["GET"]}}],"collection":[{"href":"https:\/\/roveyayinevi.com.tr\/index.php\/wp-json\/wp\/v2\/product"}],"about":[{"href":"https:\/\/roveyayinevi.com.tr\/index.php\/wp-json\/wp\/v2\/types\/product"}],"wp:attachment":[{"href":"https:\/\/roveyayinevi.com.tr\/index.php\/wp-json\/wp\/v2\/media?parent=710570"}],"wp:term":[{"taxonomy":"product_brand","embeddable":true,"href":"https:\/\/roveyayinevi.com.tr\/index.php\/wp-json\/wp\/v2\/product_brand?post=710570"},{"taxonomy":"product_cat","embeddable":true,"href":"https:\/\/roveyayinevi.com.tr\/index.php\/wp-json\/wp\/v2\/product_cat?post=710570"},{"taxonomy":"product_tag","embeddable":true,"href":"https:\/\/roveyayinevi.com.tr\/index.php\/wp-json\/wp\/v2\/product_tag?post=710570"}],"curies":[{"name":"wp","href":"https:\/\/api.w.org\/{rel}","templated":true}]}}