{"id":710569,"date":"2025-08-27T16:37:20","date_gmt":"2025-08-27T13:37:20","guid":{"rendered":"https:\/\/roveyayinevi.com.tr\/index.php\/urun\/amerika-diye-diye\/"},"modified":"2026-04-16T02:19:20","modified_gmt":"2026-04-15T23:19:20","slug":"amerika-diye-diye","status":"publish","type":"product","link":"https:\/\/roveyayinevi.com.tr\/index.php\/urun\/amerika-diye-diye\/","title":{"rendered":"Amerika Diye Diye"},"content":{"rendered":"<p>Bir \u201cka\u00e7ak g\u00f6\u00e7men rehberi!..\u201d ABD\u2019ye ka\u00e7ak yollarla giren Giresunlu Sad\u0131k\u2019\u0131n tutunma, var olma m\u00fccadelesi, askerlik arkada\u015f\u0131ndan yedi\u011fi kaz\u0131klar ve hayat\u0131n\u0131n a\u015fk\u0131n\u0131 bulmas\u0131&#8230; G\u00f6\u00e7men g\u00f6z\u00fcyle 80\u2019li y\u0131llar\u0131n Amerikas\u0131\u2026 Ayr\u0131nt\u0131l\u0131 g\u00f6zlemler\u2026 S\u00fcr\u00fckleyici bir ser\u00fcven\u2026 <\/p>\n","protected":false},"excerpt":{"rendered":"<p>Bir \u201cka\u00e7ak g\u00f6\u00e7men rehberi!..\u201d ABD\u2019ye ka\u00e7ak yollarla giren Giresunlu Sad\u0131k\u2019\u0131n tutunma, var olma m\u00fccadelesi, askerlik arkada\u015f\u0131ndan yedi\u011fi kaz\u0131klar ve hayat\u0131n\u0131n a\u015fk\u0131n\u0131 bulmas\u0131&#8230; G\u00f6\u00e7men g\u00f6z\u00fcyle 80\u2019li y\u0131llar\u0131n<span class=\"excerpt-hellip\"> [\u2026]<\/span><\/p>\n","protected":false},"featured_media":0,"template":"","meta":{"_monsterinsights_skip_tracking":false,"_monsterinsights_sitenote_active":false,"_monsterinsights_sitenote_note":"","_monsterinsights_sitenote_category":0},"product_brand":[],"product_cat":[12291,12292],"product_tag":[],"class_list":{"0":"post-710569","1":"product","2":"type-product","3":"status-publish","5":"product_cat-edebiyat","6":"product_cat-turk-edebiyati","7":"pa_cilt-ciltsiz","8":"pa_tur-kitap","9":"pa_yayinevi-bilgi-yayinevi","10":"pa_yazar-ali-kulebi","12":"first","13":"instock","14":"sale","15":"shipping-taxable","16":"purchasable","17":"product-type-simple"},"_links":{"self":[{"href":"https:\/\/roveyayinevi.com.tr\/index.php\/wp-json\/wp\/v2\/product\/710569","targetHints":{"allow":["GET"]}}],"collection":[{"href":"https:\/\/roveyayinevi.com.tr\/index.php\/wp-json\/wp\/v2\/product"}],"about":[{"href":"https:\/\/roveyayinevi.com.tr\/index.php\/wp-json\/wp\/v2\/types\/product"}],"wp:attachment":[{"href":"https:\/\/roveyayinevi.com.tr\/index.php\/wp-json\/wp\/v2\/media?parent=710569"}],"wp:term":[{"taxonomy":"product_brand","embeddable":true,"href":"https:\/\/roveyayinevi.com.tr\/index.php\/wp-json\/wp\/v2\/product_brand?post=710569"},{"taxonomy":"product_cat","embeddable":true,"href":"https:\/\/roveyayinevi.com.tr\/index.php\/wp-json\/wp\/v2\/product_cat?post=710569"},{"taxonomy":"product_tag","embeddable":true,"href":"https:\/\/roveyayinevi.com.tr\/index.php\/wp-json\/wp\/v2\/product_tag?post=710569"}],"curies":[{"name":"wp","href":"https:\/\/api.w.org\/{rel}","templated":true}]}}