{"id":710567,"date":"2025-08-27T16:37:19","date_gmt":"2025-08-27T13:37:19","guid":{"rendered":"https:\/\/roveyayinevi.com.tr\/index.php\/urun\/sanat-bizi-seviyor\/"},"modified":"2026-04-16T02:19:20","modified_gmt":"2026-04-15T23:19:20","slug":"sanat-bizi-seviyor","status":"publish","type":"product","link":"https:\/\/roveyayinevi.com.tr\/index.php\/urun\/sanat-bizi-seviyor\/","title":{"rendered":"Sanat Bizi Seviyor"},"content":{"rendered":"<p>Biz sanat\u0131 nas\u0131l seviyorsak sanat\u0131n da bizi sevebilece\u011fini az \u00e7ok sezinlemi\u015f olmam\u0131z gerekir. Sanatla bir etkile\u015fime girmeden ne onu hakk\u0131yla tan\u0131yabilir ne de o s\u0131rr\u0131n\u0131 b\u00fct\u00fcn\u00fcyle bizimle payla\u015fabilir. Evet, sanat bize gelir, i\u00e7imizde do\u011far, geli\u015fir ve nihai noktada bizi d\u00f6n\u00fc\u015ft\u00fcr\u00fcr. Yar\u0131m kalan ve s\u00fck\u00fbt-u hayale u\u011frayan bir sevgi de\u011fildir bu. Sanat bizi bir yerden al\u0131p ba\u015fka bir yere g\u00f6t\u00fcr\u00fcrken verdi\u011fi s\u00f6zde hep durmu\u015ftur. Sanat\u0131n evrensel belle\u011fi, g\u00fczelli\u011fi (\u00e7irkin de olsa) ifadeyi ve d\u00fc\u015f\u00fcnceyi yaratan bir t\u00fcr arketiptir. Nesnelere nas\u0131l bir bak\u0131\u015f\u0131m\u0131z varsa, nesnelerin de \u00fczerimizde ayn\u0131 \u015fekilde bir bak\u0131\u015f\u0131 vard\u0131r. Esasen sanat\u0131n do\u011fas\u0131ndan d\u0131\u015fa do\u011fru s\u00fcrekli yay\u0131lan, etki alt\u0131nda b\u0131rakan bir \u201caura\u201d; renklere, \u00e7izgilere ve desenlere sinmi\u015f, sanat\u00e7\u0131n\u0131n hi\u00e7 kesintiye u\u011framayan sevgisidir bu. Ali Akay, sanat \u00fczerine yaz\u0131lar\u0131nda uzun y\u0131llar\u0131n birikimini yans\u0131t\u0131yor. Sergilerden, bienallere, m\u00fczelerden \u00e7a\u011fda\u015f sanat ak\u0131mlar\u0131na kadar bir\u00e7ok konuyu kavramsal ve felsefi d\u00fczeyde de\u011ferlendiriyor. Paul C\u00e9zanne, MarcelDuchamp, Jean Mir\u00f3, Jean-LucMoul\u00e8ne, AnishKapoor gibi yarat\u0131c\u0131, d\u00f6n\u00fc\u015ft\u00fcr\u00fcc\u00fc ve ele\u015ftirel d\u00fcnyalar\u0131n izlerini ad\u0131m ad\u0131m takip ediyor. Marquis de Sade, Pierre Bourdieu ve GillesDeleuze gibi isimlerle bu perspektif daha da geni\u015fliyor. Ayr\u0131ca sanat\u0131n sosyolojik bir bak\u0131\u015fa t\u00e2bi tutuldu\u011fu yaz\u0131lardaysa, toplumun sanata kar\u015f\u0131 h\u00e2l\u00e2 b\u00fcy\u00fck bir borcunun oldu\u011funu ve sanat\u0131n sevgisinde kar\u015f\u0131l\u0131k bulamad\u0131\u011f\u0131 ortamlarda bu hesab\u0131n pek de kolay kapanamayaca\u011f\u0131 g\u00f6r\u00fcl\u00fcyor. <\/p>\n","protected":false},"excerpt":{"rendered":"<p>Biz sanat\u0131 nas\u0131l seviyorsak sanat\u0131n da bizi sevebilece\u011fini az \u00e7ok sezinlemi\u015f olmam\u0131z gerekir. Sanatla bir etkile\u015fime girmeden ne onu hakk\u0131yla tan\u0131yabilir ne de o s\u0131rr\u0131n\u0131 b\u00fct\u00fcn\u00fcyle<span class=\"excerpt-hellip\"> [\u2026]<\/span><\/p>\n","protected":false},"featured_media":0,"template":"","meta":{"_monsterinsights_skip_tracking":false,"_monsterinsights_sitenote_active":false,"_monsterinsights_sitenote_note":"","_monsterinsights_sitenote_category":0},"product_brand":[],"product_cat":[12312,12304],"product_tag":[],"class_list":{"0":"post-710567","1":"product","2":"type-product","3":"status-publish","5":"product_cat-diger","6":"product_cat-tarih","7":"pa_cilt-ciltsiz","8":"pa_tur-kitap","9":"pa_yayinevi-dogu-bati-yayinlari","10":"pa_yazar-ali-akay","12":"first","13":"instock","14":"sale","15":"shipping-taxable","16":"purchasable","17":"product-type-simple"},"_links":{"self":[{"href":"https:\/\/roveyayinevi.com.tr\/index.php\/wp-json\/wp\/v2\/product\/710567","targetHints":{"allow":["GET"]}}],"collection":[{"href":"https:\/\/roveyayinevi.com.tr\/index.php\/wp-json\/wp\/v2\/product"}],"about":[{"href":"https:\/\/roveyayinevi.com.tr\/index.php\/wp-json\/wp\/v2\/types\/product"}],"wp:attachment":[{"href":"https:\/\/roveyayinevi.com.tr\/index.php\/wp-json\/wp\/v2\/media?parent=710567"}],"wp:term":[{"taxonomy":"product_brand","embeddable":true,"href":"https:\/\/roveyayinevi.com.tr\/index.php\/wp-json\/wp\/v2\/product_brand?post=710567"},{"taxonomy":"product_cat","embeddable":true,"href":"https:\/\/roveyayinevi.com.tr\/index.php\/wp-json\/wp\/v2\/product_cat?post=710567"},{"taxonomy":"product_tag","embeddable":true,"href":"https:\/\/roveyayinevi.com.tr\/index.php\/wp-json\/wp\/v2\/product_tag?post=710567"}],"curies":[{"name":"wp","href":"https:\/\/api.w.org\/{rel}","templated":true}]}}