{"id":710566,"date":"2025-08-27T16:37:18","date_gmt":"2025-08-27T13:37:18","guid":{"rendered":"https:\/\/roveyayinevi.com.tr\/index.php\/urun\/kumarbaz-5\/"},"modified":"2026-04-16T02:19:20","modified_gmt":"2026-04-15T23:19:20","slug":"kumarbaz-5","status":"publish","type":"product","link":"https:\/\/roveyayinevi.com.tr\/index.php\/urun\/kumarbaz-5\/","title":{"rendered":"Kumarbaz"},"content":{"rendered":"<p>D\u00fcnya klasi\u011fi bir ba\u015fyap\u0131t\u2026 Kumarbaz Dostoyevski\u2019nin kendi ya\u015fam\u0131ndan g\u00fc\u00e7l\u00fc esintiler ta\u015f\u0131yan ba\u015fyap\u0131tlar\u0131ndan biridir\u2026 Dostoyevski, bu romanda eski bir Rus generali ve \u00e7evresinin Almanya kumarhanelerinde ya\u015fad\u0131\u011f\u0131 ser\u00fcveni anlat\u0131r\u2026 Bor\u00e7 i\u00e7inde y\u00fczen general, sevgilisi ve t\u00fcm alacakl\u0131lar\u0131,miras\u0131na konmak i\u00e7in Rusya\u2019daki \u2018Ya\u015fl\u0131 Kontes\u2019in(Babu\u015fka\/ B\u00fcy\u00fck Anne) \u00f6l\u00fcm haberini beklemektedirler\u2026\u2018Ya\u015fl\u0131 Kontes\u2019 ise aradan \u00e7ok ge\u00e7meden sapasa\u011flam kar\u015f\u0131lar\u0131na \u00e7\u0131k\u0131nca i\u015fler kar\u0131\u015f\u0131r\u2026 \u00dcstelik \u2018Babu\u015fka\u2019 b\u00fcy\u00fck bir hevesle rulet masas\u0131na oturmu\u015ftur\u2026 Ve t\u00fcm varl\u0131\u011f\u0131n\u0131 oyun masas\u0131na s\u00fcrmeye ba\u015flar. <\/p>\n","protected":false},"excerpt":{"rendered":"<p>D\u00fcnya klasi\u011fi bir ba\u015fyap\u0131t\u2026 Kumarbaz Dostoyevski\u2019nin kendi ya\u015fam\u0131ndan g\u00fc\u00e7l\u00fc esintiler ta\u015f\u0131yan ba\u015fyap\u0131tlar\u0131ndan biridir\u2026 Dostoyevski, bu romanda eski bir Rus generali ve \u00e7evresinin Almanya kumarhanelerinde ya\u015fad\u0131\u011f\u0131 ser\u00fcveni<span class=\"excerpt-hellip\"> [\u2026]<\/span><\/p>\n","protected":false},"featured_media":0,"template":"","meta":{"_monsterinsights_skip_tracking":false,"_monsterinsights_sitenote_active":false,"_monsterinsights_sitenote_note":"","_monsterinsights_sitenote_category":0},"product_brand":[],"product_cat":[12291,12711],"product_tag":[],"class_list":{"0":"post-710566","1":"product","2":"type-product","3":"status-publish","5":"product_cat-edebiyat","6":"product_cat-roman-oyku","7":"pa_cilt-ciltsiz","8":"pa_tur-kitap","9":"pa_yayinevi-remzi-kitabevi","10":"pa_yazar-fyodor-mihaylovic-dostoyevski","12":"first","13":"instock","14":"sale","15":"shipping-taxable","16":"purchasable","17":"product-type-simple"},"_links":{"self":[{"href":"https:\/\/roveyayinevi.com.tr\/index.php\/wp-json\/wp\/v2\/product\/710566","targetHints":{"allow":["GET"]}}],"collection":[{"href":"https:\/\/roveyayinevi.com.tr\/index.php\/wp-json\/wp\/v2\/product"}],"about":[{"href":"https:\/\/roveyayinevi.com.tr\/index.php\/wp-json\/wp\/v2\/types\/product"}],"wp:attachment":[{"href":"https:\/\/roveyayinevi.com.tr\/index.php\/wp-json\/wp\/v2\/media?parent=710566"}],"wp:term":[{"taxonomy":"product_brand","embeddable":true,"href":"https:\/\/roveyayinevi.com.tr\/index.php\/wp-json\/wp\/v2\/product_brand?post=710566"},{"taxonomy":"product_cat","embeddable":true,"href":"https:\/\/roveyayinevi.com.tr\/index.php\/wp-json\/wp\/v2\/product_cat?post=710566"},{"taxonomy":"product_tag","embeddable":true,"href":"https:\/\/roveyayinevi.com.tr\/index.php\/wp-json\/wp\/v2\/product_tag?post=710566"}],"curies":[{"name":"wp","href":"https:\/\/api.w.org\/{rel}","templated":true}]}}