{"id":710565,"date":"2025-08-27T16:37:18","date_gmt":"2025-08-27T13:37:18","guid":{"rendered":"https:\/\/roveyayinevi.com.tr\/index.php\/urun\/kis-masali-3\/"},"modified":"2026-04-16T02:19:20","modified_gmt":"2026-04-15T23:19:20","slug":"kis-masali-3","status":"publish","type":"product","link":"https:\/\/roveyayinevi.com.tr\/index.php\/urun\/kis-masali-3\/","title":{"rendered":"K\u0131\u015f Masal\u0131"},"content":{"rendered":"<p>K\u0131\u015f Masal\u0131 \u201cromans\u201d t\u00fcr\u00fcnde bir oyun. \u00d6rnekleri orta\u00e7a\u011fda g\u00f6r\u00fclen, ayr\u0131l\u0131k, kavu\u015fma, macera \u00f6\u011feleri ile keder, h\u00fcz\u00fcn ve mutluluk duygular\u0131na a\u011f\u0131rl\u0131k veren, ad\u0131ndan anla\u015f\u0131laca\u011f\u0131 gibi, masals\u0131 nitelikte bir oyun. Oyunun ana konusu, tarih boyu pek \u00e7ok k\u00fclt\u00fcrde insano\u011flunun temel inan\u00e7, aray\u0131\u015f ve \u00fcmidini dile getiren evrensel bir tema: ya\u015fam, \u00f6l\u00fcm, yeniden do\u011fu\u015f d\u00f6ng\u00fcs\u00fc. Shakespeare\u2019in bu oyunda tekrar k\u0131skan\u00e7l\u0131k konusunu i\u015flemesi ayr\u0131ca ilgin\u00e7. Windsor\u2019\u0131n \u015een Kad\u0131nlar\u0131\u2019nda komik bir \u00e7er\u00e7evede yer alan, Othello\u2019da trajik bir sonuca yol a\u00e7an k\u0131skan\u00e7l\u0131k K\u0131\u015f Masal\u0131\u2019nda ki\u015fiyi \u00e7\u0131lg\u0131na \u00e7eviren, marazi ve \u00f6l\u00fcmc\u00fcl bir saplant\u0131 olarak ortaya \u00e7\u0131k\u0131yor. Ancak, Othello\u2019nun k\u0131skan\u00e7l\u0131\u011f\u0131ndan farkl\u0131 olarak, oyunun sonunda romans\/melodram t\u00fcr\u00fcne has mucizevi bir \u201cmutlu son\u201dla noktalan\u0131yor. <\/p>\n","protected":false},"excerpt":{"rendered":"<p>K\u0131\u015f Masal\u0131 \u201cromans\u201d t\u00fcr\u00fcnde bir oyun. \u00d6rnekleri orta\u00e7a\u011fda g\u00f6r\u00fclen, ayr\u0131l\u0131k, kavu\u015fma, macera \u00f6\u011feleri ile keder, h\u00fcz\u00fcn ve mutluluk duygular\u0131na a\u011f\u0131rl\u0131k veren, ad\u0131ndan anla\u015f\u0131laca\u011f\u0131 gibi, masals\u0131 nitelikte<span class=\"excerpt-hellip\"> [\u2026]<\/span><\/p>\n","protected":false},"featured_media":0,"template":"","meta":{"_monsterinsights_skip_tracking":false,"_monsterinsights_sitenote_active":false,"_monsterinsights_sitenote_note":"","_monsterinsights_sitenote_category":0},"product_brand":[],"product_cat":[12291,14272],"product_tag":[],"class_list":{"0":"post-710565","1":"product","2":"type-product","3":"status-publish","5":"product_cat-edebiyat","6":"product_cat-tiyatro","7":"pa_cilt-ciltsiz","8":"pa_tur-kitap","9":"pa_yayinevi-remzi-kitabevi","10":"pa_yazar-william-shakespeare","12":"first","13":"instock","14":"sale","15":"shipping-taxable","16":"purchasable","17":"product-type-simple"},"_links":{"self":[{"href":"https:\/\/roveyayinevi.com.tr\/index.php\/wp-json\/wp\/v2\/product\/710565","targetHints":{"allow":["GET"]}}],"collection":[{"href":"https:\/\/roveyayinevi.com.tr\/index.php\/wp-json\/wp\/v2\/product"}],"about":[{"href":"https:\/\/roveyayinevi.com.tr\/index.php\/wp-json\/wp\/v2\/types\/product"}],"wp:attachment":[{"href":"https:\/\/roveyayinevi.com.tr\/index.php\/wp-json\/wp\/v2\/media?parent=710565"}],"wp:term":[{"taxonomy":"product_brand","embeddable":true,"href":"https:\/\/roveyayinevi.com.tr\/index.php\/wp-json\/wp\/v2\/product_brand?post=710565"},{"taxonomy":"product_cat","embeddable":true,"href":"https:\/\/roveyayinevi.com.tr\/index.php\/wp-json\/wp\/v2\/product_cat?post=710565"},{"taxonomy":"product_tag","embeddable":true,"href":"https:\/\/roveyayinevi.com.tr\/index.php\/wp-json\/wp\/v2\/product_tag?post=710565"}],"curies":[{"name":"wp","href":"https:\/\/api.w.org\/{rel}","templated":true}]}}