{"id":710564,"date":"2025-08-27T16:37:17","date_gmt":"2025-08-27T13:37:17","guid":{"rendered":"https:\/\/roveyayinevi.com.tr\/index.php\/urun\/bahceye-ne-ektik\/"},"modified":"2026-04-16T02:19:20","modified_gmt":"2026-04-15T23:19:20","slug":"bahceye-ne-ektik","status":"publish","type":"product","link":"https:\/\/roveyayinevi.com.tr\/index.php\/urun\/bahceye-ne-ektik\/","title":{"rendered":"Bah\u00e7eye Ne Ektik?"},"content":{"rendered":"<p>\u201cBah\u00e7eye ne ektik?\u201dHipopotam kuyru\u011fu \u00e7al\u0131s\u0131?Hay\u0131r, de\u011fil!Gergedan boynuzu tohumu?\u201cF\u0131\u00e7\u00e7\u00e7-\u00e7\u0131kkk\u2026 F\u0131\u00e7\u00e7\u00e7-\u00e7\u0131kkk\u2026\u201dOyun, affedersiniz hik\u00e2ye, \u00e7ocu\u011fun &#8220;Anne, bah\u00e7eye ne ektik?&#8221; demesiyle ba\u015flar. Anne ve babas\u0131n\u0131n bah\u00e7eye ne ektiklerini merak eden kahraman\u0131m\u0131z, ald\u0131\u011f\u0131 \u2018ger\u00e7ek\u00fcst\u00fc\u2019 yan\u0131tlar kar\u015f\u0131s\u0131nda solu\u011fu ola\u011fan\u00fcst\u00fc fantastik bitkilerin boy g\u00f6sterdi\u011fi bir d\u00fcnyada arar.Hik\u00e2yeyi ba\u015fa sarmak gerekirse; gergedan boynuzu tohumunu g\u00fczelce sularsak topraktan gergedan boynuzlar\u0131 \u00e7\u0131kar. Maymun kahkahas\u0131 \u00e7i\u00e7e\u011fi ekersek sabahlar\u0131 g\u00fcne\u015f do\u011farken g\u00f6ky\u00fcz\u00fcn\u00fc, \u2018Huh-hah-hah-hah!\u2019 diye kahkahalar sarar. Bah\u00e7eye jet t\u00fcrbini k\u00f6k\u00fc ekersek yeterince b\u00fcy\u00fcd\u00fcklerinde ate\u015flenip evi u\u00e7urmaya kalkar&#8230; Offf, bah\u00e7eye bu bitkilerden ne ekersek ekelim, yarar\u0131ndan \u00e7ok bize zarar. O zaman sak\u0131n bo\u015f bulunmay\u0131n, kulaklar\u0131n\u0131z\u0131 gemi bacas\u0131 \u00e7i\u00e7e\u011finin tiz sesi t\u0131rmalar\u2026\u00c7ok takip edilen \u00e7ocuk kitaplar\u0131 blog\u2019u Bir Dolap Kitap\u2019tan tan\u0131d\u0131\u011f\u0131m\u0131z M. Banu Aksoy ve Y\u0131ld\u0131ray Karakiya, kendi \u00e7ekirdek aile ya\u015fant\u0131lar\u0131ndan ilham alarak kaleme ald\u0131klar\u0131 Bah\u00e7eye Ne Ektik?\u2019te, hayal g\u00fcc\u00fcm\u00fcz\u00fcn s\u0131n\u0131rlar\u0131n\u0131 zorlayan \u00e7e\u015fitlilikte ve renkte ola\u011fan\u00fcst\u00fc bir bitkiler \u00e2lemi resmediyor.Kitaplar\u0131n b\u00fcy\u00fcl\u00fc evreniyle yeni tan\u0131\u015fan miniklerin ve \u015fakac\u0131 ebeveynlerin k\u0131k\u0131r k\u0131k\u0131r g\u00fclecekleri bu reng\u00e2renk kitap, s\u0131cac\u0131k \u00f6yk\u00fcs\u00fc, zihnimizi g\u0131d\u0131klay\u0131p duran sorular\u0131 ve Zeynep \u00d6zatalay\u2019\u0131n g\u00f6z al\u0131c\u0131 resimleriyle yediden yetmi\u015fe d\u00fc\u015fsel bir ilk okuma deneyimi sunuyor.Sahi, bah\u00e7eye ne ektik? <\/p>\n","protected":false},"excerpt":{"rendered":"<p>\u201cBah\u00e7eye ne ektik?\u201dHipopotam kuyru\u011fu \u00e7al\u0131s\u0131?Hay\u0131r, de\u011fil!Gergedan boynuzu tohumu?\u201cF\u0131\u00e7\u00e7\u00e7-\u00e7\u0131kkk\u2026 F\u0131\u00e7\u00e7\u00e7-\u00e7\u0131kkk\u2026\u201dOyun, affedersiniz hik\u00e2ye, \u00e7ocu\u011fun &#8220;Anne, bah\u00e7eye ne ektik?&#8221; demesiyle ba\u015flar. Anne ve babas\u0131n\u0131n bah\u00e7eye ne ektiklerini merak eden<span class=\"excerpt-hellip\"> [\u2026]<\/span><\/p>\n","protected":false},"featured_media":0,"template":"","meta":{"_monsterinsights_skip_tracking":false,"_monsterinsights_sitenote_active":false,"_monsterinsights_sitenote_note":"","_monsterinsights_sitenote_category":0},"product_brand":[],"product_cat":[12274,12284],"product_tag":[],"class_list":{"0":"post-710564","1":"product","2":"type-product","3":"status-publish","5":"product_cat-cocuk-ve-genclik-kitaplari","6":"product_cat-hikayeler","7":"pa_cilt-ciltsiz","8":"pa_tur-kitap","9":"pa_yayinevi-ucanbalik-yayincilik","10":"pa_yazar-m-banu-aksoy-yildiray-karakiya","12":"first","13":"instock","14":"sale","15":"shipping-taxable","16":"purchasable","17":"product-type-simple"},"_links":{"self":[{"href":"https:\/\/roveyayinevi.com.tr\/index.php\/wp-json\/wp\/v2\/product\/710564","targetHints":{"allow":["GET"]}}],"collection":[{"href":"https:\/\/roveyayinevi.com.tr\/index.php\/wp-json\/wp\/v2\/product"}],"about":[{"href":"https:\/\/roveyayinevi.com.tr\/index.php\/wp-json\/wp\/v2\/types\/product"}],"wp:attachment":[{"href":"https:\/\/roveyayinevi.com.tr\/index.php\/wp-json\/wp\/v2\/media?parent=710564"}],"wp:term":[{"taxonomy":"product_brand","embeddable":true,"href":"https:\/\/roveyayinevi.com.tr\/index.php\/wp-json\/wp\/v2\/product_brand?post=710564"},{"taxonomy":"product_cat","embeddable":true,"href":"https:\/\/roveyayinevi.com.tr\/index.php\/wp-json\/wp\/v2\/product_cat?post=710564"},{"taxonomy":"product_tag","embeddable":true,"href":"https:\/\/roveyayinevi.com.tr\/index.php\/wp-json\/wp\/v2\/product_tag?post=710564"}],"curies":[{"name":"wp","href":"https:\/\/api.w.org\/{rel}","templated":true}]}}