{"id":710563,"date":"2025-08-27T16:37:17","date_gmt":"2025-08-27T13:37:17","guid":{"rendered":"https:\/\/roveyayinevi.com.tr\/index.php\/urun\/derinlemesine-arduino\/"},"modified":"2026-04-16T02:19:20","modified_gmt":"2026-04-15T23:19:20","slug":"derinlemesine-arduino","status":"publish","type":"product","link":"https:\/\/roveyayinevi.com.tr\/index.php\/urun\/derinlemesine-arduino\/","title":{"rendered":"Derinlemesine Arduino"},"content":{"rendered":"<p>60&#8217;DAN FAZLA UYGULAMA \u00d6RNEKLER\u0130YLE DER\u0130NLEMES\u0130NE ARDU\u0130NO\u0130\u00c7\u0130NDEK\u0130LER:Arduino Nedir?Mikrodenetleyici Nedir?Mikroi\u015flemci ile Mikrodenetleyici Aras\u0131ndaki Fark Nedir?Arduino Hangi Mikrodenetleyiciyi Kullan\u0131r?Shield Nedir?Temel Elektronik Kavramlar\u0131Sensor, Transduser, Aktuator ve Motor Tan\u0131m ve Farklar\u0131Arduino Nas\u0131l Programlan\u0131r?Arduino\u2019da Kendi K\u00fct\u00fcphanenizi Nas\u0131l Olu\u015fturabilirsiniz?Temel Arduino Fonksiyonlar\u0131Von Neuman ve Harvard MimarileriRISC ve CISC MimarileriATMEL AVR \u0130\u015flemcisiArduino Uno, MEGA ve Lilypad Donan\u0131msal \u00d6zellikleriPull-Up ve Pull-Down Diren\u00e7 Ba\u011flant\u0131lar\u0131Arduino Bit ve Byte Komutlar\u0131if, if\/else, ?:, switch case Karar Yap\u0131lar\u0131for, while \/ do-while D\u00f6ng\u00fcleribreak, continue, return, delete, sizeof, static, volatile Komutlar\u0131shiftIn, shiftOut Fonksiyonlar\u0131Arduino String \u0130\u015flem Fonksiyonlar\u0131Diziler ve MatrislerEEPROMSowtwareSerialLed-Buton Uygulamalar\u0131Matris LED, 7 Segment Display Uygulamalar\u0131LCD ve Keypad Uygulamalar\u0131Motor (DC, Step, Servo) Uygulamalar\u0131ADC ve PWM Uygulamalar\u0131Kesme ve Zamanlay\u0131c\u0131 Uygulamalar\u0131SPI ve I2C Haberle\u015fme Uygulamalar\u0131Web Tabanl\u0131 UygulamalarGiyilebilir (Lilypad ve Nano) UygulamalarC# ve Processing ile Arduino Uygulamalar\u0131RFID ve NFC Uygulamalar\u0131VirtualWire ile 4 Kanall\u0131 \u2013 RF Haberle\u015fmesi Uygulamas\u0131CAN-Bus Haberle\u015fmesi Uygulamas\u0131Arduino ile 3 Eklemli Robot Kolu Uygulamas\u0131Arduino ile Ak\u0131ll\u0131 Ev Uygulamas\u0131 <\/p>\n","protected":false},"excerpt":{"rendered":"<p>60&#8217;DAN FAZLA UYGULAMA \u00d6RNEKLER\u0130YLE DER\u0130NLEMES\u0130NE ARDU\u0130NO\u0130\u00c7\u0130NDEK\u0130LER:Arduino Nedir?Mikrodenetleyici Nedir?Mikroi\u015flemci ile Mikrodenetleyici Aras\u0131ndaki Fark Nedir?Arduino Hangi Mikrodenetleyiciyi Kullan\u0131r?Shield Nedir?Temel Elektronik Kavramlar\u0131Sensor, Transduser, Aktuator ve Motor Tan\u0131m ve Farklar\u0131Arduino<span class=\"excerpt-hellip\"> [\u2026]<\/span><\/p>\n","protected":false},"featured_media":0,"template":"","meta":{"_monsterinsights_skip_tracking":false,"_monsterinsights_sitenote_active":false,"_monsterinsights_sitenote_note":"","_monsterinsights_sitenote_category":0},"product_brand":[],"product_cat":[12312,12304],"product_tag":[],"class_list":{"0":"post-710563","1":"product","2":"type-product","3":"status-publish","5":"product_cat-diger","6":"product_cat-tarih","7":"pa_cilt-ciltsiz","8":"pa_tur-kitap","9":"pa_yayinevi-abakus-kitap","10":"pa_yazar-bulent-cobanoglu","12":"first","13":"instock","14":"sale","15":"shipping-taxable","16":"purchasable","17":"product-type-simple"},"_links":{"self":[{"href":"https:\/\/roveyayinevi.com.tr\/index.php\/wp-json\/wp\/v2\/product\/710563","targetHints":{"allow":["GET"]}}],"collection":[{"href":"https:\/\/roveyayinevi.com.tr\/index.php\/wp-json\/wp\/v2\/product"}],"about":[{"href":"https:\/\/roveyayinevi.com.tr\/index.php\/wp-json\/wp\/v2\/types\/product"}],"wp:attachment":[{"href":"https:\/\/roveyayinevi.com.tr\/index.php\/wp-json\/wp\/v2\/media?parent=710563"}],"wp:term":[{"taxonomy":"product_brand","embeddable":true,"href":"https:\/\/roveyayinevi.com.tr\/index.php\/wp-json\/wp\/v2\/product_brand?post=710563"},{"taxonomy":"product_cat","embeddable":true,"href":"https:\/\/roveyayinevi.com.tr\/index.php\/wp-json\/wp\/v2\/product_cat?post=710563"},{"taxonomy":"product_tag","embeddable":true,"href":"https:\/\/roveyayinevi.com.tr\/index.php\/wp-json\/wp\/v2\/product_tag?post=710563"}],"curies":[{"name":"wp","href":"https:\/\/api.w.org\/{rel}","templated":true}]}}