{"id":710562,"date":"2025-08-27T16:37:16","date_gmt":"2025-08-27T13:37:16","guid":{"rendered":"https:\/\/roveyayinevi.com.tr\/index.php\/urun\/engelli-ailesinde-siddet\/"},"modified":"2026-04-16T02:19:20","modified_gmt":"2026-04-15T23:19:20","slug":"engelli-ailesinde-siddet","status":"publish","type":"product","link":"https:\/\/roveyayinevi.com.tr\/index.php\/urun\/engelli-ailesinde-siddet\/","title":{"rendered":"Engelli Ailesinde \u015eiddet"},"content":{"rendered":"<p>Kad\u0131na y\u00f6nelik \u015fiddetin nedenlerine bak\u0131ld\u0131\u011f\u0131nda; stres, depresyon, d\u00fc\u015f\u00fck gelire sahip olma ve maddi g\u00fc\u00e7l\u00fckten kaynaklanan bunal\u0131mlar, yeni bir \u00e7ocuk i\u00e7in destek harcamalar\u0131, evlilikte \u00e7at\u0131\u015fma ya\u015fama, \u00e7ocuklar\u0131n e\u011fitimi ve bak\u0131m\u0131 konusunda ya\u015fanan anla\u015fmazl\u0131klar, kad\u0131n\u0131n ev i\u015fi y\u00fck\u00fcnden bunalmas\u0131 ve \u015fikayet etmesi gibi konular\u0131n risk fakt\u00f6r\u00fc oldu\u011fu g\u00f6r\u00fcl\u00fcr.Bu risk fakt\u00f6rlerinin ailenin zihinsel engelli \u00e7ocu\u011fa sahip olmas\u0131 durumunda daha bask\u0131n fakt\u00f6rler olarak aile i\u00e7inde ya\u015fanabilece\u011fi ve kad\u0131na y\u00f6nelik aile i\u00e7i \u015fiddete yol a\u00e7abilece\u011fi d\u00fc\u015f\u00fcn\u00fcl\u00fcr. Ayr\u0131ca engelli \u00e7ocu\u011fun bak\u0131m\u0131n\u0131n genellikle anne taraf\u0131ndan \u00fcstlenilmesi ve toplumda anneye b\u00f6yle bir g\u00f6revin atfedilmesi aile i\u00e7i ileti\u015fim s\u00fcre\u00e7lerine de yans\u0131r. Aile i\u00e7i ileti\u015fim ve etkile\u015fim s\u00fcrecinin sa\u011fl\u0131ks\u0131z bir zeminde ya\u015fanmas\u0131 sonucunda ise aile i\u00e7i \u015fiddet olaylar\u0131na rastlan\u0131lmas\u0131 ka\u00e7\u0131n\u0131lmaz g\u00f6z\u00fck\u00fcr.Bu kitap; zihinsel engelli \u00e7ocu\u011fa sahip ailelerde kad\u0131na y\u00f6nelik aile i\u00e7i \u015fiddeti incelemek ve annelerin aile i\u00e7i \u015fiddete ili\u015fkin neler d\u00fc\u015f\u00fcnd\u00fcklerini ve aile i\u00e7i \u015fiddet kar\u015f\u0131s\u0131nda neler hissettiklerini a\u00e7\u0131kl\u0131\u011fa kavu\u015fturmak iste\u011finin bir sonucudur. Evde, aile i\u00e7inde, sokakta, akran grubunda, mahallede, kamu kurum ve kurulu\u015flar\u0131nda k\u0131sacas\u0131 toplumun her kesiminde ve her alanda kar\u015f\u0131m\u0131za \u00e7\u0131kan \u015fiddet karma\u015f\u0131k bir olgu olarak g\u00f6z\u00fckmektedir.Serdarhan Duru ve Veli Duyan bu kitab\u0131yla, zihinsel engelli \u00e7ocu\u011fa sahip ailelerde kad\u0131na y\u00f6nelik aile i\u00e7i \u015fiddet ortaya \u00e7\u0131k\u0131\u015f\u0131n\u0131 \u015fiddet \u00f6yk\u00fcleriyle anlamaya \u00e7al\u0131\u015f\u0131yor ve kad\u0131na y\u00f6nelik \u015fiddetin \u00f6nlenmesi i\u00e7in somut \u00f6neriler sunuyor.\u201cAman sus k\u0131z\u0131m, ay\u0131p olur.\u201d <\/p>\n","protected":false},"excerpt":{"rendered":"<p>Kad\u0131na y\u00f6nelik \u015fiddetin nedenlerine bak\u0131ld\u0131\u011f\u0131nda; stres, depresyon, d\u00fc\u015f\u00fck gelire sahip olma ve maddi g\u00fc\u00e7l\u00fckten kaynaklanan bunal\u0131mlar, yeni bir \u00e7ocuk i\u00e7in destek harcamalar\u0131, evlilikte \u00e7at\u0131\u015fma ya\u015fama, \u00e7ocuklar\u0131n<span class=\"excerpt-hellip\"> [\u2026]<\/span><\/p>\n","protected":false},"featured_media":0,"template":"","meta":{"_monsterinsights_skip_tracking":false,"_monsterinsights_sitenote_active":false,"_monsterinsights_sitenote_note":"","_monsterinsights_sitenote_category":0},"product_brand":[],"product_cat":[12312,12304],"product_tag":[],"class_list":{"0":"post-710562","1":"product","2":"type-product","3":"status-publish","5":"product_cat-diger","6":"product_cat-tarih","7":"pa_cilt-ciltsiz","8":"pa_tur-kitap","9":"pa_yayinevi-yeni-insan-yayinlari","10":"pa_yazar-serdarhan-duru-veli-duyan","12":"first","13":"instock","14":"sale","15":"shipping-taxable","16":"purchasable","17":"product-type-simple"},"_links":{"self":[{"href":"https:\/\/roveyayinevi.com.tr\/index.php\/wp-json\/wp\/v2\/product\/710562","targetHints":{"allow":["GET"]}}],"collection":[{"href":"https:\/\/roveyayinevi.com.tr\/index.php\/wp-json\/wp\/v2\/product"}],"about":[{"href":"https:\/\/roveyayinevi.com.tr\/index.php\/wp-json\/wp\/v2\/types\/product"}],"wp:attachment":[{"href":"https:\/\/roveyayinevi.com.tr\/index.php\/wp-json\/wp\/v2\/media?parent=710562"}],"wp:term":[{"taxonomy":"product_brand","embeddable":true,"href":"https:\/\/roveyayinevi.com.tr\/index.php\/wp-json\/wp\/v2\/product_brand?post=710562"},{"taxonomy":"product_cat","embeddable":true,"href":"https:\/\/roveyayinevi.com.tr\/index.php\/wp-json\/wp\/v2\/product_cat?post=710562"},{"taxonomy":"product_tag","embeddable":true,"href":"https:\/\/roveyayinevi.com.tr\/index.php\/wp-json\/wp\/v2\/product_tag?post=710562"}],"curies":[{"name":"wp","href":"https:\/\/api.w.org\/{rel}","templated":true}]}}