{"id":710561,"date":"2025-08-27T16:37:16","date_gmt":"2025-08-27T13:37:16","guid":{"rendered":"https:\/\/roveyayinevi.com.tr\/index.php\/urun\/turk-siyasi-tarihi-2\/"},"modified":"2026-04-16T02:19:20","modified_gmt":"2026-04-15T23:19:20","slug":"turk-siyasi-tarihi-2","status":"publish","type":"product","link":"https:\/\/roveyayinevi.com.tr\/index.php\/urun\/turk-siyasi-tarihi-2\/","title":{"rendered":"T\u00fcrk Siyasi Tarihi"},"content":{"rendered":"<p>EN KR\u0130T\u0130K MESELELER\u0130YLE T\u00dcRK S\u0130YAS\u0130 TAR\u0130H\u0130&#8230; T\u00fcrkiye&#8217;de siyasi tarih \u00e7al\u0131\u015fmalar\u0131 dendi\u011finde akla gelen ilk isimlerden biri, sahas\u0131n\u0131n duayeni olan Prof. Dr. Fahir Armao\u011flu. Onun engin bilgilerinin ve tecr\u00fcbelerinin \u0131\u015f\u0131\u011f\u0131nda ortaya \u00e7\u0131km\u0131\u015f akademik \u00e7al\u0131\u015fmalar\u0131ndan derlenen T\u00fcrk Siyasi Tarihi, imparatorluk miras\u0131ndan K\u0131br\u0131s meselesine dek tarihimizin en kritik meselelerini yeniden g\u00fcndeme ta\u015f\u0131yor&#8230;Prof. Dr. Fahir Armao\u011flu kitab\u0131n ilk b\u00f6l\u00fcm\u00fcnde imparatorluk miras\u0131n\u0131 de\u011ferlendirerek \u00e7ok uluslu Osmanl\u0131 \u0130mparatorlu\u011fu&#8217;nu yorumluyor ve hemen ard\u0131ndan ikinci b\u00f6l\u00fcmde Milli M\u00fccadele y\u0131llar\u0131n\u0131 ele al\u0131yor. \u0130stanbul&#8217;un \u0130\u015fgali ve Oniki Ada Meselesi gibi h\u00e2l\u00e2 \u00f6nemini koruyan konular, belgeler \u0131\u015f\u0131\u011f\u0131nda okuyucuya sunuluyor.Cumhuriyetin ilk y\u0131llar\u0131ndan itibaren bir\u00e7ok tart\u0131\u015fmaya sebep olan laiklik konusu, kitab\u0131n \u00fc\u00e7\u00fcnc\u00fc b\u00f6l\u00fcm\u00fcn\u00fc olu\u015fturuyor. Hilafet&#8217;in d\u0131\u015f cephesinden T\u00fcrkiye&#8217;deki Amerikan okullar\u0131 krizine kadar Prof. Dr. Fahir Armao\u011flu laikli\u011fi en hassas noktalar\u0131yla yorumluyor.Kitab\u0131n son b\u00f6l\u00fcm\u00fcnde K\u0131br\u0131s meselesi t\u00fcm hatlar\u0131yla tart\u0131\u015fmaya a\u00e7\u0131l\u0131yor. K\u0131br\u0131s&#8217;\u0131n stratejik \u00f6nemi, 1955-56 y\u0131llar\u0131nda T\u00fcrk h\u00fck\u00fcmetinin tavr\u0131, T\u00fcrk-Yunan m\u00fcnasebeti neticesinde ortaya \u00e7\u0131kan olaylar ve Prof. Dr. Fahir Armao\u011flu&#8217;nun Rauf Denkta\u015f&#8217;la yapt\u0131\u011f\u0131 \u00e7ok \u00f6nemli bir r\u00f6portajla kitap sona eriyor.T\u00fcrk Siyasi Tarihi, T\u00fcrkiye Cumhuriyeti\u2019nin yak\u0131n siyasi tarihini merak edenler i\u00e7in \u00e7ok \u00f6nemli ara\u015ft\u0131rmalara ve belgelere dayanan, siyasi unsurlar\u0131 \u00f6n plana alan ve gelece\u011fe \u0131\u015f\u0131k tutan bir eser&#8230; <\/p>\n","protected":false},"excerpt":{"rendered":"<p>EN KR\u0130T\u0130K MESELELER\u0130YLE T\u00dcRK S\u0130YAS\u0130 TAR\u0130H\u0130&#8230; T\u00fcrkiye&#8217;de siyasi tarih \u00e7al\u0131\u015fmalar\u0131 dendi\u011finde akla gelen ilk isimlerden biri, sahas\u0131n\u0131n duayeni olan Prof. Dr. Fahir Armao\u011flu. Onun engin bilgilerinin<span class=\"excerpt-hellip\"> [\u2026]<\/span><\/p>\n","protected":false},"featured_media":0,"template":"","meta":{"_monsterinsights_skip_tracking":false,"_monsterinsights_sitenote_active":false,"_monsterinsights_sitenote_note":"","_monsterinsights_sitenote_category":0},"product_brand":[],"product_cat":[12304,13493],"product_tag":[],"class_list":{"0":"post-710561","1":"product","2":"type-product","3":"status-publish","5":"product_cat-tarih","6":"product_cat-turkiye-ve-cumhuriyet-tarihi","7":"pa_cilt-ciltsiz","8":"pa_tur-kitap","9":"pa_yayinevi-kronik-kitap","10":"pa_yazar-fahir-armaoglu","12":"first","13":"instock","14":"sale","15":"shipping-taxable","16":"purchasable","17":"product-type-simple"},"_links":{"self":[{"href":"https:\/\/roveyayinevi.com.tr\/index.php\/wp-json\/wp\/v2\/product\/710561","targetHints":{"allow":["GET"]}}],"collection":[{"href":"https:\/\/roveyayinevi.com.tr\/index.php\/wp-json\/wp\/v2\/product"}],"about":[{"href":"https:\/\/roveyayinevi.com.tr\/index.php\/wp-json\/wp\/v2\/types\/product"}],"wp:attachment":[{"href":"https:\/\/roveyayinevi.com.tr\/index.php\/wp-json\/wp\/v2\/media?parent=710561"}],"wp:term":[{"taxonomy":"product_brand","embeddable":true,"href":"https:\/\/roveyayinevi.com.tr\/index.php\/wp-json\/wp\/v2\/product_brand?post=710561"},{"taxonomy":"product_cat","embeddable":true,"href":"https:\/\/roveyayinevi.com.tr\/index.php\/wp-json\/wp\/v2\/product_cat?post=710561"},{"taxonomy":"product_tag","embeddable":true,"href":"https:\/\/roveyayinevi.com.tr\/index.php\/wp-json\/wp\/v2\/product_tag?post=710561"}],"curies":[{"name":"wp","href":"https:\/\/api.w.org\/{rel}","templated":true}]}}