{"id":710560,"date":"2025-08-27T16:37:15","date_gmt":"2025-08-27T13:37:15","guid":{"rendered":"https:\/\/roveyayinevi.com.tr\/index.php\/urun\/gokburunun-izinde-kadim-turklerin-topraklarinda\/"},"modified":"2026-04-16T02:19:20","modified_gmt":"2026-04-15T23:19:20","slug":"gokburunun-izinde-kadim-turklerin-topraklarinda","status":"publish","type":"product","link":"https:\/\/roveyayinevi.com.tr\/index.php\/urun\/gokburunun-izinde-kadim-turklerin-topraklarinda\/","title":{"rendered":"G\u00f6kb\u00fcr\u00fc&#8217;n\u00fcn \u0130zinde (Kadim T\u00fcrklerin Topraklar\u0131nda)"},"content":{"rendered":"<p>TAR\u0130H \u00d6NCES\u0130NDEN CO\u011eRAFYALAR \u00d6TES\u0130NE: T\u00dcRKLEROnlar varl\u0131klar\u0131n\u0131n anlam\u0131n\u0131 seferde buldular. Nice zamanlar i\u00e7inde nice mek\u00e2nlara sahip oldular. Tarifi m\u00fcmk\u00fcn olmayan b\u00fcy\u00fckl\u00fckteki topraklar\u0131 bazen ayak sesleriyle bazen de nal sesleriyle a\u015ft\u0131lar. Kondular, g\u00f6\u00e7t\u00fcler\u2026 Kurdular, y\u0131k\u0131l\u0131nca tekrar yapt\u0131lar\u2026 Hi\u00e7bir zaman vazge\u00e7mediler. Ne olaca\u011f\u0131n\u0131 de\u011fil, daima nas\u0131l olaca\u011f\u0131n\u0131 d\u00fc\u015f\u00fcnd\u00fcler. T\u00fcrkler&#8230; \u0130slam \u00d6ncesi T\u00fcrk Tarihi ve Orta Asya Tarihi alanlar\u0131n\u0131n uzman\u0131 Prof. Dr. Ahmet Ta\u015fa\u011f\u0131l, tarihin pe\u015finden ve T\u00fcrklerin izinden gidiyor, engin co\u011frafyalar\u0131 ad\u0131ml\u0131yor, T\u00fcrklerin gizemli tarihini yeniden yaz\u0131yor. 20 y\u0131l\u0131 a\u015fk\u0131n bir zamand\u0131r Eski T\u00fcrklerin ad\u0131m att\u0131\u011f\u0131 istisnas\u0131z her yere gitmi\u015f ve ara\u015ft\u0131rmalar yapm\u0131\u015f olan Ahmet Ta\u015fa\u011f\u0131l; okuyaca\u011f\u0131n\u0131z sayfalar boyunca sizi bozk\u0131r\u0131n r\u00fczg\u00e2r\u0131 e\u015fli\u011finde Altay Da\u011flar\u0131&#8217;na g\u00f6t\u00fcrecek. Orhun b\u00f6lgesinde t\u00fcm gizemini dinlerken kendinizi bir anda \u00c7in Seddi&#8217;nin Ye\u015fim Ta\u015f\u0131 Kap\u0131s\u0131&#8217;ndan girerken bulacaks\u0131n\u0131z. Hanbal\u0131k&#8217;ta dinlenip, Pekin&#8217;den Do\u011fu T\u00fcrkistan&#8217;a ula\u015f\u0131rken kadim bir tarihi ya\u015fad\u0131\u011f\u0131n\u0131z\u0131 fark edeceksiniz. Urum\u00e7i, Ka\u015fgar, Fergan ve en sonunda Mavera\u00fcnnehir derken, T\u00fcrk tarihinin derinli\u011fi kar\u015f\u0131s\u0131nda hayret duygunuzu geni\u015fleteceksiniz. T\u00fcrk isminin kimlere denildi\u011fini, T\u00fcrklerin nereden geldiklerini, inan\u00e7lar\u0131n\u0131, en ilgin\u00e7 geleneklerini, as\u0131rlar boyunca ta\u015f\u0131d\u0131klar\u0131 karakteristik \u00f6zelliklerini, t\u00fcm d\u00fcnyan\u0131n imrendi\u011fi te\u015fkilatlanma ustal\u0131klar\u0131n\u0131 ve her ko\u015fulda nas\u0131l ba\u015far\u0131l\u0131 olabildiklerini t\u00fcm boyutlar\u0131yla \u00f6\u011frenece\u011finiz bu kitapta, kendinizi at s\u0131rt\u0131nda Sibirya, Mo\u011folistan, Kuzey ve Orta \u00c7in, Do\u011fu T\u00fcrkistan, K\u0131rg\u0131zistan, Kazakistan, \u00d6zbekistan, T\u00fcrkmenistan ve Afganistan topraklar\u0131n\u0131 ge\u00e7erken hissedeceksiniz. Her detay\u0131 g\u00f6rerek ve tekrar ya\u015fayarak&#8230; G\u00d6KB\u00d6R\u00dc\u2019N\u00dcN \u0130Z\u0130NDE: Kadim T\u00fcrklerin Topraklar\u0131nda, Ahmet Ta\u015fa\u011f\u0131l&#8217;\u0131n son derece lezzetli \u00fcslubuyla adeta bir seyahatname tad\u0131nda. <\/p>\n","protected":false},"excerpt":{"rendered":"<p>TAR\u0130H \u00d6NCES\u0130NDEN CO\u011eRAFYALAR \u00d6TES\u0130NE: T\u00dcRKLEROnlar varl\u0131klar\u0131n\u0131n anlam\u0131n\u0131 seferde buldular. Nice zamanlar i\u00e7inde nice mek\u00e2nlara sahip oldular. Tarifi m\u00fcmk\u00fcn olmayan b\u00fcy\u00fckl\u00fckteki topraklar\u0131 bazen ayak sesleriyle bazen de<span class=\"excerpt-hellip\"> [\u2026]<\/span><\/p>\n","protected":false},"featured_media":0,"template":"","meta":{"_monsterinsights_skip_tracking":false,"_monsterinsights_sitenote_active":false,"_monsterinsights_sitenote_note":"","_monsterinsights_sitenote_category":0},"product_brand":[],"product_cat":[12304,13650],"product_tag":[],"class_list":{"0":"post-710560","1":"product","2":"type-product","3":"status-publish","5":"product_cat-tarih","6":"product_cat-turk-tarihi-arastirmalari","7":"pa_cilt-ciltsiz","8":"pa_tur-kitap","9":"pa_yayinevi-kronik-kitap","10":"pa_yazar-ahmet-tasagil","12":"first","13":"instock","14":"sale","15":"shipping-taxable","16":"purchasable","17":"product-type-simple"},"_links":{"self":[{"href":"https:\/\/roveyayinevi.com.tr\/index.php\/wp-json\/wp\/v2\/product\/710560","targetHints":{"allow":["GET"]}}],"collection":[{"href":"https:\/\/roveyayinevi.com.tr\/index.php\/wp-json\/wp\/v2\/product"}],"about":[{"href":"https:\/\/roveyayinevi.com.tr\/index.php\/wp-json\/wp\/v2\/types\/product"}],"wp:attachment":[{"href":"https:\/\/roveyayinevi.com.tr\/index.php\/wp-json\/wp\/v2\/media?parent=710560"}],"wp:term":[{"taxonomy":"product_brand","embeddable":true,"href":"https:\/\/roveyayinevi.com.tr\/index.php\/wp-json\/wp\/v2\/product_brand?post=710560"},{"taxonomy":"product_cat","embeddable":true,"href":"https:\/\/roveyayinevi.com.tr\/index.php\/wp-json\/wp\/v2\/product_cat?post=710560"},{"taxonomy":"product_tag","embeddable":true,"href":"https:\/\/roveyayinevi.com.tr\/index.php\/wp-json\/wp\/v2\/product_tag?post=710560"}],"curies":[{"name":"wp","href":"https:\/\/api.w.org\/{rel}","templated":true}]}}