{"id":710559,"date":"2025-08-27T16:37:15","date_gmt":"2025-08-27T13:37:15","guid":{"rendered":"https:\/\/roveyayinevi.com.tr\/index.php\/urun\/nanhai-i-ve-deniz-ipek-yolu\/"},"modified":"2026-04-16T02:19:20","modified_gmt":"2026-04-15T23:19:20","slug":"nanhai-i-ve-deniz-ipek-yolu","status":"publish","type":"product","link":"https:\/\/roveyayinevi.com.tr\/index.php\/urun\/nanhai-i-ve-deniz-ipek-yolu\/","title":{"rendered":"Nanhai I ve Deniz \u0130pek Yolu"},"content":{"rendered":"<p>Bir \u0130ngiliz arama kurtarma \u015firketi, 1987\u2019de 18. y\u00fczy\u0131lda batm\u0131\u015f olan bir gemiyi ararken ba\u015fka bir geminin kal\u0131nt\u0131lar\u0131na rastlar. \u015eirket bir \u00c7inli arama kurtarma \u015firketiyle ortakl\u0131k kurar ve birlikte gemiyi g\u00fcn y\u00fcz\u00fcne \u00e7\u0131kar\u0131rlar. 30,4 m uzunlu\u011funda, 9,8 m geni\u015fli\u011finde ve gemi dire\u011fi hari\u00e7 3,5 m y\u00fcksekli\u011finde olan gemi, Deniz \u0130pek Yolu \u00fczerinde bulunmu\u015f olan en eski, en b\u00fcy\u00fck ve en iyi korunmu\u015f gemidir. Nanhai I ad\u0131 verilen geminin yabanc\u0131 \u00fclkelerle ticaret yapmak amac\u0131yla G\u00fcney \u00c7in\u2019deki bir limandan a\u00e7\u0131ld\u0131\u011f\u0131 tahmin edilmektedir. Nanhai I bulundu\u011funda, i\u00e7inden Song Hanedanl\u0131\u011f\u0131 d\u00f6neminden (960-1279) 200 par\u00e7a porselen, 130 kg g\u00fcm\u00fc\u015f \u00e7ubuk, sikkeler ve bir alt\u0131n zincir kemer \u00e7\u0131kar\u0131ld\u0131. Daha sonra, kal\u0131nt\u0131da toplam 60000-80000 par\u00e7a bulundu\u011fu a\u00e7\u0131kland\u0131. 2007\u2019de gemi par\u00e7alar\u0131 bir araya getirilerek Nanhai I tekrar in\u015fa edildi ve Deniz \u0130pek Yolu M\u00fczesi\u2019nde \u201cKristal Saray\u201d ad\u0131 verilen cam bir oda i\u00e7inde muhafaza alt\u0131na al\u0131nd\u0131.Nanhai I, tarihi \u00c7in\u2019in ilk hanedanlar\u0131 olan Qin (M\u00d6 221-206) ve Han (M\u00d6 206\u2013MS 220) Hanedanlar\u0131na kadar uzanan uluslararas\u0131 ekonomik ve k\u00fclt\u00fcrel ili\u015fkilerin ilk simgelerindendir ve Deniz \u0130pek Yolu\u2019nun g\u00fcn\u00fcm\u00fcze kadar kalm\u0131\u015f tek tan\u0131\u011f\u0131d\u0131r. Bu kitap Nanhai I \u00fczerinde y\u00fcr\u00fct\u00fclen kaz\u0131 \u00e7al\u0131\u015fmalar\u0131n\u0131, geminin kurtar\u0131lmas\u0131n\u0131 ve Deniz \u0130pek Yolu M\u00fczesi\u2019nin kurulu\u015funu anlatmaktad\u0131r. <\/p>\n","protected":false},"excerpt":{"rendered":"<p>Bir \u0130ngiliz arama kurtarma \u015firketi, 1987\u2019de 18. y\u00fczy\u0131lda batm\u0131\u015f olan bir gemiyi ararken ba\u015fka bir geminin kal\u0131nt\u0131lar\u0131na rastlar. \u015eirket bir \u00c7inli arama kurtarma \u015firketiyle ortakl\u0131k kurar<span class=\"excerpt-hellip\"> [\u2026]<\/span><\/p>\n","protected":false},"featured_media":0,"template":"","meta":{"_monsterinsights_skip_tracking":false,"_monsterinsights_sitenote_active":false,"_monsterinsights_sitenote_note":"","_monsterinsights_sitenote_category":0},"product_brand":[],"product_cat":[12312,12304],"product_tag":[],"class_list":{"0":"post-710559","1":"product","2":"type-product","3":"status-publish","5":"product_cat-diger","6":"product_cat-tarih","7":"pa_cilt-ciltsiz","8":"pa_tur-kitap","9":"pa_yayinevi-kaynak-yayinlari","10":"pa_yazar-li-qingxin","12":"first","13":"instock","14":"sale","15":"shipping-taxable","16":"purchasable","17":"product-type-simple"},"_links":{"self":[{"href":"https:\/\/roveyayinevi.com.tr\/index.php\/wp-json\/wp\/v2\/product\/710559","targetHints":{"allow":["GET"]}}],"collection":[{"href":"https:\/\/roveyayinevi.com.tr\/index.php\/wp-json\/wp\/v2\/product"}],"about":[{"href":"https:\/\/roveyayinevi.com.tr\/index.php\/wp-json\/wp\/v2\/types\/product"}],"wp:attachment":[{"href":"https:\/\/roveyayinevi.com.tr\/index.php\/wp-json\/wp\/v2\/media?parent=710559"}],"wp:term":[{"taxonomy":"product_brand","embeddable":true,"href":"https:\/\/roveyayinevi.com.tr\/index.php\/wp-json\/wp\/v2\/product_brand?post=710559"},{"taxonomy":"product_cat","embeddable":true,"href":"https:\/\/roveyayinevi.com.tr\/index.php\/wp-json\/wp\/v2\/product_cat?post=710559"},{"taxonomy":"product_tag","embeddable":true,"href":"https:\/\/roveyayinevi.com.tr\/index.php\/wp-json\/wp\/v2\/product_tag?post=710559"}],"curies":[{"name":"wp","href":"https:\/\/api.w.org\/{rel}","templated":true}]}}