{"id":710558,"date":"2025-08-27T16:37:14","date_gmt":"2025-08-27T13:37:14","guid":{"rendered":"https:\/\/roveyayinevi.com.tr\/index.php\/urun\/arkadas-2\/"},"modified":"2026-04-16T02:19:20","modified_gmt":"2026-04-15T23:19:20","slug":"arkadas-2","status":"publish","type":"product","link":"https:\/\/roveyayinevi.com.tr\/index.php\/urun\/arkadas-2\/","title":{"rendered":"Arkada\u015f"},"content":{"rendered":"<p>1975 y\u0131l\u0131nda 12. Antalya Film \u015eenli\u011fi\u2019nde En Ba\u015far\u0131l\u0131 \u0130kinci Film ve En Ba\u015far\u0131l\u0131 \u00d6zg\u00fcn M\u00fczik \u00f6d\u00fcllerini kazanan Arkada\u015f\u2019\u0131n senaryosu, Onat Kutlar\u2019\u0131n film \u00fczerine Y\u0131lmaz G\u00fcney\u2019le yapt\u0131\u011f\u0131 r\u00f6portajla birlikte.     \u201cBug\u00fcne kadar T\u00fcrk sinemas\u0131n\u0131n belli bir mant\u0131\u011f\u0131 vard\u0131. Bu mant\u0131k, dramatik bir yap\u0131y\u0131 gerektiriyordu. Bu yap\u0131ya  g\u00f6re, hik\u00e2yede birtak\u0131m tek yanl\u0131 insanlar vard\u0131. \u00d6rne\u011fin insanlar iyidir ya da k\u00f6t\u00fcd\u00fcr; k\u0131zlar vard\u0131r, sevilir; k\u0131zlar vard\u0131r  sadece k\u00f6t\u00fcl\u00fck yapar; mutlaka olumlu kahraman niteli\u011finde \u201cstar\u201d bulunur vb. Yani kal\u0131pla\u015fm\u0131\u015f kli\u015fe birtak\u0131m tipler.  Oysa biz Arkada\u015f\u2019a bakarken hayat\u0131n ak\u0131\u015f\u0131 i\u00e7inde insanlar neyi yap\u0131yorlarsa, onlar\u0131 kendi do\u011fall\u0131\u011f\u0131 i\u00e7inde yans\u0131tmaya,  bu kal\u0131plardan kurtulmaya \u00e7al\u0131\u015ft\u0131k.\u201d  (Y\u0131lmaz G\u00fcney)  \u201cArkada\u015f, 1974-75 sinema mevsiminde g\u00f6rece\u011fimiz yerli filmlerin en iyilerinden biri, belki de en iyisi\u2026 Y\u0131lmaz G\u00fcney, bu yap\u0131t\u0131nda, \u00e7a\u011fda\u015f T\u00fcrk insan\u0131n\u0131n duygu d\u00fcnyas\u0131n\u0131 ola\u011fand\u0131\u015f\u0131 inceliklerle dile getiriyor.\u201d (Selim \u0130leri) <\/p>\n","protected":false},"excerpt":{"rendered":"<p>1975 y\u0131l\u0131nda 12. Antalya Film \u015eenli\u011fi\u2019nde En Ba\u015far\u0131l\u0131 \u0130kinci Film ve En Ba\u015far\u0131l\u0131 \u00d6zg\u00fcn M\u00fczik \u00f6d\u00fcllerini kazanan Arkada\u015f\u2019\u0131n senaryosu, Onat Kutlar\u2019\u0131n film \u00fczerine Y\u0131lmaz G\u00fcney\u2019le yapt\u0131\u011f\u0131<span class=\"excerpt-hellip\"> [\u2026]<\/span><\/p>\n","protected":false},"featured_media":0,"template":"","meta":{"_monsterinsights_skip_tracking":false,"_monsterinsights_sitenote_active":false,"_monsterinsights_sitenote_note":"","_monsterinsights_sitenote_category":0},"product_brand":[],"product_cat":[12409,12408],"product_tag":[],"class_list":{"0":"post-710558","1":"product","2":"type-product","3":"status-publish","5":"product_cat-fotograf-sinema-tiyatro","6":"product_cat-sanat","7":"pa_cilt-ciltsiz","8":"pa_tur-kitap","9":"pa_yayinevi-ithaki-yayinlari","10":"pa_yazar-yilmaz-guney","12":"first","13":"instock","14":"sale","15":"shipping-taxable","16":"purchasable","17":"product-type-simple"},"_links":{"self":[{"href":"https:\/\/roveyayinevi.com.tr\/index.php\/wp-json\/wp\/v2\/product\/710558","targetHints":{"allow":["GET"]}}],"collection":[{"href":"https:\/\/roveyayinevi.com.tr\/index.php\/wp-json\/wp\/v2\/product"}],"about":[{"href":"https:\/\/roveyayinevi.com.tr\/index.php\/wp-json\/wp\/v2\/types\/product"}],"wp:attachment":[{"href":"https:\/\/roveyayinevi.com.tr\/index.php\/wp-json\/wp\/v2\/media?parent=710558"}],"wp:term":[{"taxonomy":"product_brand","embeddable":true,"href":"https:\/\/roveyayinevi.com.tr\/index.php\/wp-json\/wp\/v2\/product_brand?post=710558"},{"taxonomy":"product_cat","embeddable":true,"href":"https:\/\/roveyayinevi.com.tr\/index.php\/wp-json\/wp\/v2\/product_cat?post=710558"},{"taxonomy":"product_tag","embeddable":true,"href":"https:\/\/roveyayinevi.com.tr\/index.php\/wp-json\/wp\/v2\/product_tag?post=710558"}],"curies":[{"name":"wp","href":"https:\/\/api.w.org\/{rel}","templated":true}]}}