{"id":710557,"date":"2025-08-27T16:37:14","date_gmt":"2025-08-27T13:37:14","guid":{"rendered":"https:\/\/roveyayinevi.com.tr\/index.php\/urun\/din-ve-psikiyatri\/"},"modified":"2026-04-16T02:19:20","modified_gmt":"2026-04-15T23:19:20","slug":"din-ve-psikiyatri","status":"publish","type":"product","link":"https:\/\/roveyayinevi.com.tr\/index.php\/urun\/din-ve-psikiyatri\/","title":{"rendered":"Din ve Psikiyatri"},"content":{"rendered":"<p>\u00d6l\u00fcme, yan\u0131p k\u00fcl olmu\u015f bir kaleden ba\u015fka bir \u015fey b\u0131rakmay\u0131n.Nikos Kazancakis\u201c\u2026varolu\u015fsal psikoterapi ile din\u00ee teselli aras\u0131nda da baz\u0131 k\u0131yaslamalar yapaca\u011f\u0131m. Bu iki yakla\u015f\u0131m\u0131n karma\u015f\u0131k, gerilimli bir ili\u015fkisi oldu\u011funa inan\u0131yorum. Bir bak\u0131ma ayn\u0131 atalara ve endi\u015felere sahip kuzenler say\u0131l\u0131rlar: insanl\u0131\u011f\u0131n do\u011fas\u0131nda bulunan umutsuzlu\u011fa \u00e7are bulmak gibi bir g\u00f6revi payla\u015f\u0131yorlar\u2026 Ama yine de temel inan\u00e7lar ve psikoterapinin belli ba\u015fl\u0131 pratik yakla\u015f\u0131mlar\u0131 ile din\u00ee tesellinin taban tabana z\u0131t oldu\u011fu da bir ger\u00e7ek.\u201d\u0130nsan neden ilahi bir varl\u0131\u011fa inanma ihtiyac\u0131 hisseder? \u00d6l\u00fcm neden korkutucudur ve insan\u0131 din\u00ee teselliye iter? Din ve psikiyatri insan ruhuna nas\u0131l dokunur?2000 y\u0131l\u0131nda Amerikan Psikiyatri Birli\u011fi\u2019nin Oskar Pfister \u00d6d\u00fcl\u00fc\u2019ne lay\u0131k g\u00f6rd\u00fc\u011f\u00fc Irvin Yalom\u2019un \u00f6d\u00fcl al\u0131rken yapt\u0131\u011f\u0131 konu\u015fmay\u0131 i\u00e7eren bu kitap, hemen her insan\u0131n zihnini kurcalayan sorulara yan\u0131tlar sunuyor. \u201cPsikoterapiye ilgi duyan genel okur i\u00e7in Irvin D. Yalom\u2019dan daha ilgin\u00e7 bir yazar olamaz. Aralar\u0131nda Nietzsche A\u011flad\u0131\u011f\u0131nda roman\u0131 da bulunan on be\u015f kurgu ve kurgu d\u0131\u015f\u0131 kitab\u0131n yazar\u0131 olan Yalom, bir psikiyatr ve terapist oldu\u011fu kadar yetenekli bir hik\u00e2ye anlat\u0131c\u0131s\u0131d\u0131r.\u201dHeather C. Liston <\/p>\n","protected":false},"excerpt":{"rendered":"<p>\u00d6l\u00fcme, yan\u0131p k\u00fcl olmu\u015f bir kaleden ba\u015fka bir \u015fey b\u0131rakmay\u0131n.Nikos Kazancakis\u201c\u2026varolu\u015fsal psikoterapi ile din\u00ee teselli aras\u0131nda da baz\u0131 k\u0131yaslamalar yapaca\u011f\u0131m. Bu iki yakla\u015f\u0131m\u0131n karma\u015f\u0131k, gerilimli bir<span class=\"excerpt-hellip\"> [\u2026]<\/span><\/p>\n","protected":false},"featured_media":0,"template":"","meta":{"_monsterinsights_skip_tracking":false,"_monsterinsights_sitenote_active":false,"_monsterinsights_sitenote_note":"","_monsterinsights_sitenote_category":0},"product_brand":[],"product_cat":[13772,12364],"product_tag":[],"class_list":{"0":"post-710557","1":"product","2":"type-product","3":"status-publish","5":"product_cat-basvuru-kitaplari","6":"product_cat-genel-konular","7":"pa_cilt-ciltsiz","8":"pa_tur-kitap","9":"pa_yayinevi-pegasus-yayinlari","10":"pa_yazar-irvin-d-yalom","12":"first","13":"instock","14":"sale","15":"shipping-taxable","16":"purchasable","17":"product-type-simple"},"_links":{"self":[{"href":"https:\/\/roveyayinevi.com.tr\/index.php\/wp-json\/wp\/v2\/product\/710557","targetHints":{"allow":["GET"]}}],"collection":[{"href":"https:\/\/roveyayinevi.com.tr\/index.php\/wp-json\/wp\/v2\/product"}],"about":[{"href":"https:\/\/roveyayinevi.com.tr\/index.php\/wp-json\/wp\/v2\/types\/product"}],"wp:attachment":[{"href":"https:\/\/roveyayinevi.com.tr\/index.php\/wp-json\/wp\/v2\/media?parent=710557"}],"wp:term":[{"taxonomy":"product_brand","embeddable":true,"href":"https:\/\/roveyayinevi.com.tr\/index.php\/wp-json\/wp\/v2\/product_brand?post=710557"},{"taxonomy":"product_cat","embeddable":true,"href":"https:\/\/roveyayinevi.com.tr\/index.php\/wp-json\/wp\/v2\/product_cat?post=710557"},{"taxonomy":"product_tag","embeddable":true,"href":"https:\/\/roveyayinevi.com.tr\/index.php\/wp-json\/wp\/v2\/product_tag?post=710557"}],"curies":[{"name":"wp","href":"https:\/\/api.w.org\/{rel}","templated":true}]}}