{"id":710553,"date":"2025-08-27T16:37:12","date_gmt":"2025-08-27T13:37:12","guid":{"rendered":"https:\/\/roveyayinevi.com.tr\/index.php\/urun\/hokul-atolye-cocukevi-deneyim-paylasimi-2003-2017\/"},"modified":"2026-04-16T02:19:20","modified_gmt":"2026-04-15T23:19:20","slug":"hokul-atolye-cocukevi-deneyim-paylasimi-2003-2017","status":"publish","type":"product","link":"https:\/\/roveyayinevi.com.tr\/index.php\/urun\/hokul-atolye-cocukevi-deneyim-paylasimi-2003-2017\/","title":{"rendered":"Hokul &#8211; At\u00f6lye \u00c7ocukevi Deneyim Payla\u015f\u0131m\u0131 (2003-2017)"},"content":{"rendered":"<p>Hokul, bir deneyim payla\u015f\u0131m kitab\u0131\u20262003 y\u0131l\u0131nda a\u00e7\u0131lan At\u00f6lye \u00c7ocukevi\u2019nin 2017\u2019ye kadarki d\u00f6nemini payla\u015fan, anlatan, aktaran bir kitap\u2026 At\u00f6lye \u00c7ocukevi\u2019nin kurucusu Ba\u015fak Kerimo\u011flu\u2019nun projesi olan bu kitap, pek \u00e7ok farkl\u0131 kat\u0131l\u0131mc\u0131n\u0131n yaz\u0131lar\u0131yla dile geldi; Se\u00e7il Yersel\u2019in harika foto\u011fraflar\u0131yla renklendi.   \u201c14 y\u0131ll\u0131k bir deneyimin birikimini payla\u015fmak istiyoruz sizlerle.\u0130\u00e7ine gelen her \u00e7ocukla her \u00f6\u011fretmenler ve her anne babayla g\u00fczelle\u015fen, t\u00fcn anlar\u0131 capcanl\u0131, taptaze, umutlu ve keyifli olan.   Buradaki bizim kendi \u00f6rne\u011fimiz\u2026 \u0130lham vermesi, belki \u00e7ocu\u011fundan ilk defa ayr\u0131lacak olan anne babalara \u2018Anaokulu nas\u0131l bir\u015feydir\u2019i g\u00f6sterip rahatlatmas\u0131 ve bu ya\u015f d\u00f6nemindeki \u00e7ocuklar\u0131n vaktini payla\u015fan ister anne baba olsun ister e\u011fitimci her yeti\u015fkinin, payla\u015ft\u0131\u011f\u0131 her an\u0131n k\u0131ymetini hep akl\u0131nda tutabilmesi dile\u011fiyle\u2026\u201d         Ba\u015fak Kerimo\u011flu (Hokul kitab\u0131ndaki yaz\u0131s\u0131) <\/p>\n","protected":false},"excerpt":{"rendered":"<p>Hokul, bir deneyim payla\u015f\u0131m kitab\u0131\u20262003 y\u0131l\u0131nda a\u00e7\u0131lan At\u00f6lye \u00c7ocukevi\u2019nin 2017\u2019ye kadarki d\u00f6nemini payla\u015fan, anlatan, aktaran bir kitap\u2026 At\u00f6lye \u00c7ocukevi\u2019nin kurucusu Ba\u015fak Kerimo\u011flu\u2019nun projesi olan bu kitap,<span class=\"excerpt-hellip\"> [\u2026]<\/span><\/p>\n","protected":false},"featured_media":0,"template":"","meta":{"_monsterinsights_skip_tracking":false,"_monsterinsights_sitenote_active":false,"_monsterinsights_sitenote_note":"","_monsterinsights_sitenote_category":0},"product_brand":[],"product_cat":[26509,13365],"product_tag":[],"class_list":{"0":"post-710553","1":"product","2":"type-product","3":"status-publish","5":"product_cat-cocuk-gelisimi","6":"product_cat-saglik","7":"pa_cilt-ciltsiz","8":"pa_tur-kitap","9":"pa_yayinevi-potikare-yayincilik","10":"pa_yazar-basak-kerimoglu","12":"first","13":"instock","14":"sale","15":"shipping-taxable","16":"purchasable","17":"product-type-simple"},"_links":{"self":[{"href":"https:\/\/roveyayinevi.com.tr\/index.php\/wp-json\/wp\/v2\/product\/710553","targetHints":{"allow":["GET"]}}],"collection":[{"href":"https:\/\/roveyayinevi.com.tr\/index.php\/wp-json\/wp\/v2\/product"}],"about":[{"href":"https:\/\/roveyayinevi.com.tr\/index.php\/wp-json\/wp\/v2\/types\/product"}],"wp:attachment":[{"href":"https:\/\/roveyayinevi.com.tr\/index.php\/wp-json\/wp\/v2\/media?parent=710553"}],"wp:term":[{"taxonomy":"product_brand","embeddable":true,"href":"https:\/\/roveyayinevi.com.tr\/index.php\/wp-json\/wp\/v2\/product_brand?post=710553"},{"taxonomy":"product_cat","embeddable":true,"href":"https:\/\/roveyayinevi.com.tr\/index.php\/wp-json\/wp\/v2\/product_cat?post=710553"},{"taxonomy":"product_tag","embeddable":true,"href":"https:\/\/roveyayinevi.com.tr\/index.php\/wp-json\/wp\/v2\/product_tag?post=710553"}],"curies":[{"name":"wp","href":"https:\/\/api.w.org\/{rel}","templated":true}]}}