{"id":710551,"date":"2025-08-27T16:37:11","date_gmt":"2025-08-27T13:37:11","guid":{"rendered":"https:\/\/roveyayinevi.com.tr\/index.php\/urun\/aydinlarin-ihaneti\/"},"modified":"2026-04-16T02:19:20","modified_gmt":"2026-04-15T23:19:20","slug":"aydinlarin-ihaneti","status":"publish","type":"product","link":"https:\/\/roveyayinevi.com.tr\/index.php\/urun\/aydinlarin-ihaneti\/","title":{"rendered":"Ayd\u0131nlar\u0131n \u0130haneti"},"content":{"rendered":"<p>Bat\u0131\u2019da Ayd\u0131nlar hakk\u0131nda ilk kapsaml\u0131 ele\u015ftiri XX. y\u00fczy\u0131l\u0131n ba\u015flar\u0131nda Julien Benda\u2019dan gelir. Benda\u2019ya g\u00f6re, ayd\u0131nlar\u0131n hakikat duygusu art\u0131k zay\u0131flam\u0131\u015ft\u0131r. Onlar, \u015fimdilerde siyasi ihtiraslar\u0131n g\u00fcd\u00fcm\u00fcndedirler. \u0130ktidar\u0131n muhalif g\u00f6r\u00fcnen s\u00f6zc\u00fcleridir. Esasen kendi gruplar\u0131n\u0131n \u00e7\u0131karlar\u0131n\u0131 kollamak ad\u0131na da sonsuz bir kin ve nefret duyarlar.\u201cBenda\u2019n\u0131n tan\u0131m\u0131na g\u00f6re ger\u00e7ek ayd\u0131nlar kaz\u0131\u011fa ba\u011flan\u0131p yak\u0131lma, s\u00fcrg\u00fcne g\u00f6nderilme, \u00e7arm\u0131ha gerilme riskine girmek durumundad\u0131rlar. Bu y\u00fczden de say\u0131lar\u0131 \u00e7ok olamaz, geli\u015fimleri belli bir rutine ba\u011fl\u0131 olamaz&#8230; Benda\u2019n\u0131n tasarlad\u0131\u011f\u0131 bi\u00e7imiyle ger\u00e7ek ayd\u0131n imgesinin h\u00e2l\u00e2 \u00e7ekici ve g\u00fc\u00e7l\u00fc bir imge oldu\u011funa benim \u015f\u00fcphem yok.\u201d Edward W. Said, Entelekt\u00fcel \u201cBenda\u2019n\u0131n anlatt\u0131\u011f\u0131 entelekt\u00fceller alel\u00e2de insanlar ya da s\u0131radan okumu\u015flar gibi maddi kazan\u00e7la ilgilenmezler. \u015eahsi \u00e7\u0131kar pe\u015finde ko\u015fmak, ikbal ve mevki gayreti i\u00e7inde olmak onlar\u0131n i\u015fi de\u011fildir. Onlar siyasal iktidar\u0131n yak\u0131n\u0131 olmak i\u00e7in el etek \u00f6pmezler. G\u00fc\u00e7l\u00fcn\u00fcn uydusu de\u011fil, zay\u0131f\u0131n savunucusudurlar. Zengin sofralar\u0131ndan yemlenmek i\u00e7in \u015faklabanl\u0131k yaparak kral\u0131n soytar\u0131s\u0131 rol\u00fcne soyunmazlar&#8230; Siyasal iktidar\u0131n kusurlar\u0131n\u0131, otoriteyi k\u00f6t\u00fcye kullanmas\u0131n\u0131 k\u0131narlar ve bunu topluma hayk\u0131r\u0131rlar. Onlar, iktidar\u0131n hizmetlisi de\u011fildir. &#8230;Onlar sat\u0131l\u0131k de\u011fildir, kalemlerini de \u00f6d\u00fcn\u00e7 vermezler. \u0130\u015fte, bu kabilden \u00f6zelliklerle bezedi\u011fi entelekt\u00fcellerin d\u00f6nemin siyasi geli\u015fmeleri kar\u015f\u0131s\u0131nda ilkesiz davran\u0131\u015flar\u0131n\u0131n yaratt\u0131\u011f\u0131 infialle Benda s\u00f6z\u00fcn\u00fc esirgememi\u015f ve \u2018ayd\u0131n ihanetinden\u2019 s\u00f6z edebilmi\u015ftir.\u201d Nur Vergin, Do\u011fu Bat\u0131, Entelekt\u00fceller-III<\/p>\n","protected":false},"excerpt":{"rendered":"<p>Bat\u0131\u2019da Ayd\u0131nlar hakk\u0131nda ilk kapsaml\u0131 ele\u015ftiri XX. y\u00fczy\u0131l\u0131n ba\u015flar\u0131nda Julien Benda\u2019dan gelir. Benda\u2019ya g\u00f6re, ayd\u0131nlar\u0131n hakikat duygusu art\u0131k zay\u0131flam\u0131\u015ft\u0131r. Onlar, \u015fimdilerde siyasi ihtiraslar\u0131n g\u00fcd\u00fcm\u00fcndedirler. \u0130ktidar\u0131n muhalif<span class=\"excerpt-hellip\"> [\u2026]<\/span><\/p>\n","protected":false},"featured_media":0,"template":"","meta":{"_monsterinsights_skip_tracking":false,"_monsterinsights_sitenote_active":false,"_monsterinsights_sitenote_note":"","_monsterinsights_sitenote_category":0},"product_brand":[],"product_cat":[13590,12337],"product_tag":[],"class_list":{"0":"post-710551","1":"product","2":"type-product","3":"status-publish","5":"product_cat-arastirma-inceleme-politika-siyaset","6":"product_cat-politika-siyaset","7":"pa_cilt-ciltsiz","8":"pa_tur-kitap","9":"pa_yayinevi-dogu-bati-yayinlari","10":"pa_yazar-julien-benda","12":"first","13":"instock","14":"sale","15":"shipping-taxable","16":"purchasable","17":"product-type-simple"},"_links":{"self":[{"href":"https:\/\/roveyayinevi.com.tr\/index.php\/wp-json\/wp\/v2\/product\/710551","targetHints":{"allow":["GET"]}}],"collection":[{"href":"https:\/\/roveyayinevi.com.tr\/index.php\/wp-json\/wp\/v2\/product"}],"about":[{"href":"https:\/\/roveyayinevi.com.tr\/index.php\/wp-json\/wp\/v2\/types\/product"}],"wp:attachment":[{"href":"https:\/\/roveyayinevi.com.tr\/index.php\/wp-json\/wp\/v2\/media?parent=710551"}],"wp:term":[{"taxonomy":"product_brand","embeddable":true,"href":"https:\/\/roveyayinevi.com.tr\/index.php\/wp-json\/wp\/v2\/product_brand?post=710551"},{"taxonomy":"product_cat","embeddable":true,"href":"https:\/\/roveyayinevi.com.tr\/index.php\/wp-json\/wp\/v2\/product_cat?post=710551"},{"taxonomy":"product_tag","embeddable":true,"href":"https:\/\/roveyayinevi.com.tr\/index.php\/wp-json\/wp\/v2\/product_tag?post=710551"}],"curies":[{"name":"wp","href":"https:\/\/api.w.org\/{rel}","templated":true}]}}