{"id":710550,"date":"2025-08-27T16:37:10","date_gmt":"2025-08-27T13:37:10","guid":{"rendered":"https:\/\/roveyayinevi.com.tr\/index.php\/urun\/bati-felsefesi-tarihi\/"},"modified":"2026-04-16T02:19:20","modified_gmt":"2026-04-15T23:19:20","slug":"bati-felsefesi-tarihi","status":"publish","type":"product","link":"https:\/\/roveyayinevi.com.tr\/index.php\/urun\/bati-felsefesi-tarihi\/","title":{"rendered":"Bat\u0131 Felsefesi Tarihi"},"content":{"rendered":"<p>Bat\u0131 Felsefesi Tarihi, felsefeye yeni ba\u015flayanlar i\u00e7in yaz\u0131lm\u0131\u015f bir kitap de\u011fildir; \u00fcstelik bu tarz el kitaplar\u0131n\u0131n faydal\u0131 olabilece\u011fi \u015f\u00fcphelidir. Kapitalist k\u00fclt\u00fcr \u201cdoksan dakikada felsefe\u201d mant\u0131\u011f\u0131yla felsefe tarihinin anla\u015f\u0131laca\u011f\u0131 iyimserli\u011fini yarat\u0131r. Oysa felsefeyi \u00f6ncelikle \u201cakl\u0131n kurnazl\u0131k\u201dlar\u0131ndan uzak tutmak gerekir.Tubbs, \u2018standart\u2019 felsefe tarihi kitaplar\u0131ndan farkl\u0131 bir yakla\u015f\u0131m geli\u015ftirir. Basit ansiklopedik bilgileri aktarman\u0131n \u00f6tesinde zorlu bir terminolojinin i\u00e7ine dalar. Tubbs, Bat\u0131 felsefesinin yan\u0131lg\u0131ya dayanan tarihini Sokrates ve Platon\u2019dan ba\u015flat\u0131yor; ancak bu filozoflar\u0131n d\u00fc\u015f\u00fcnceleri ister istemez Sokrates \u00f6ncesine de de\u011finmeyi gerekli k\u0131l\u0131yor. Tubbs\u2019a g\u00f6re, Aristoteles ve sonraki d\u00f6nem Yunan felsefesiyle s\u00fcren \u00f6yk\u00fcn\u00fcn en \u00f6nemli d\u00f6neme\u00e7lerinden birisi, \u0130sl\u00e2m ve H\u0131ristiyan d\u00fcnyas\u0131n\u0131n dinsel etkiler alt\u0131ndaki felsefelerinin y\u00f6nelimlerini belirleyen Plotinos\u2019tur. Plotinos\u2019un ve di\u011fer Yeni Platoncu filozoflar\u0131n Orta\u00e7a\u011f H\u0131ristiyan, \u0130sl\u00e2m ve Yahudi felsefeleri \u00fczerindeki etkilerini yan\u0131lg\u0131 k\u00fclt\u00fcr\u00fcn\u00fcn \u00f6yk\u00fcs\u00fcndeki en \u00e7arp\u0131c\u0131 g\u00f6r\u00fcn\u00fcmler olarak d\u00fc\u015f\u00fcnen Tubbs, modern d\u00f6nem ve g\u00fcn\u00fcm\u00fcz felsefesini de ayn\u0131 yan\u0131lg\u0131 k\u00fclt\u00fcr\u00fcn\u00fcn i\u00e7ine al\u0131yor. Descartes, Spinoza, Leibniz ve Locke ile s\u00fcren \u00f6yk\u00fc, Kant, Hegel ve Marx \u00fczerinden Adorno, Habermas, Kierkegaard, Nietzsche, Heidegger ve Derrida\u2019ya kadar uzan\u0131yor. Bat\u0131 felsefesi tarihini usun ger\u00e7ekli\u011fi d\u00fc\u015f\u00fcn\u00fcrken yan\u0131lg\u0131lara d\u00fc\u015fme, yanl\u0131\u015f tan\u0131ma olarak okudu\u011funu s\u00f6yleyen Tubbs, Bat\u0131 felsefesinin \u00f6yk\u00fcs\u00fc boyunca Tanr\u0131 ve insan, ya\u015fam ve \u00f6l\u00fcm ili\u015fkilerini bu yan\u0131lg\u0131 k\u00fclt\u00fcr\u00fcn\u00fcn kurucu \u00f6geleri olarak belirliyor. <\/p>\n","protected":false},"excerpt":{"rendered":"<p>Bat\u0131 Felsefesi Tarihi, felsefeye yeni ba\u015flayanlar i\u00e7in yaz\u0131lm\u0131\u015f bir kitap de\u011fildir; \u00fcstelik bu tarz el kitaplar\u0131n\u0131n faydal\u0131 olabilece\u011fi \u015f\u00fcphelidir. Kapitalist k\u00fclt\u00fcr \u201cdoksan dakikada felsefe\u201d mant\u0131\u011f\u0131yla felsefe<span class=\"excerpt-hellip\"> [\u2026]<\/span><\/p>\n","protected":false},"featured_media":0,"template":"","meta":{"_monsterinsights_skip_tracking":false,"_monsterinsights_sitenote_active":false,"_monsterinsights_sitenote_note":"","_monsterinsights_sitenote_category":0},"product_brand":[],"product_cat":[12388,14717],"product_tag":[],"class_list":{"0":"post-710550","1":"product","2":"type-product","3":"status-publish","5":"product_cat-felsefe","6":"product_cat-felsefe-tarihi","7":"pa_cilt-ciltsiz","8":"pa_tur-kitap","9":"pa_yayinevi-dogu-bati-yayinlari","10":"pa_yazar-nigel-tubbs","12":"first","13":"instock","14":"sale","15":"shipping-taxable","16":"purchasable","17":"product-type-simple"},"_links":{"self":[{"href":"https:\/\/roveyayinevi.com.tr\/index.php\/wp-json\/wp\/v2\/product\/710550","targetHints":{"allow":["GET"]}}],"collection":[{"href":"https:\/\/roveyayinevi.com.tr\/index.php\/wp-json\/wp\/v2\/product"}],"about":[{"href":"https:\/\/roveyayinevi.com.tr\/index.php\/wp-json\/wp\/v2\/types\/product"}],"wp:attachment":[{"href":"https:\/\/roveyayinevi.com.tr\/index.php\/wp-json\/wp\/v2\/media?parent=710550"}],"wp:term":[{"taxonomy":"product_brand","embeddable":true,"href":"https:\/\/roveyayinevi.com.tr\/index.php\/wp-json\/wp\/v2\/product_brand?post=710550"},{"taxonomy":"product_cat","embeddable":true,"href":"https:\/\/roveyayinevi.com.tr\/index.php\/wp-json\/wp\/v2\/product_cat?post=710550"},{"taxonomy":"product_tag","embeddable":true,"href":"https:\/\/roveyayinevi.com.tr\/index.php\/wp-json\/wp\/v2\/product_tag?post=710550"}],"curies":[{"name":"wp","href":"https:\/\/api.w.org\/{rel}","templated":true}]}}